{"id":3472,"date":"2025-03-31T22:31:44","date_gmt":"2025-04-01T01:31:44","guid":{"rendered":"https:\/\/iscuruzucuatia-crr.infd.edu.ar\/sitio\/?page_id=3472"},"modified":"2025-10-15T20:02:28","modified_gmt":"2025-10-15T23:02:28","slug":"tecnicatura-superior-en-turismo","status":"publish","type":"page","link":"https:\/\/iscuruzucuatia-crr.infd.edu.ar\/sitio\/carreras\/tecnicaturas\/tecnicatura-superior-en-turismo\/","title":{"rendered":"Tecnicatura Superior en Turismo"},"content":{"rendered":"<div style=\"font-family: 'Ubuntu',sans-serif; font-size: 1rem;\">\n<h1 style=\"font-size: 2.5rem; color: #1d4197; text-align: center;\">TECNICATURA SUPERIOR EN TURISMO<\/h1>\n<ul>\n<li><strong style=\"color: #1d4197;\"> NORMATIVA: <\/strong><a href=\"http:\/\/www.dgescorrientes.net\/\">1053\/15<\/a><\/li>\n<li><strong style=\"color: #1d4197;\"> T\u00cdTULO A OTORGAR: <\/strong> T\u00e9cnico\/a Superior en Turismo<\/li>\n<li><strong style=\"color: #1d4197;\"> DURACI\u00d3N: <\/strong> 3 a\u00f1os<\/li>\n<li><strong style=\"color: #1d4197;\"> HORAS C\u00c1TEDRA: <\/strong> horas<\/li>\n<li><strong style=\"color: #1d4197;\"> UNIDADES CURRICULARES: <\/strong> 28<\/li>\n<li><strong style=\"color: #1d4197;\"> COORDINADOR:\u00a0<\/strong>Prof. Georgina Alejandra Oliva Morales<\/li>\n<li><strong style=\"color: #1d4197;\"> PERFIL DEL PROFESIONAL: <\/strong> El T\u00e9cnico Superior en Turismo estar\u00e1 capacitado para desempe\u00f1arse en las actividades propias de una empresa de car\u00e1cter tur\u00edstico, como agencias de viaje, compa\u00f1\u00edas a\u00e9reas, agencias de informaci\u00f3n tur\u00edstica, empresas encargadas de acontecimientos programados. Actuar como id\u00f3neo profesional responsable de una empresa de turismo. Planificar, organizar viajes y excursiones, intervenir en la reserva y emisi\u00f3n de pasajes. Confeccionar tarifas, efectuar reservas, contratar y comercializar servicios tur\u00edsticos locales, nacionales e internacionales.<\/li>\n<\/ul>\n<p><strong style=\"font-size: 2rem; color: #1d4197;\"> PLAN DE ESTUDIO <\/strong><a style=\"cursor: pointer; color: #fff; background-color: #1d4197; border-color: #1D4197; padding: .375rem .75rem; border-radius: .25rem;\" href=\"https:\/\/iscuruzucuatia-crr.infd.edu.ar\/sitio\/wp-content\/uploads\/2022\/12\/Tecnicatura-Superior-en-Turismo.pdf\">descargar<\/a><\/p>\n<table style=\"font-size: 1.6vw; border: 1pt solid #1d4197; border-bottom-width: 5pt; vertical-align: middle;\">\n<tbody>\n<tr style=\"text-align: center;\">\n<th style=\"text-align: center !important; font-size: 16pt; color: #ffffff; background-color: #1d4197;\" colspan=\"5\" rowspan=\"1\"><strong>1\u00ba a\u00f1o<\/strong><\/th>\n<\/tr>\n<tr style=\"color: #1d4197; font-weight: bolder; padding: 5pt 5pt 5pt 5pt; background-color: #6fa8dc;\">\n<th style=\"border: none; border-top: 1px solid #1d4197; text-align: center;\"><\/th>\n<th style=\"border: none; border-top: 1px solid #1d4197; font-size: larger;\"><strong>Unidad curricular<\/strong><\/th>\n<th style=\"border: none; border-top: 1px solid #1d4197; font-size: larger; text-align: center;\"><strong>R\u00e9gimen<\/strong><\/th>\n<th style=\"border: none; border-top: 1px solid #1d4197; font-size: larger; text-align: center;\"><strong>Formato<\/strong><\/th>\n<th style=\"border: none; border-top: 1px solid #1d4197; font-size: larger; text-align: center;\"><strong>Horas<br \/>\nDid\u00e1cticas<\/strong><\/th>\n<\/tr>\n<tr style=\"background-color: #cfe2f3; color: #1d4197;\">\n<td style=\"border: none; border-top: 1px solid #1d4197; text-align: center;\">1<\/td>\n<td style=\"border: none; border-top: 1px solid #1d4197; text-align: left;\">Introducci\u00f3n al Turismo<\/td>\n<td style=\"border: none; border-top: 1px solid #1d4197; text-align: center;\">Anual<\/td>\n<td style=\"border: none; border-top: 1px solid #1d4197; text-align: center;\"><\/td>\n<td style=\"border: none; border-top: 1px solid #1d4197; text-align: center;\">4 horas<\/td>\n<\/tr>\n<tr style=\"background-color: #cfe2f3; color: #1d4197;\">\n<td style=\"border: none; border-top: 1px solid #1d4197; text-align: center;\">2<\/td>\n<td style=\"border: none; border-top: 1px solid #1d4197; text-align: left;\">Ingl\u00e9s I<\/td>\n<td style=\"border: none; border-top: 1px solid #1d4197; text-align: center;\">Anual<\/td>\n<td style=\"border: none; border-top: 1px solid #1d4197; text-align: center;\"><\/td>\n<td style=\"border: none; border-top: 1px solid #1d4197; text-align: center;\">4 horas<\/td>\n<\/tr>\n<tr style=\"background-color: #cfe2f3; color: #1d4197;\">\n<td style=\"border: none; border-top: 1px solid #1d4197; text-align: center;\">3<\/td>\n<td style=\"border: none; border-top: 1px solid #1d4197; text-align: left;\">Problemas Antropol\u00f3gicos Contempor\u00e1neos<\/td>\n<td style=\"border: none; border-top: 1px solid #1d4197; text-align: center;\">Cuatrimestral<\/td>\n<td style=\"border: none; border-top: 1px solid #1d4197; text-align: center;\"><\/td>\n<td style=\"border: none; border-top: 1px solid #1d4197; text-align: center;\">5 horas<\/td>\n<\/tr>\n<tr style=\"background-color: #cfe2f3; color: #1d4197;\">\n<td style=\"border: none; border-top: 1px solid #1d4197; text-align: center;\">4<\/td>\n<td style=\"border: none; border-top: 1px solid #1d4197; text-align: left;\">Geograf\u00eda Tur\u00edstica Argentina<\/td>\n<td style=\"border: none; border-top: 1px solid #1d4197; text-align: center;\">Anual<\/td>\n<td style=\"border: none; border-top: 1px solid #1d4197; text-align: center;\"><\/td>\n<td style=\"border: none; border-top: 1px solid #1d4197; text-align: center;\">4 horas<\/td>\n<\/tr>\n<tr style=\"background-color: #cfe2f3; color: #1d4197;\">\n<td style=\"border: none; border-top: 1px solid #1d4197; text-align: center;\">5<\/td>\n<td style=\"border: none; border-top: 1px solid #1d4197; text-align: left;\">Historia Argentina y Patrimonio Cultural<\/td>\n<td style=\"border: none; border-top: 1px solid #1d4197; text-align: center;\">Anual<\/td>\n<td style=\"border: none; border-top: 1px solid #1d4197; text-align: center;\"><\/td>\n<td style=\"border: none; border-top: 1px solid #1d4197; text-align: center;\">4 horas<\/td>\n<\/tr>\n<tr style=\"background-color: #cfe2f3; color: #1d4197;\">\n<td style=\"border: none; border-top: 1px solid #1d4197; text-align: center;\">6<\/td>\n<td style=\"border: none; border-top: 1px solid #1d4197; text-align: left;\">Inform\u00e1tica Aplicada<\/td>\n<td style=\"border: none; border-top: 1px solid #1d4197; text-align: center;\">Cuatrimestral<\/td>\n<td style=\"border: none; border-top: 1px solid #1d4197; text-align: center;\"><\/td>\n<td style=\"border: none; border-top: 1px solid #1d4197; text-align: center;\">5 horas<\/td>\n<\/tr>\n<tr style=\"background-color: #cfe2f3; color: #1d4197;\">\n<td style=\"border: none; border-top: 1px solid #1d4197; text-align: center;\">7<\/td>\n<td style=\"border: none; border-top: 1px solid #1d4197; text-align: left;\">Agencias de Viajes<\/td>\n<td style=\"border: none; border-top: 1px solid #1d4197; text-align: center;\">Cuatrimestral<\/td>\n<td style=\"border: none; border-top: 1px solid #1d4197; text-align: center;\"><\/td>\n<td style=\"border: none; border-top: 1px solid #1d4197; text-align: center;\">5 horas<\/td>\n<\/tr>\n<tr style=\"background-color: #cfe2f3; color: #1d4197;\">\n<td style=\"border: none; border-top: 1px solid #1d4197; text-align: center;\">8<\/td>\n<td style=\"border: none; border-top: 1px solid #1d4197; text-align: left;\">Portugu\u00e9s I<\/td>\n<td style=\"border: none; border-top: 1px solid #1d4197; text-align: center;\">Anual<\/td>\n<td style=\"border: none; border-top: 1px solid #1d4197; text-align: center;\"><\/td>\n<td style=\"border: none; border-top: 1px solid #1d4197; text-align: center;\">4 horas<\/td>\n<\/tr>\n<tr style=\"background-color: #cfe2f3; color: #1d4197;\">\n<td style=\"border: none; border-top: 1px solid #1d4197; text-align: center;\">9<\/td>\n<td style=\"border: none; border-top: 1px solid #1d4197; text-align: left;\">Pr\u00e1ctica Profesionalizante I<\/td>\n<td style=\"border: none; border-top: 1px solid #1d4197; text-align: center;\">Cuatrimestral<\/td>\n<td style=\"border: none; border-top: 1px solid #1d4197; text-align: center;\"><\/td>\n<td style=\"border: none; border-top: 1px solid #1d4197; text-align: center;\">6 horas<\/td>\n<\/tr>\n<\/tbody>\n<\/table>\n<table style=\"font-size: 1.6vw; border: 1pt solid #1d4197; border-bottom-width: 5pt; vertical-align: middle;\">\n<tbody>\n<tr style=\"text-align: center;\">\n<th style=\"text-align: center !important; font-size: 16pt; color: #ffffff; background-color: #1d4197;\" colspan=\"5\" rowspan=\"1\"><strong>2\u00ba a\u00f1o<\/strong><\/th>\n<\/tr>\n<tr style=\"color: #1d4197; font-weight: bolder; padding: 5pt 5pt 5pt 5pt; background-color: #6fa8dc;\">\n<th style=\"border: none; border-top: 1px solid #1d4197; text-align: center;\"><\/th>\n<th style=\"border: none; border-top: 1px solid #1d4197; font-size: larger;\"><strong>Unidad curricular<\/strong><\/th>\n<th style=\"border: none; border-top: 1px solid #1d4197; font-size: larger; text-align: center;\"><strong>R\u00e9gimen<\/strong><\/th>\n<th style=\"border: none; border-top: 1px solid #1d4197; font-size: larger; text-align: center;\"><strong>Formato<\/strong><\/th>\n<th style=\"border: none; border-top: 1px solid #1d4197; font-size: larger; text-align: center;\"><strong>Horas<br \/>\nDid\u00e1cticas<\/strong><\/th>\n<\/tr>\n<tr style=\"background-color: #cfe2f3; color: #1d4197;\">\n<td style=\"border: none; border-top: 1px solid #1d4197; text-align: center;\">10<\/td>\n<td style=\"border: none; border-top: 1px solid #1d4197; text-align: left;\">Cultura y Comunicaci\u00f3n Contempor\u00e1nea<\/td>\n<td style=\"border: none; border-top: 1px solid #1d4197; text-align: center;\">Cuatrimestral<\/td>\n<td style=\"border: none; border-top: 1px solid #1d4197; text-align: center;\"><\/td>\n<td style=\"border: none; border-top: 1px solid #1d4197; text-align: center;\">5 horas<\/td>\n<\/tr>\n<tr style=\"background-color: #cfe2f3; color: #1d4197;\">\n<td style=\"border: none; border-top: 1px solid #1d4197; text-align: center;\">11<\/td>\n<td style=\"border: none; border-top: 1px solid #1d4197; text-align: left;\">Geograf\u00eda Tur\u00edstica del Nordeste<\/td>\n<td style=\"border: none; border-top: 1px solid #1d4197; text-align: center;\">Anual<\/td>\n<td style=\"border: none; border-top: 1px solid #1d4197; text-align: center;\"><\/td>\n<td style=\"border: none; border-top: 1px solid #1d4197; text-align: center;\">4 horas<\/td>\n<\/tr>\n<tr style=\"background-color: #cfe2f3; color: #1d4197;\">\n<td style=\"border: none; border-top: 1px solid #1d4197; text-align: center;\">12<\/td>\n<td style=\"border: none; border-top: 1px solid #1d4197; text-align: left;\">Hoteler\u00eda y Gastronom\u00eda<\/td>\n<td style=\"border: none; border-top: 1px solid #1d4197; text-align: center;\">Anual<\/td>\n<td style=\"border: none; border-top: 1px solid #1d4197; text-align: center;\"><\/td>\n<td style=\"border: none; border-top: 1px solid #1d4197; text-align: center;\">4 horas<\/td>\n<\/tr>\n<tr style=\"background-color: #cfe2f3; color: #1d4197;\">\n<td style=\"border: none; border-top: 1px solid #1d4197; text-align: center;\">13<\/td>\n<td style=\"border: none; border-top: 1px solid #1d4197; text-align: left;\">Historia y Patrimonio Cultural del Nordeste<\/td>\n<td style=\"border: none; border-top: 1px solid #1d4197; text-align: center;\">Anual<\/td>\n<td style=\"border: none; border-top: 1px solid #1d4197; text-align: center;\"><\/td>\n<td style=\"border: none; border-top: 1px solid #1d4197; text-align: center;\">4 horas<\/td>\n<\/tr>\n<tr style=\"background-color: #cfe2f3; color: #1d4197;\">\n<td style=\"border: none; border-top: 1px solid #1d4197; text-align: center;\">14<\/td>\n<td style=\"border: none; border-top: 1px solid #1d4197; text-align: left;\">Procesos Pol\u00edticos, Econ\u00f3micos y el Mundo del Trabajo Actual<\/td>\n<td style=\"border: none; border-top: 1px solid #1d4197; text-align: center;\">Cuatrimestral<\/td>\n<td style=\"border: none; border-top: 1px solid #1d4197; text-align: center;\"><\/td>\n<td style=\"border: none; border-top: 1px solid #1d4197; text-align: center;\">5 horas<\/td>\n<\/tr>\n<tr style=\"background-color: #cfe2f3; color: #1d4197;\">\n<td style=\"border: none; border-top: 1px solid #1d4197; text-align: center;\">15<\/td>\n<td style=\"border: none; border-top: 1px solid #1d4197; text-align: left;\">Ingl\u00e9s II<\/td>\n<td style=\"border: none; border-top: 1px solid #1d4197; text-align: center;\">Anual<\/td>\n<td style=\"border: none; border-top: 1px solid #1d4197; text-align: center;\"><\/td>\n<td style=\"border: none; border-top: 1px solid #1d4197; text-align: center;\">4 horas<\/td>\n<\/tr>\n<tr style=\"background-color: #cfe2f3; color: #1d4197;\">\n<td style=\"border: none; border-top: 1px solid #1d4197; text-align: center;\">16<\/td>\n<td style=\"border: none; border-top: 1px solid #1d4197; text-align: left;\">Portugu\u00e9s II<\/td>\n<td style=\"border: none; border-top: 1px solid #1d4197; text-align: center;\">Anual<\/td>\n<td style=\"border: none; border-top: 1px solid #1d4197; text-align: center;\"><\/td>\n<td style=\"border: none; border-top: 1px solid #1d4197; text-align: center;\">4 horas<\/td>\n<\/tr>\n<tr style=\"background-color: #cfe2f3; color: #1d4197;\">\n<td style=\"border: none; border-top: 1px solid #1d4197; text-align: center;\">17<\/td>\n<td style=\"border: none; border-top: 1px solid #1d4197; text-align: left;\">Transportes y tarifas<\/td>\n<td style=\"border: none; border-top: 1px solid #1d4197; text-align: center;\">Cuatrimestral<\/td>\n<td style=\"border: none; border-top: 1px solid #1d4197; text-align: center;\"><\/td>\n<td style=\"border: none; border-top: 1px solid #1d4197; text-align: center;\">5 horas<\/td>\n<\/tr>\n<tr style=\"background-color: #cfe2f3; color: #1d4197;\">\n<td style=\"border: none; border-top: 1px solid #1d4197; text-align: center;\">18<\/td>\n<td style=\"border: none; border-top: 1px solid #1d4197; text-align: left;\">Taller de Dise\u00f1o de Proyectos Tur\u00edsticos<\/td>\n<td style=\"border: none; border-top: 1px solid #1d4197; text-align: center;\">Cuatrimestral<\/td>\n<td style=\"border: none; border-top: 1px solid #1d4197; text-align: center;\"><\/td>\n<td style=\"border: none; border-top: 1px solid #1d4197; text-align: center;\">5 horas<\/td>\n<\/tr>\n<tr style=\"background-color: #cfe2f3; color: #1d4197;\">\n<td style=\"border: none; border-top: 1px solid #1d4197; text-align: center;\">19<\/td>\n<td style=\"border: none; border-top: 1px solid #1d4197; text-align: left;\">Pr\u00e1ctica Profesional II<\/td>\n<td style=\"border: none; border-top: 1px solid #1d4197; text-align: center;\">Anual<\/td>\n<td style=\"border: none; border-top: 1px solid #1d4197; text-align: center;\"><\/td>\n<td style=\"border: none; border-top: 1px solid #1d4197; text-align: center;\">6 horas<\/td>\n<\/tr>\n<\/tbody>\n<\/table>\n<table style=\"font-size: 1.6vw; border: 1pt solid #1d4197; border-bottom-width: 5pt; vertical-align: middle;\">\n<tbody>\n<tr style=\"text-align: center;\">\n<th style=\"text-align: center !important; font-size: 16pt; color: #ffffff; background-color: #1d4197;\" colspan=\"5\" rowspan=\"1\"><strong>3\u00ba a\u00f1o<\/strong><\/th>\n<\/tr>\n<tr style=\"color: #1d4197; font-weight: bolder; padding: 5pt 5pt 5pt 5pt; background-color: #6fa8dc;\">\n<th style=\"border: none; border-top: 1px solid #1d4197; text-align: center;\"><\/th>\n<th style=\"border: none; border-top: 1px solid #1d4197; font-size: larger;\"><strong>Unidad curricular<\/strong><\/th>\n<th style=\"border: none; border-top: 1px solid #1d4197; font-size: larger; text-align: center;\"><strong>R\u00e9gimen<\/strong><\/th>\n<th style=\"border: none; border-top: 1px solid #1d4197; font-size: larger; text-align: center;\"><strong>Formato<\/strong><\/th>\n<th style=\"border: none; border-top: 1px solid #1d4197; font-size: larger; text-align: center;\"><strong>Horas<br \/>\nDid\u00e1cticas<\/strong><\/th>\n<\/tr>\n<tr style=\"background-color: #cfe2f3; color: #1d4197;\">\n<td style=\"border: none; border-top: 1px solid #1d4197; text-align: center;\">20<\/td>\n<td style=\"border: none; border-top: 1px solid #1d4197; text-align: left;\">Ecoturismo<\/td>\n<td style=\"border: none; border-top: 1px solid #1d4197; text-align: center;\">Cuatrimestral<\/td>\n<td style=\"border: none; border-top: 1px solid #1d4197; text-align: center;\"><\/td>\n<td style=\"border: none; border-top: 1px solid #1d4197; text-align: center;\">5 horas<\/td>\n<\/tr>\n<tr style=\"background-color: #cfe2f3; color: #1d4197;\">\n<td style=\"border: none; border-top: 1px solid #1d4197; text-align: center;\">21<\/td>\n<td style=\"border: none; border-top: 1px solid #1d4197; text-align: left;\">Organizaci\u00f3n y Administraci\u00f3n de Empresas Tur\u00edsticas<\/td>\n<td style=\"border: none; border-top: 1px solid #1d4197; text-align: center;\">Anual<\/td>\n<td style=\"border: none; border-top: 1px solid #1d4197; text-align: center;\"><\/td>\n<td style=\"border: none; border-top: 1px solid #1d4197; text-align: center;\">4 horas<\/td>\n<\/tr>\n<tr style=\"background-color: #cfe2f3; color: #1d4197;\">\n<td style=\"border: none; border-top: 1px solid #1d4197; text-align: center;\">22<\/td>\n<td style=\"border: none; border-top: 1px solid #1d4197; text-align: left;\">Marketing tur\u00edstico<\/td>\n<td style=\"border: none; border-top: 1px solid #1d4197; text-align: center;\">Cuatrimestral<\/td>\n<td style=\"border: none; border-top: 1px solid #1d4197; text-align: center;\"><\/td>\n<td style=\"border: none; border-top: 1px solid #1d4197; text-align: center;\">5 horas<\/td>\n<\/tr>\n<tr style=\"background-color: #cfe2f3; color: #1d4197;\">\n<td style=\"border: none; border-top: 1px solid #1d4197; text-align: center;\">23<\/td>\n<td style=\"border: none; border-top: 1px solid #1d4197; text-align: left;\">Antropolog\u00eda Cultural Argentina y Regional<\/td>\n<td style=\"border: none; border-top: 1px solid #1d4197; text-align: center;\">Cuatrimestral<\/td>\n<td style=\"border: none; border-top: 1px solid #1d4197; text-align: center;\"><\/td>\n<td style=\"border: none; border-top: 1px solid #1d4197; text-align: center;\">5 horas<\/td>\n<\/tr>\n<tr style=\"background-color: #cfe2f3; color: #1d4197;\">\n<td style=\"border: none; border-top: 1px solid #1d4197; text-align: center;\">24<\/td>\n<td style=\"border: none; border-top: 1px solid #1d4197; text-align: left;\">Econom\u00eda tur\u00edstica<\/td>\n<td style=\"border: none; border-top: 1px solid #1d4197; text-align: center;\">Anual<\/td>\n<td style=\"border: none; border-top: 1px solid #1d4197; text-align: center;\"><\/td>\n<td style=\"border: none; border-top: 1px solid #1d4197; text-align: center;\">4 horas<\/td>\n<\/tr>\n<tr style=\"background-color: #cfe2f3; color: #1d4197;\">\n<td style=\"border: none; border-top: 1px solid #1d4197; text-align: center;\">25<\/td>\n<td style=\"border: none; border-top: 1px solid #1d4197; text-align: left;\">Legislaci\u00f3n Tur\u00edstica<\/td>\n<td style=\"border: none; border-top: 1px solid #1d4197; text-align: center;\">Anual<\/td>\n<td style=\"border: none; border-top: 1px solid #1d4197; text-align: center;\"><\/td>\n<td style=\"border: none; border-top: 1px solid #1d4197; text-align: center;\">4 horas<\/td>\n<\/tr>\n<tr style=\"background-color: #cfe2f3; color: #1d4197;\">\n<td style=\"border: none; border-top: 1px solid #1d4197; text-align: center;\">26<\/td>\n<td style=\"border: none; border-top: 1px solid #1d4197; text-align: left;\">Psicolog\u00eda social<\/td>\n<td style=\"border: none; border-top: 1px solid #1d4197; text-align: center;\">Cuatrimestral<\/td>\n<td style=\"border: none; border-top: 1px solid #1d4197; text-align: center;\"><\/td>\n<td style=\"border: none; border-top: 1px solid #1d4197; text-align: center;\">5 horas<\/td>\n<\/tr>\n<tr style=\"background-color: #cfe2f3; color: #1d4197;\">\n<td style=\"border: none; border-top: 1px solid #1d4197; text-align: center;\">27<\/td>\n<td style=\"border: none; border-top: 1px solid #1d4197; text-align: left;\">Geograf\u00eda Tur\u00edstica Mundial<\/td>\n<td style=\"border: none; border-top: 1px solid #1d4197; text-align: center;\">Anual<\/td>\n<td style=\"border: none; border-top: 1px solid #1d4197; text-align: center;\"><\/td>\n<td style=\"border: none; border-top: 1px solid #1d4197; text-align: center;\">4 horas<\/td>\n<\/tr>\n<tr style=\"background-color: #cfe2f3; color: #1d4197;\">\n<td style=\"border: none; border-top: 1px solid #1d4197; text-align: center;\">28<\/td>\n<td style=\"border: none; border-top: 1px solid #1d4197; text-align: left;\">Pr\u00e1ctica Profesional III<\/td>\n<td style=\"border: none; border-top: 1px solid #1d4197; text-align: center;\">Anual<\/td>\n<td style=\"border: none; border-top: 1px solid #1d4197; text-align: center;\"><\/td>\n<td style=\"border: none; border-top: 1px solid #1d4197; text-align: center;\">8 horas<\/td>\n<\/tr>\n<\/tbody>\n<\/table>\n<\/div>\n","protected":false},"excerpt":{"rendered":"<p>TECNICATURA SUPERIOR EN TURISMO NORMATIVA: 1053\/15 T\u00cdTULO A OTORGAR: T\u00e9cnico\/a Superior en Turismo DURACI\u00d3N: 3 a\u00f1os HORAS C\u00c1TEDRA: horas UNIDADES CURRICULARES: 28 COORDINADOR:\u00a0Prof. Georgina Alejandra Oliva Morales PERFIL DEL PROFESIONAL: El T\u00e9cnico Superior en Turismo estar\u00e1 capacitado para desempe\u00f1arse en las actividades propias de una empresa de car\u00e1cter tur\u00edstico, como agencias de viaje, compa\u00f1\u00edas a\u00e9reas, &#8230; <a title=\"Tecnicatura Superior en Turismo\" class=\"read-more\" href=\"https:\/\/iscuruzucuatia-crr.infd.edu.ar\/sitio\/carreras\/tecnicaturas\/tecnicatura-superior-en-turismo\/\" aria-label=\"More on Tecnicatura Superior en Turismo\">[+]<\/a><\/p>\n","protected":false},"author":3317,"featured_media":0,"parent":1255,"menu_order":0,"comment_status":"closed","ping_status":"closed","template":"","meta":[],"acf":[],"_links":{"self":[{"href":"https:\/\/iscuruzucuatia-crr.infd.edu.ar\/sitio\/wp-json\/wp\/v2\/pages\/3472"}],"collection":[{"href":"https:\/\/iscuruzucuatia-crr.infd.edu.ar\/sitio\/wp-json\/wp\/v2\/pages"}],"about":[{"href":"https:\/\/iscuruzucuatia-crr.infd.edu.ar\/sitio\/wp-json\/wp\/v2\/types\/page"}],"author":[{"embeddable":true,"href":"https:\/\/iscuruzucuatia-crr.infd.edu.ar\/sitio\/wp-json\/wp\/v2\/users\/3317"}],"replies":[{"embeddable":true,"href":"https:\/\/iscuruzucuatia-crr.infd.edu.ar\/sitio\/wp-json\/wp\/v2\/comments?post=3472"}],"version-history":[{"count":4,"href":"https:\/\/iscuruzucuatia-crr.infd.edu.ar\/sitio\/wp-json\/wp\/v2\/pages\/3472\/revisions"}],"predecessor-version":[{"id":3545,"href":"https:\/\/iscuruzucuatia-crr.infd.edu.ar\/sitio\/wp-json\/wp\/v2\/pages\/3472\/revisions\/3545"}],"up":[{"embeddable":true,"href":"https:\/\/iscuruzucuatia-crr.infd.edu.ar\/sitio\/wp-json\/wp\/v2\/pages\/1255"}],"wp:attachment":[{"href":"https:\/\/iscuruzucuatia-crr.infd.edu.ar\/sitio\/wp-json\/wp\/v2\/media?parent=3472"}],"curies":[{"name":"wp","href":"https:\/\/api.w.org\/{rel}","templated":true}]}}