{"id":3192,"date":"2022-12-12T11:23:39","date_gmt":"2022-12-12T14:23:39","guid":{"rendered":"https:\/\/iscuruzucuatia-crr.infd.edu.ar\/sitio\/?page_id=3192"},"modified":"2025-04-01T00:20:46","modified_gmt":"2025-04-01T03:20:46","slug":"tecnicatura-superior-en-infraestructura-informatica","status":"publish","type":"page","link":"https:\/\/iscuruzucuatia-crr.infd.edu.ar\/sitio\/carreras\/tecnicaturas\/tecnicatura-superior-en-infraestructura-informatica\/","title":{"rendered":"Tecnicatura Superior en Infraestructura Inform\u00e1tica"},"content":{"rendered":"<div style=\"font-family: 'Ubuntu',sans-serif;  font-size: 1rem;\">\n<h1 style=\"font-size: 2.5rem; color: #1D4197; text-align: center;\">TECNICATURA SUPERIOR EN<br \/>\nINFRAESTRUCTURA INFORM\u00c1TICA<\/h1>\n<ul>\n<li>\t<strong style=\"color: #1D4197;\"> RESOLUCI\u00d3N: <\/strong><a href=\"http:\/\/www.dgescorrientes.net\/Resolucion-44-2013.pdf\">Res-44-2013<\/a><\/li>\n<li>\t<strong style=\"color: #1D4197;\"> T\u00cdTULO A OTORGAR: <\/strong>   T\u00e9cnico\/a Superior en Soporte de Infraestructura de Tecnolog\u00eda de la Informaci\u00f3n<\/li>\n<li>\t<strong style=\"color: #1D4197;\"> DURACI\u00d3N: <\/strong>     3 a\u00f1os<\/li>\n<li>\t<strong style=\"color: #1D4197;\"> HORAS C\u00c1TEDRA: <\/strong>    horas<\/li>\n<li>\t<strong style=\"color: #1D4197;\"> UNIDADES CURRICULARES: <\/strong>  25<\/li>\n<li>\t<strong style=\"color: #1D4197;\"> COORDINADOR: <\/strong><\/li>\n<li>\t<strong style=\"color: #1D4197;\"> PERFIL DEL PROFESIONAL: <\/strong> El T\u00e9cnico Superior en Soporte de Infraestructura de Tecnolog\u00eda de la Informaci\u00f3n estar\u00e1 capacitado para: Implementar, mantener, actualizar, analizar inconvenientes y resolver problemas derivados de la operaci\u00f3n de productos de tecnolog\u00eda de la informaci\u00f3n que cumplen funciones de sistema operativo, administraci\u00f3n de almacenamiento, comunicaciones y redes, seguridad, bases de datos, y otros subsistemas, para garantizar la m\u00e1xima disponibilidad del ambiente operativo de las aplicaciones inform\u00e1ticas de las organizaciones desarrollando las funciones descriptas en el perfil profesional y cumpliendo con los criterios de realizaci\u00f3n establecidos para las mismas, para lo cual coordinar\u00e1 o complementar\u00e1 su trabajo con especialistas de la misma organizaci\u00f3n o externos.<\/li>\n<\/ul>\n<p><strong style=\"font-size: 2rem; color: #1D4197;\"> PLAN DE ESTUDIO <\/strong><a href=\"https:\/\/iscuruzucuatia-crr.infd.edu.ar\/sitio\/wp-content\/uploads\/2022\/12\/Tecnicatura-Superior-en-Infraestructura-Informatica.pdf\" style=\"cursor: pointer; color: #fff; background-color: #1D4197; border-color: #1D4197; padding: .375rem .75rem; border-radius: .25rem;\">descargar<\/a><\/p>\n<table style=\"font-size: 1.6vw; border: 1pt solid #1d4197; border-bottom-width: 5pt; vertical-align: middle;\">\n<tbody>\n<tr style=\"text-align: center;\">\n<th style=\"text-align: center !important; font-size: 16pt; color: #ffffff; background-color: #1d4197;\" colspan=\"5\" rowspan=\"1\">\n\t\t\t\t\t<strong>1\u00ba a\u00f1o<\/strong><\/th>\n<\/tr>\n<tr style=\"color: #1d4197; font-weight: bolder; padding: 5pt 5pt 5pt 5pt;background-color: #6fa8dc;\">\n<th style=\"border: none; border-top: 1px solid #1d4197; text-align: center;\"><\/th>\n<th style=\"border: none; border-top: 1px solid #1d4197; font-size:larger;\">\n\t\t\t\t\t<strong>Unidad curricular<\/strong><\/th>\n<th style=\"border: none; border-top: 1px solid #1d4197; font-size:larger; text-align: center;\">\n\t\t\t\t\t<strong>R\u00e9gimen<\/strong><\/th>\n<th style=\"border: none; border-top: 1px solid #1d4197; font-size:larger; text-align: center;\">\n\t\t\t\t\t<strong>Formato<\/strong><\/th>\n<th style=\"border: none; border-top: 1px solid #1d4197; font-size:larger; text-align: center;\">\n\t\t\t\t\t<strong>Horas<br \/>\nDid\u00e1cticas<\/strong><\/th>\n<\/tr>\n<tr style=\"background-color: #cfe2f3; color: #1d4197;\">\n<td style=\"border: none; border-top: 1px solid #1d4197; text-align: center;\">\t1<\/td>\n<td style=\"border: none; border-top: 1px solid #1d4197; text-align: left;\">\tRelaci\u00f3n Estado &#8211; Sociedad<\/td>\n<td style=\"border: none; border-top: 1px solid #1d4197; text-align: center;\">\tCuatrimestral<\/td>\n<td style=\"border: none; border-top: 1px solid #1d4197; text-align: center;\"><\/td>\n<td style=\"border: none; border-top: 1px solid #1d4197; text-align: center;\">\t4 horas<\/td>\n<\/tr>\n<tr style=\"background-color: #cfe2f3; color: #1d4197;\">\n<td style=\"border: none; border-top: 1px solid #1d4197; text-align: center;\">\t2<\/td>\n<td style=\"border: none; border-top: 1px solid #1d4197; text-align: left;\">\tInform\u00e1tica<\/td>\n<td style=\"border: none; border-top: 1px solid #1d4197; text-align: center;\">\tAnual<\/td>\n<td style=\"border: none; border-top: 1px solid #1d4197; text-align: center;\"><\/td>\n<td style=\"border: none; border-top: 1px solid #1d4197; text-align: center;\">\t6 horas<\/td>\n<\/tr>\n<tr style=\"background-color: #cfe2f3; color: #1d4197;\">\n<td style=\"border: none; border-top: 1px solid #1d4197; text-align: center;\">\t3<\/td>\n<td style=\"border: none; border-top: 1px solid #1d4197; text-align: left;\">\tIngl\u00e9s T\u00e9cnico<\/td>\n<td style=\"border: none; border-top: 1px solid #1d4197; text-align: center;\">\tAnual<\/td>\n<td style=\"border: none; border-top: 1px solid #1d4197; text-align: center;\"><\/td>\n<td style=\"border: none; border-top: 1px solid #1d4197; text-align: center;\">\t4 horas<\/td>\n<\/tr>\n<tr style=\"background-color: #cfe2f3; color: #1d4197;\">\n<td style=\"border: none; border-top: 1px solid #1d4197; text-align: center;\">\t4<\/td>\n<td style=\"border: none; border-top: 1px solid #1d4197; text-align: left;\">\tMatem\u00e1tica<\/td>\n<td style=\"border: none; border-top: 1px solid #1d4197; text-align: center;\">\tAnual<\/td>\n<td style=\"border: none; border-top: 1px solid #1d4197; text-align: center;\"><\/td>\n<td style=\"border: none; border-top: 1px solid #1d4197; text-align: center;\">\t5 horas<\/td>\n<\/tr>\n<tr style=\"background-color: #cfe2f3; color: #1d4197;\">\n<td style=\"border: none; border-top: 1px solid #1d4197; text-align: center;\">\t5<\/td>\n<td style=\"border: none; border-top: 1px solid #1d4197; text-align: left;\">\tOfim\u00e1tica<\/td>\n<td style=\"border: none; border-top: 1px solid #1d4197; text-align: center;\">\tCuatrimestral<\/td>\n<td style=\"border: none; border-top: 1px solid #1d4197; text-align: center;\"><\/td>\n<td style=\"border: none; border-top: 1px solid #1d4197; text-align: center;\">\t6 horas<\/td>\n<\/tr>\n<tr style=\"background-color: #cfe2f3; color: #1d4197;\">\n<td style=\"border: none; border-top: 1px solid #1d4197; text-align: center;\">\t6<\/td>\n<td style=\"border: none; border-top: 1px solid #1d4197; text-align: left;\">\tEstad\u00edstica y Probabilidad<\/td>\n<td style=\"border: none; border-top: 1px solid #1d4197; text-align: center;\">\tCuatrimestral<\/td>\n<td style=\"border: none; border-top: 1px solid #1d4197; text-align: center;\"><\/td>\n<td style=\"border: none; border-top: 1px solid #1d4197; text-align: center;\">\t4 horas<\/td>\n<\/tr>\n<tr style=\"background-color: #cfe2f3; color: #1d4197;\">\n<td style=\"border: none; border-top: 1px solid #1d4197; text-align: center;\">\t7<\/td>\n<td style=\"border: none; border-top: 1px solid #1d4197; text-align: left;\">\tProgramaci\u00f3n<\/td>\n<td style=\"border: none; border-top: 1px solid #1d4197; text-align: center;\">\tCuatrimestral<\/td>\n<td style=\"border: none; border-top: 1px solid #1d4197; text-align: center;\"><\/td>\n<td style=\"border: none; border-top: 1px solid #1d4197; text-align: center;\">\t4 horas<\/td>\n<\/tr>\n<tr style=\"background-color: #cfe2f3; color: #1d4197;\">\n<td style=\"border: none; border-top: 1px solid #1d4197; text-align: center;\">\t8<\/td>\n<td style=\"border: none; border-top: 1px solid #1d4197; text-align: left;\">\tArquitectura de Computadoras<\/td>\n<td style=\"border: none; border-top: 1px solid #1d4197; text-align: center;\">\tCuatrimestral<\/td>\n<td style=\"border: none; border-top: 1px solid #1d4197; text-align: center;\"><\/td>\n<td style=\"border: none; border-top: 1px solid #1d4197; text-align: center;\">\t6 horas<\/td>\n<\/tr>\n<tr style=\"background-color: #cfe2f3; color: #1d4197;\">\n<td style=\"border: none; border-top: 1px solid #1d4197; text-align: center;\">\t9<\/td>\n<td style=\"border: none; border-top: 1px solid #1d4197; text-align: left;\">\tPr\u00e1ctica Profesionalizante I<\/td>\n<td style=\"border: none; border-top: 1px solid #1d4197; text-align: center;\">\tCuatrimestral<\/td>\n<td style=\"border: none; border-top: 1px solid #1d4197; text-align: center;\"><\/td>\n<td style=\"border: none; border-top: 1px solid #1d4197; text-align: center;\">\t5 horas<\/td>\n<\/tr>\n<\/tbody>\n<\/table>\n<table style=\"font-size: 1.6vw; border: 1pt solid #1d4197; border-bottom-width: 5pt; vertical-align: middle;\">\n<tbody>\n<tr style=\"text-align: center;\">\n<th style=\"text-align: center !important; font-size: 16pt; color: #ffffff; background-color: #1d4197;\" colspan=\"5\" rowspan=\"1\">\n\t\t\t\t\t\t\t<strong>2\u00ba a\u00f1o<\/strong><\/th>\n<\/tr>\n<tr style=\"color: #1d4197; font-weight: bolder; padding: 5pt 5pt 5pt 5pt;background-color: #6fa8dc;\">\n<th style=\"border: none; border-top: 1px solid #1d4197; text-align: center;\"><\/th>\n<th style=\"border: none; border-top: 1px solid #1d4197; font-size:larger;\">\n\t\t\t\t\t\t\t<strong>Unidad curricular<\/strong><\/th>\n<th style=\"border: none; border-top: 1px solid #1d4197; font-size:larger; text-align: center;\">\n\t\t\t\t\t\t\t<strong>R\u00e9gimen<\/strong><\/th>\n<th style=\"border: none; border-top: 1px solid #1d4197; font-size:larger; text-align: center;\">\n\t\t\t\t\t\t\t<strong>Formato<\/strong><\/th>\n<th style=\"border: none; border-top: 1px solid #1d4197; font-size:larger; text-align: center;\">\n\t\t\t\t\t\t\t<strong>Horas<br \/>\nDid\u00e1cticas<\/strong><\/th>\n<\/tr>\n<tr style=\"background-color: #cfe2f3; color: #1d4197;\">\n<td style=\"border: none; border-top: 1px solid #1d4197; text-align: center;\">\t10<\/td>\n<td style=\"border: none; border-top: 1px solid #1d4197; text-align: left;\">\tSistemas Administrativos<\/td>\n<td style=\"border: none; border-top: 1px solid #1d4197; text-align: center;\">\tCuatrimestral<\/td>\n<td style=\"border: none; border-top: 1px solid #1d4197; text-align: center;\"><\/td>\n<td style=\"border: none; border-top: 1px solid #1d4197; text-align: center;\">\t5 horas<\/td>\n<\/tr>\n<tr style=\"background-color: #cfe2f3; color: #1d4197;\">\n<td style=\"border: none; border-top: 1px solid #1d4197; text-align: center;\">\t11<\/td>\n<td style=\"border: none; border-top: 1px solid #1d4197; text-align: left;\">\tSistemas Operativos<\/td>\n<td style=\"border: none; border-top: 1px solid #1d4197; text-align: center;\">\tAnual<\/td>\n<td style=\"border: none; border-top: 1px solid #1d4197; text-align: center;\"><\/td>\n<td style=\"border: none; border-top: 1px solid #1d4197; text-align: center;\">\t4 horas<\/td>\n<\/tr>\n<tr style=\"background-color: #cfe2f3; color: #1d4197;\">\n<td style=\"border: none; border-top: 1px solid #1d4197; text-align: center;\">\t12<\/td>\n<td style=\"border: none; border-top: 1px solid #1d4197; text-align: left;\">\tRedes I<\/td>\n<td style=\"border: none; border-top: 1px solid #1d4197; text-align: center;\">\tCuatrimestral<\/td>\n<td style=\"border: none; border-top: 1px solid #1d4197; text-align: center;\"><\/td>\n<td style=\"border: none; border-top: 1px solid #1d4197; text-align: center;\">\t6 horas<\/td>\n<\/tr>\n<tr style=\"background-color: #cfe2f3; color: #1d4197;\">\n<td style=\"border: none; border-top: 1px solid #1d4197; text-align: center;\">\t13<\/td>\n<td style=\"border: none; border-top: 1px solid #1d4197; text-align: left;\">\tSoporte T\u00e9cnico I<\/td>\n<td style=\"border: none; border-top: 1px solid #1d4197; text-align: center;\">\tAnual<\/td>\n<td style=\"border: none; border-top: 1px solid #1d4197; text-align: center;\"><\/td>\n<td style=\"border: none; border-top: 1px solid #1d4197; text-align: center;\">\t5 horas<\/td>\n<\/tr>\n<tr style=\"background-color: #cfe2f3; color: #1d4197;\">\n<td style=\"border: none; border-top: 1px solid #1d4197; text-align: center;\">\t14<\/td>\n<td style=\"border: none; border-top: 1px solid #1d4197; text-align: left;\">\tCultura y Comunicaci\u00f3n Contempor\u00e1nea<\/td>\n<td style=\"border: none; border-top: 1px solid #1d4197; text-align: center;\">\tCuatrimestral<\/td>\n<td style=\"border: none; border-top: 1px solid #1d4197; text-align: center;\"><\/td>\n<td style=\"border: none; border-top: 1px solid #1d4197; text-align: center;\">\t4 horas<\/td>\n<\/tr>\n<tr style=\"background-color: #cfe2f3; color: #1d4197;\">\n<td style=\"border: none; border-top: 1px solid #1d4197; text-align: center;\">\t15<\/td>\n<td style=\"border: none; border-top: 1px solid #1d4197; text-align: left;\">\tSeguridad Inform\u00e1tica I<\/td>\n<td style=\"border: none; border-top: 1px solid #1d4197; text-align: center;\">\tAnual<\/td>\n<td style=\"border: none; border-top: 1px solid #1d4197; text-align: center;\"><\/td>\n<td style=\"border: none; border-top: 1px solid #1d4197; text-align: center;\">\t4 horas<\/td>\n<\/tr>\n<tr style=\"background-color: #cfe2f3; color: #1d4197;\">\n<td style=\"border: none; border-top: 1px solid #1d4197; text-align: center;\">\t16<\/td>\n<td style=\"border: none; border-top: 1px solid #1d4197; text-align: left;\">\tPlanificaci\u00f3n Inform\u00e1tica<\/td>\n<td style=\"border: none; border-top: 1px solid #1d4197; text-align: center;\">\tCuatrimestral<\/td>\n<td style=\"border: none; border-top: 1px solid #1d4197; text-align: center;\"><\/td>\n<td style=\"border: none; border-top: 1px solid #1d4197; text-align: center;\">\t6 horas<\/td>\n<\/tr>\n<tr style=\"background-color: #cfe2f3; color: #1d4197;\">\n<td style=\"border: none; border-top: 1px solid #1d4197; text-align: center;\">\t17<\/td>\n<td style=\"border: none; border-top: 1px solid #1d4197; text-align: left;\">\tPr\u00e1ctica Profesionalizante II<\/td>\n<td style=\"border: none; border-top: 1px solid #1d4197; text-align: center;\">\tAnual<\/td>\n<td style=\"border: none; border-top: 1px solid #1d4197; text-align: center;\"><\/td>\n<td style=\"border: none; border-top: 1px solid #1d4197; text-align: center;\">\t6 horas<\/td>\n<\/tr>\n<\/tbody>\n<\/table>\n<table style=\"font-size: 1.6vw; border: 1pt solid #1d4197; border-bottom-width: 5pt; vertical-align: middle;\">\n<tbody>\n<tr style=\"text-align: center;\">\n<th style=\"text-align: center !important; font-size: 16pt; color: #ffffff; background-color: #1d4197;\" colspan=\"5\" rowspan=\"1\">\n\t\t\t\t\t\t\t\t\t<strong>3\u00ba a\u00f1o<\/strong><\/th>\n<\/tr>\n<tr style=\"color: #1d4197; font-weight: bolder; padding: 5pt 5pt 5pt 5pt;background-color: #6fa8dc;\">\n<th style=\"border: none; border-top: 1px solid #1d4197; text-align: center;\"><\/th>\n<th style=\"border: none; border-top: 1px solid #1d4197; font-size:larger;\">\n\t\t\t\t\t\t\t\t\t<strong>Unidad curricular<\/strong><\/th>\n<th style=\"border: none; border-top: 1px solid #1d4197; font-size:larger; text-align: center;\">\n\t\t\t\t\t\t\t\t\t<strong>R\u00e9gimen<\/strong><\/th>\n<th style=\"border: none; border-top: 1px solid #1d4197; font-size:larger; text-align: center;\">\n\t\t\t\t\t\t\t\t\t<strong>Formato<\/strong><\/th>\n<th style=\"border: none; border-top: 1px solid #1d4197; font-size:larger; text-align: center;\">\n\t\t\t\t\t\t\t\t\t<strong>Horas<br \/>\nDid\u00e1cticas<\/strong><\/th>\n<\/tr>\n<tr style=\"background-color: #cfe2f3; color: #1d4197;\">\n<td style=\"border: none; border-top: 1px solid #1d4197; text-align: center;\">\t18<\/td>\n<td style=\"border: none; border-top: 1px solid #1d4197; text-align: left;\">\tIdentidad y Desigualdad Sociocultural<\/td>\n<td style=\"border: none; border-top: 1px solid #1d4197; text-align: center;\">\tCuatrimestral<\/td>\n<td style=\"border: none; border-top: 1px solid #1d4197; text-align: center;\"><\/td>\n<td style=\"border: none; border-top: 1px solid #1d4197; text-align: center;\">\t4 horas<\/td>\n<\/tr>\n<tr style=\"background-color: #cfe2f3; color: #1d4197;\">\n<td style=\"border: none; border-top: 1px solid #1d4197; text-align: center;\">\t19<\/td>\n<td style=\"border: none; border-top: 1px solid #1d4197; text-align: left;\">\tSoporte T\u00e9cnico II<\/td>\n<td style=\"border: none; border-top: 1px solid #1d4197; text-align: center;\">\tAnual<\/td>\n<td style=\"border: none; border-top: 1px solid #1d4197; text-align: center;\"><\/td>\n<td style=\"border: none; border-top: 1px solid #1d4197; text-align: center;\">\t4 horas<\/td>\n<\/tr>\n<tr style=\"background-color: #cfe2f3; color: #1d4197;\">\n<td style=\"border: none; border-top: 1px solid #1d4197; text-align: center;\">\t20<\/td>\n<td style=\"border: none; border-top: 1px solid #1d4197; text-align: left;\">\tRedes II<\/td>\n<td style=\"border: none; border-top: 1px solid #1d4197; text-align: center;\">\tAnual<\/td>\n<td style=\"border: none; border-top: 1px solid #1d4197; text-align: center;\"><\/td>\n<td style=\"border: none; border-top: 1px solid #1d4197; text-align: center;\">\t6 horas<\/td>\n<\/tr>\n<tr style=\"background-color: #cfe2f3; color: #1d4197;\">\n<td style=\"border: none; border-top: 1px solid #1d4197; text-align: center;\">\t21<\/td>\n<td style=\"border: none; border-top: 1px solid #1d4197; text-align: left;\">\tProcesos Pol\u00edticos, Econ\u00f3micos y el Mundo del Trabajo<\/td>\n<td style=\"border: none; border-top: 1px solid #1d4197; text-align: center;\">\tCuatrimestral<\/td>\n<td style=\"border: none; border-top: 1px solid #1d4197; text-align: center;\"><\/td>\n<td style=\"border: none; border-top: 1px solid #1d4197; text-align: center;\">\t5 horas<\/td>\n<\/tr>\n<tr style=\"background-color: #cfe2f3; color: #1d4197;\">\n<td style=\"border: none; border-top: 1px solid #1d4197; text-align: center;\">\t22<\/td>\n<td style=\"border: none; border-top: 1px solid #1d4197; text-align: left;\">\tSeguridad Inform\u00e1tica II<\/td>\n<td style=\"border: none; border-top: 1px solid #1d4197; text-align: center;\">\tAnual<\/td>\n<td style=\"border: none; border-top: 1px solid #1d4197; text-align: center;\"><\/td>\n<td style=\"border: none; border-top: 1px solid #1d4197; text-align: center;\">\t4 horas<\/td>\n<\/tr>\n<tr style=\"background-color: #cfe2f3; color: #1d4197;\">\n<td style=\"border: none; border-top: 1px solid #1d4197; text-align: center;\">\t23<\/td>\n<td style=\"border: none; border-top: 1px solid #1d4197; text-align: left;\">\tBases de Datos<\/td>\n<td style=\"border: none; border-top: 1px solid #1d4197; text-align: center;\">\tCuatrimestral<\/td>\n<td style=\"border: none; border-top: 1px solid #1d4197; text-align: center;\"><\/td>\n<td style=\"border: none; border-top: 1px solid #1d4197; text-align: center;\">\t6 horas<\/td>\n<\/tr>\n<tr style=\"background-color: #cfe2f3; color: #1d4197;\">\n<td style=\"border: none; border-top: 1px solid #1d4197; text-align: center;\">\t24<\/td>\n<td style=\"border: none; border-top: 1px solid #1d4197; text-align: left;\">\tMarco \u00c9tico y Normativo de la Profesi\u00f3n<\/td>\n<td style=\"border: none; border-top: 1px solid #1d4197; text-align: center;\">\tCuatrimestral<\/td>\n<td style=\"border: none; border-top: 1px solid #1d4197; text-align: center;\"><\/td>\n<td style=\"border: none; border-top: 1px solid #1d4197; text-align: center;\">\t4 horas<\/td>\n<\/tr>\n<tr style=\"background-color: #cfe2f3; color: #1d4197;\">\n<td style=\"border: none; border-top: 1px solid #1d4197; text-align: center;\">\t25<\/td>\n<td style=\"border: none; border-top: 1px solid #1d4197; text-align: left;\">\tPr\u00e1ctica Profesionalizante III<\/td>\n<td style=\"border: none; border-top: 1px solid #1d4197; text-align: center;\">\tAnual<\/td>\n<td style=\"border: none; border-top: 1px solid #1d4197; text-align: center;\"><\/td>\n<td style=\"border: none; border-top: 1px solid #1d4197; text-align: center;\">\t10 horas<\/td>\n<\/tr>\n<\/tbody>\n<\/table>\n<\/div>\n","protected":false},"excerpt":{"rendered":"<p>TECNICATURA SUPERIOR EN INFRAESTRUCTURA INFORM\u00c1TICA RESOLUCI\u00d3N: Res-44-2013 T\u00cdTULO A OTORGAR: T\u00e9cnico\/a Superior en Soporte de Infraestructura de Tecnolog\u00eda de la Informaci\u00f3n DURACI\u00d3N: 3 a\u00f1os HORAS C\u00c1TEDRA: horas UNIDADES CURRICULARES: 25 COORDINADOR: PERFIL DEL PROFESIONAL: El T\u00e9cnico Superior en Soporte de Infraestructura de Tecnolog\u00eda de la Informaci\u00f3n estar\u00e1 capacitado para: Implementar, mantener, actualizar, analizar inconvenientes y &#8230; <a title=\"Tecnicatura Superior en Infraestructura Inform\u00e1tica\" class=\"read-more\" href=\"https:\/\/iscuruzucuatia-crr.infd.edu.ar\/sitio\/carreras\/tecnicaturas\/tecnicatura-superior-en-infraestructura-informatica\/\" aria-label=\"More on Tecnicatura Superior en Infraestructura Inform\u00e1tica\">[+]<\/a><\/p>\n","protected":false},"author":3317,"featured_media":0,"parent":1255,"menu_order":0,"comment_status":"closed","ping_status":"closed","template":"","meta":[],"acf":[],"_links":{"self":[{"href":"https:\/\/iscuruzucuatia-crr.infd.edu.ar\/sitio\/wp-json\/wp\/v2\/pages\/3192"}],"collection":[{"href":"https:\/\/iscuruzucuatia-crr.infd.edu.ar\/sitio\/wp-json\/wp\/v2\/pages"}],"about":[{"href":"https:\/\/iscuruzucuatia-crr.infd.edu.ar\/sitio\/wp-json\/wp\/v2\/types\/page"}],"author":[{"embeddable":true,"href":"https:\/\/iscuruzucuatia-crr.infd.edu.ar\/sitio\/wp-json\/wp\/v2\/users\/3317"}],"replies":[{"embeddable":true,"href":"https:\/\/iscuruzucuatia-crr.infd.edu.ar\/sitio\/wp-json\/wp\/v2\/comments?post=3192"}],"version-history":[{"count":3,"href":"https:\/\/iscuruzucuatia-crr.infd.edu.ar\/sitio\/wp-json\/wp\/v2\/pages\/3192\/revisions"}],"predecessor-version":[{"id":3202,"href":"https:\/\/iscuruzucuatia-crr.infd.edu.ar\/sitio\/wp-json\/wp\/v2\/pages\/3192\/revisions\/3202"}],"up":[{"embeddable":true,"href":"https:\/\/iscuruzucuatia-crr.infd.edu.ar\/sitio\/wp-json\/wp\/v2\/pages\/1255"}],"wp:attachment":[{"href":"https:\/\/iscuruzucuatia-crr.infd.edu.ar\/sitio\/wp-json\/wp\/v2\/media?parent=3192"}],"curies":[{"name":"wp","href":"https:\/\/api.w.org\/{rel}","templated":true}]}}