{"id":286,"date":"2020-12-29T13:17:59","date_gmt":"2020-12-29T16:17:59","guid":{"rendered":"https:\/\/iscuruzucuatia-crr.infd.edu.ar\/sitio\/?page_id=286"},"modified":"2025-06-19T20:38:52","modified_gmt":"2025-06-19T23:38:52","slug":"inicio","status":"publish","type":"page","link":"https:\/\/iscuruzucuatia-crr.infd.edu.ar\/sitio\/","title":{"rendered":"EL INSTITUTO"},"content":{"rendered":"<div style=\"font-family: 'Ubuntu',sans-serif; font-size: 1rem;\">\n<h1 style=\"font-size: 2.5rem; color: #1d4197; text-align: center; margin-bottom: 0px;\">Instituto Superior de Formaci\u00f3n Docente y T\u00e9cnica<\/h1>\n<h3 style=\"font-size: 1.5rem; color: #1d4197; text-align: center;\">perteneciente al Sistema de Educaci\u00f3n y Gesti\u00f3n p\u00fablica<\/h3>\n<p style=\"text-align: center;\"><img decoding=\"async\" loading=\"lazy\" width=\"693\" height=\"390\" class=\"wp-image-3493\" style=\"border: 5px; border-radius: 15px; max-width: 100%; height: auto; padding: 5px;\" src=\"https:\/\/iscuruzucuatia-crr.infd.edu.ar\/sitio\/wp-content\/uploads\/2025\/06\/iscc-fondo.jpg\" alt=\"Instituto Superior de Curuz\u00fa Cuati\u00e1\" \/><\/p>\n<p><img decoding=\"async\" style=\"float: left; width: 1rem; margin-right: 5px;\" src=\"https:\/\/iscuruzucuatia-crr.infd.edu.ar\/sitio\/wp-content\/uploads\/2021\/06\/direccion.png\" \/>Gral. Ram\u00edrez 785 &#8211; Curuz\u00fa Cuati\u00e1 (Ctes) CP: W 3460 DNV<\/div>\n<div><img decoding=\"async\" style=\"float: left; width: 1rem; padding-top: 5px; margin-right: 5px;\" src=\"https:\/\/iscuruzucuatia-crr.infd.edu.ar\/sitio\/wp-content\/uploads\/2021\/06\/telefono.png\" \/><\/div>\n<div>(3774) 441180<\/div>\n<div style=\"font-family: 'Ubuntu',sans-serif; font-size: 1rem;\">\u00a0<\/div>\n<div style=\"font-family: 'Ubuntu',sans-serif; font-size: 1rem;\"><img decoding=\"async\" style=\"float: left; width: 1rem; padding-top: 5px; margin-right: 5px;\" src=\"https:\/\/iscuruzucuatia-crr.infd.edu.ar\/sitio\/wp-content\/uploads\/2021\/06\/email.png\" \/> <a href=\"mailto:iscuat@curuzu.net\">iscuat@curuzu.net<\/a> &#8211; <a href=\"mailto:inst.curuzu@educ.ar\">inst.curuzu@educ.ar<\/a><\/div>\n<div style=\"font-family: 'Ubuntu',sans-serif; font-size: 1rem;\"><strong><img decoding=\"async\" style=\"float: left; width: 1rem; padding-top: 5px; margin-right: 5px;\" src=\"https:\/\/iscuruzucuatia-crr.infd.edu.ar\/sitio\/wp-content\/uploads\/2021\/06\/horario.png\" \/>Por la Ma\u00f1ana:<\/strong> de 7:00 a 12:00 hs. <strong>Por la tarde:<\/strong> de 14:00 a 22:00 hs.<\/p>\n<div style=\"width: 100%; height: 100px; padding-top: 1rem; padding-bottom: 1rem; background-color: #1d4197; color: white; text-align: center;\"><img decoding=\"async\" style=\"display: block; margin-left: auto; margin-right: auto; width: 12rem;\" src=\"https:\/\/iscuruzucuatia-crr.infd.edu.ar\/sitio\/wp-content\/uploads\/2021\/06\/ctes.mec-1.png\" \/><\/p>\n<p style=\"font-size: 0.8rem;\">Direcci\u00f3n General de Educaci\u00f3n Superior<\/p>\n<\/div>\n<\/div>\n<div id=\"metaslider-id-403\" style=\"width: 100%;\" class=\"ml-slider-3-33-0 metaslider metaslider-flex metaslider-403 ml-slider ms-theme-default\" role=\"region\" aria-roledescription=\"Slideshow\" aria-label=\"Slideshow\">\n    <div id=\"metaslider_container_403\">\n        <div id=\"metaslider_403\" class=\"flexslider\">\n            <ul aria-live=\"polite\" class=\"slides\">\n                <li style=\"display: block; width: 100%;\" class=\"slide-607 ms-image\" aria-roledescription=\"slide\" aria-label=\"slide-607\"><a href=\"https:\/\/mapa.infd.edu.ar\/\" target=\"_blank\"><img src=\"https:\/\/iscuruzucuatia-crr.infd.edu.ar\/sitio\/wp-content\/uploads\/2018\/06\/mapa_infd6-1100x200.png\" height=\"200\" width=\"1100\" alt=\"\" class=\"slider-403 slide-607\" title=\"mapa_infd6\" \/><\/a><\/li>\n                <li style=\"display: none; width: 100%;\" class=\"slide-609 ms-image\" aria-roledescription=\"slide\" aria-label=\"slide-609\"><a href=\"https:\/\/www.argentina.gob.ar\/educacion\/becas\" target=\"_blank\"><img src=\"https:\/\/iscuruzucuatia-crr.infd.edu.ar\/sitio\/wp-content\/uploads\/2018\/06\/becas7-1100x200.png\" height=\"200\" width=\"1100\" alt=\"\" class=\"slider-403 slide-609\" title=\"becas7\" \/><\/a><\/li>\n                <li style=\"display: none; width: 100%;\" class=\"slide-635 ms-image\" aria-roledescription=\"slide\" aria-label=\"slide-635\"><a href=\"https:\/\/www.argentina.gob.ar\/tema\/estudiar\/formacion-docencia\" target=\"_blank\"><img src=\"https:\/\/iscuruzucuatia-crr.infd.edu.ar\/sitio\/wp-content\/uploads\/2018\/06\/convocatorias_slide6-1-1100x200.png\" height=\"200\" width=\"1100\" alt=\"\" class=\"slider-403 slide-635\" title=\"convocatorias_slide6-1\" \/><\/a><\/li>\n            <\/ul>\n        <\/div>\n        \n    <\/div>\n<\/div>\n<div id=\"metaslider-id-403\" style=\"width: 100%;\" class=\"ml-slider-3-33-0 metaslider metaslider-flex metaslider-403 ml-slider ms-theme-default\" role=\"region\" aria-roledescription=\"Slideshow\" aria-label=\"Slideshow\">\n    <div id=\"metaslider_container_403\">\n        <div id=\"metaslider_403\" class=\"flexslider\">\n            <ul aria-live=\"polite\" class=\"slides\">\n                <li style=\"display: block; width: 100%;\" class=\"slide-607 ms-image\" aria-roledescription=\"slide\" aria-label=\"slide-607\"><a href=\"https:\/\/mapa.infd.edu.ar\/\" target=\"_blank\"><img src=\"https:\/\/iscuruzucuatia-crr.infd.edu.ar\/sitio\/wp-content\/uploads\/2018\/06\/mapa_infd6-1100x200.png\" height=\"200\" width=\"1100\" alt=\"\" class=\"slider-403 slide-607\" title=\"mapa_infd6\" \/><\/a><\/li>\n                <li style=\"display: none; width: 100%;\" class=\"slide-609 ms-image\" aria-roledescription=\"slide\" aria-label=\"slide-609\"><a href=\"https:\/\/www.argentina.gob.ar\/educacion\/becas\" target=\"_blank\"><img src=\"https:\/\/iscuruzucuatia-crr.infd.edu.ar\/sitio\/wp-content\/uploads\/2018\/06\/becas7-1100x200.png\" height=\"200\" width=\"1100\" alt=\"\" class=\"slider-403 slide-609\" title=\"becas7\" \/><\/a><\/li>\n                <li style=\"display: none; width: 100%;\" class=\"slide-635 ms-image\" aria-roledescription=\"slide\" aria-label=\"slide-635\"><a href=\"https:\/\/www.argentina.gob.ar\/tema\/estudiar\/formacion-docencia\" target=\"_blank\"><img src=\"https:\/\/iscuruzucuatia-crr.infd.edu.ar\/sitio\/wp-content\/uploads\/2018\/06\/convocatorias_slide6-1-1100x200.png\" height=\"200\" width=\"1100\" alt=\"\" class=\"slider-403 slide-635\" title=\"convocatorias_slide6-1\" \/><\/a><\/li>\n            <\/ul>\n        <\/div>\n        \n    <\/div>\n<\/div>\n","protected":false},"excerpt":{"rendered":"<p>Instituto Superior de Formaci\u00f3n Docente y T\u00e9cnica perteneciente al Sistema de Educaci\u00f3n y Gesti\u00f3n p\u00fablica Gral. Ram\u00edrez 785 &#8211; Curuz\u00fa Cuati\u00e1 (Ctes) CP: W 3460 DNV (3774) 441180 \u00a0 iscuat@curuzu.net &#8211; inst.curuzu@educ.ar Por la Ma\u00f1ana: de 7:00 a 12:00 hs. Por la tarde: de 14:00 a 22:00 hs. Direcci\u00f3n General de Educaci\u00f3n Superior<\/p>\n","protected":false},"author":3317,"featured_media":0,"parent":0,"menu_order":0,"comment_status":"closed","ping_status":"closed","template":"","meta":[],"acf":[],"_links":{"self":[{"href":"https:\/\/iscuruzucuatia-crr.infd.edu.ar\/sitio\/wp-json\/wp\/v2\/pages\/286"}],"collection":[{"href":"https:\/\/iscuruzucuatia-crr.infd.edu.ar\/sitio\/wp-json\/wp\/v2\/pages"}],"about":[{"href":"https:\/\/iscuruzucuatia-crr.infd.edu.ar\/sitio\/wp-json\/wp\/v2\/types\/page"}],"author":[{"embeddable":true,"href":"https:\/\/iscuruzucuatia-crr.infd.edu.ar\/sitio\/wp-json\/wp\/v2\/users\/3317"}],"replies":[{"embeddable":true,"href":"https:\/\/iscuruzucuatia-crr.infd.edu.ar\/sitio\/wp-json\/wp\/v2\/comments?post=286"}],"version-history":[{"count":209,"href":"https:\/\/iscuruzucuatia-crr.infd.edu.ar\/sitio\/wp-json\/wp\/v2\/pages\/286\/revisions"}],"predecessor-version":[{"id":3539,"href":"https:\/\/iscuruzucuatia-crr.infd.edu.ar\/sitio\/wp-json\/wp\/v2\/pages\/286\/revisions\/3539"}],"wp:attachment":[{"href":"https:\/\/iscuruzucuatia-crr.infd.edu.ar\/sitio\/wp-json\/wp\/v2\/media?parent=286"}],"curies":[{"name":"wp","href":"https:\/\/api.w.org\/{rel}","templated":true}]}}