{"id":2386,"date":"2021-07-07T12:03:14","date_gmt":"2021-07-07T15:03:14","guid":{"rendered":"https:\/\/iscuruzucuatia-crr.infd.edu.ar\/sitio\/?page_id=2386"},"modified":"2021-07-14T15:14:47","modified_gmt":"2021-07-14T18:14:47","slug":"capacitacion-de-idioma-ingles","status":"publish","type":"page","link":"https:\/\/iscuruzucuatia-crr.infd.edu.ar\/sitio\/carreras\/capacitaciones\/capacitacion-de-idioma-ingles\/","title":{"rendered":"Idioma Ingl\u00e9s"},"content":{"rendered":"<div style=\"font-family: 'Ubuntu',sans-serif;  font-size: 1rem;\">\n<h1 style=\"font-size: 2.5rem; color: #1D4197; text-align: center;\">\tCAPACITACI\u00d3N EN LENGUA INGLESA \t<\/h1>\n<ul>\n<li>\t<strong style=\"color: #1D4197;\"> RESOLUCI\u00d3N: <\/strong>     Res-2616-2015\t<\/li>\n<li>\t<strong style=\"color: #1D4197;\"> DURACI\u00d3N: <\/strong>     3 a\u00f1os\t<\/li>\n<li>\t<strong style=\"color: #1D4197;\"> HORAS C\u00c1TEDRA: <\/strong>    horas\t<\/li>\n<\/ul>\n<p><strong style=\"font-size: 2rem; color: #1D4197;\"> PLAN DE ESTUDIO <\/strong><a href=\"\" style=\"cursor: pointer; color: #fff; background-color: #1D4197; border-color: #1D4197; padding: .375rem .75rem; border-radius: .25rem;\">descargar<\/a><\/p>\n<table style=\"font-size: 1.6vw; border: 1pt solid #1d4197; border-bottom-width: 5pt; vertical-align: middle;\">\n<tbody>\n<tr style=\"text-align: center;\">\n<th style=\"text-align: center !important; font-size: 16pt; color: #ffffff; background-color: #1d4197;\" colspan=\"5\" rowspan=\"1\">\n            <strong>1\u00ba a\u00f1o<\/strong>\n            <\/th>\n<\/tr>\n<tr style=\"color: #1d4197; font-weight: bolder; padding: 5pt 5pt 5pt 5pt;background-color: #6fa8dc;\">\n<th style=\"border: none; border-top: 1px solid #1d4197; text-align: center;\">\n            <\/th>\n<th style=\"border: none; border-top: 1px solid #1d4197; font-size:larger;\">\n            <strong>Unidad curricular<\/strong>\n            <\/th>\n<th style=\"border: none; border-top: 1px solid #1d4197; font-size:larger; text-align: center;\">\n            <strong>R\u00e9gimen<\/strong>\n            <\/th>\n<th style=\"border: none; border-top: 1px solid #1d4197; font-size:larger; text-align: center;\">\n            <strong>Formato<\/strong>\n            <\/th>\n<th style=\"border: none; border-top: 1px solid #1d4197; font-size:larger; text-align: center;\">\n            <strong>Horas<br \/>Did\u00e1cticas<\/strong>\n            <\/th>\n<\/tr>\n<tr style=\"background-color: #cfe2f3; color: #1d4197;\">\n<td style=\"border: none; border-top: 1px solid #1d4197; text-align: center;\">\t1\t<\/td>\n<td style=\"border: none; border-top: 1px solid #1d4197; text-align: left;\">\tLengua\t<\/td>\n<td style=\"border: none; border-top: 1px solid #1d4197; text-align: center;\">\tAnual\t<\/td>\n<td style=\"border: none; border-top: 1px solid #1d4197; text-align: center;\">\t\t<\/td>\n<td style=\"border: none; border-top: 1px solid #1d4197; text-align: center;\">\t3 horas\t<\/td>\n<\/tr>\n<tr style=\"background-color: #cfe2f3; color: #1d4197;\">\n<td style=\"border: none; border-top: 1px solid #1d4197; text-align: center;\">\t2\t<\/td>\n<td style=\"border: none; border-top: 1px solid #1d4197; text-align: left;\">\tGram\u00e1tica\t<\/td>\n<td style=\"border: none; border-top: 1px solid #1d4197; text-align: center;\">\tAnual\t<\/td>\n<td style=\"border: none; border-top: 1px solid #1d4197; text-align: center;\">\t\t<\/td>\n<td style=\"border: none; border-top: 1px solid #1d4197; text-align: center;\">\t2 horas\t<\/td>\n<\/tr>\n<tr style=\"background-color: #cfe2f3; color: #1d4197;\">\n<td style=\"border: none; border-top: 1px solid #1d4197; text-align: center;\">\t3\t<\/td>\n<td style=\"border: none; border-top: 1px solid #1d4197; text-align: left;\">\tLiteratura\t<\/td>\n<td style=\"border: none; border-top: 1px solid #1d4197; text-align: center;\">\tAnual\t<\/td>\n<td style=\"border: none; border-top: 1px solid #1d4197; text-align: center;\">\t\t<\/td>\n<td style=\"border: none; border-top: 1px solid #1d4197; text-align: center;\">\t2 horas\t<\/td>\n<\/tr>\n<\/tbody>\n<\/table>\n<table style=\"font-size: 1.6vw; border: 1pt solid #1d4197; border-bottom-width: 5pt; vertical-align: middle;\">\n<tbody>\n<tr style=\"text-align: center;\">\n<th style=\"text-align: center !important; font-size: 16pt; color: #ffffff; background-color: #1d4197;\" colspan=\"5\" rowspan=\"1\">\n                <strong>2\u00ba a\u00f1o<\/strong>\n                <\/th>\n<\/tr>\n<tr style=\"color: #1d4197; font-weight: bolder; padding: 5pt 5pt 5pt 5pt;background-color: #6fa8dc;\">\n<th style=\"border: none; border-top: 1px solid #1d4197; text-align: center;\">\n                <\/th>\n<th style=\"border: none; border-top: 1px solid #1d4197; font-size:larger;\">\n                <strong>Unidad curricular<\/strong>\n                <\/th>\n<th style=\"border: none; border-top: 1px solid #1d4197; font-size:larger; text-align: center;\">\n                <strong>R\u00e9gimen<\/strong>\n                <\/th>\n<th style=\"border: none; border-top: 1px solid #1d4197; font-size:larger; text-align: center;\">\n                <strong>Formato<\/strong>\n                <\/th>\n<th style=\"border: none; border-top: 1px solid #1d4197; font-size:larger; text-align: center;\">\n                <strong>Horas<br \/>Did\u00e1cticas<\/strong>\n                <\/th>\n<\/tr>\n<tr style=\"background-color: #cfe2f3; color: #1d4197;\">\n<td style=\"border: none; border-top: 1px solid #1d4197; text-align: center;\">\t4\t<\/td>\n<td style=\"border: none; border-top: 1px solid #1d4197; text-align: left;\">\tLengua II\t<\/td>\n<td style=\"border: none; border-top: 1px solid #1d4197; text-align: center;\">\tAnual\t<\/td>\n<td style=\"border: none; border-top: 1px solid #1d4197; text-align: center;\">\t\t<\/td>\n<td style=\"border: none; border-top: 1px solid #1d4197; text-align: center;\">\t2 horas\t<\/td>\n<\/tr>\n<tr style=\"background-color: #cfe2f3; color: #1d4197;\">\n<td style=\"border: none; border-top: 1px solid #1d4197; text-align: center;\">\t5\t<\/td>\n<td style=\"border: none; border-top: 1px solid #1d4197; text-align: left;\">\tGram\u00e1tica II\t<\/td>\n<td style=\"border: none; border-top: 1px solid #1d4197; text-align: center;\">\tAnual\t<\/td>\n<td style=\"border: none; border-top: 1px solid #1d4197; text-align: center;\">\t\t<\/td>\n<td style=\"border: none; border-top: 1px solid #1d4197; text-align: center;\">\t2 horas\t<\/td>\n<\/tr>\n<tr style=\"background-color: #cfe2f3; color: #1d4197;\">\n<td style=\"border: none; border-top: 1px solid #1d4197; text-align: center;\">\t6\t<\/td>\n<td style=\"border: none; border-top: 1px solid #1d4197; text-align: left;\">\tLiteratura II\t<\/td>\n<td style=\"border: none; border-top: 1px solid #1d4197; text-align: center;\">\tAnual\t<\/td>\n<td style=\"border: none; border-top: 1px solid #1d4197; text-align: center;\">\t\t<\/td>\n<td style=\"border: none; border-top: 1px solid #1d4197; text-align: center;\">\t2 horas\t<\/td>\n<\/tr>\n<tr style=\"background-color: #cfe2f3; color: #1d4197;\">\n<td style=\"border: none; border-top: 1px solid #1d4197; text-align: center;\">\t7\t<\/td>\n<td style=\"border: none; border-top: 1px solid #1d4197; text-align: left;\">\tFon\u00e9tica y Dicci\u00f3n I\t<\/td>\n<td style=\"border: none; border-top: 1px solid #1d4197; text-align: center;\">\tAnual\t<\/td>\n<td style=\"border: none; border-top: 1px solid #1d4197; text-align: center;\">\t\t<\/td>\n<td style=\"border: none; border-top: 1px solid #1d4197; text-align: center;\">\t2 horas\t<\/td>\n<\/tr>\n<\/tbody>\n<\/table>\n<table style=\"font-size: 1.6vw; border: 1pt solid #1d4197; border-bottom-width: 5pt; vertical-align: middle;\">\n<tbody>\n<tr style=\"text-align: center;\">\n<th style=\"text-align: center !important; font-size: 16pt; color: #ffffff; background-color: #1d4197;\" colspan=\"5\" rowspan=\"1\">\n                    <strong>3\u00ba a\u00f1o<\/strong>\n                    <\/th>\n<\/tr>\n<tr style=\"color: #1d4197; font-weight: bolder; padding: 5pt 5pt 5pt 5pt;background-color: #6fa8dc;\">\n<th style=\"border: none; border-top: 1px solid #1d4197; text-align: center;\">\n                    <\/th>\n<th style=\"border: none; border-top: 1px solid #1d4197; font-size:larger;\">\n                    <strong>Unidad curricular<\/strong>\n                    <\/th>\n<th style=\"border: none; border-top: 1px solid #1d4197; font-size:larger; text-align: center;\">\n                    <strong>R\u00e9gimen<\/strong>\n                    <\/th>\n<th style=\"border: none; border-top: 1px solid #1d4197; font-size:larger; text-align: center;\">\n                    <strong>Formato<\/strong>\n                    <\/th>\n<th style=\"border: none; border-top: 1px solid #1d4197; font-size:larger; text-align: center;\">\n                    <strong>Horas<br \/>Did\u00e1cticas<\/strong>\n                    <\/th>\n<\/tr>\n<tr style=\"background-color: #cfe2f3; color: #1d4197;\">\n<td style=\"border: none; border-top: 1px solid #1d4197; text-align: center;\">\t8\t<\/td>\n<td style=\"border: none; border-top: 1px solid #1d4197; text-align: left;\">\tFon\u00e9tica y Dicci\u00f3n II\t<\/td>\n<td style=\"border: none; border-top: 1px solid #1d4197; text-align: center;\">\tCuatrimestral\t<\/td>\n<td style=\"border: none; border-top: 1px solid #1d4197; text-align: center;\">\t\t<\/td>\n<td style=\"border: none; border-top: 1px solid #1d4197; text-align: center;\">\t2 horas\t<\/td>\n<\/tr>\n<tr style=\"background-color: #cfe2f3; color: #1d4197;\">\n<td style=\"border: none; border-top: 1px solid #1d4197; text-align: center;\">\t9\t<\/td>\n<td style=\"border: none; border-top: 1px solid #1d4197; text-align: left;\">\tLengua y Gram\u00e1tica\t<\/td>\n<td style=\"border: none; border-top: 1px solid #1d4197; text-align: center;\">\tAnual\t<\/td>\n<td style=\"border: none; border-top: 1px solid #1d4197; text-align: center;\">\t\t<\/td>\n<td style=\"border: none; border-top: 1px solid #1d4197; text-align: center;\">\t3 horas\t<\/td>\n<\/tr>\n<tr style=\"background-color: #cfe2f3; color: #1d4197;\">\n<td style=\"border: none; border-top: 1px solid #1d4197; text-align: center;\">\t10\t<\/td>\n<td style=\"border: none; border-top: 1px solid #1d4197; text-align: left;\">\tLiteratura Inglesa III\t<\/td>\n<td style=\"border: none; border-top: 1px solid #1d4197; text-align: center;\">\tAnual\t<\/td>\n<td style=\"border: none; border-top: 1px solid #1d4197; text-align: center;\">\t\t<\/td>\n<td style=\"border: none; border-top: 1px solid #1d4197; text-align: center;\">\t2 horas\t<\/td>\n<\/tr>\n<tr style=\"background-color: #cfe2f3; color: #1d4197;\">\n<td style=\"border: none; border-top: 1px solid #1d4197; text-align: center;\">\t11\t<\/td>\n<td style=\"border: none; border-top: 1px solid #1d4197; text-align: left;\">\tTaller de Metodolog\u00eda y Ense\u00f1anza de la Lengua\t<\/td>\n<td style=\"border: none; border-top: 1px solid #1d4197; text-align: center;\">\tAnual\t<\/td>\n<td style=\"border: none; border-top: 1px solid #1d4197; text-align: center;\">\t\t<\/td>\n<td style=\"border: none; border-top: 1px solid #1d4197; text-align: center;\">\t2 horas\t<\/td>\n<\/tr>\n<\/tbody>\n<\/table>\n<\/div>\n","protected":false},"excerpt":{"rendered":"<p>CAPACITACI\u00d3N EN LENGUA INGLESA RESOLUCI\u00d3N: Res-2616-2015 DURACI\u00d3N: 3 a\u00f1os HORAS C\u00c1TEDRA: horas PLAN DE ESTUDIO descargar 1\u00ba a\u00f1o Unidad curricular R\u00e9gimen Formato HorasDid\u00e1cticas 1 Lengua Anual 3 horas 2 Gram\u00e1tica Anual 2 horas 3 Literatura Anual 2 horas 2\u00ba a\u00f1o Unidad curricular R\u00e9gimen Formato HorasDid\u00e1cticas 4 Lengua II Anual 2 horas 5 Gram\u00e1tica II Anual &#8230; <a title=\"Idioma Ingl\u00e9s\" class=\"read-more\" href=\"https:\/\/iscuruzucuatia-crr.infd.edu.ar\/sitio\/carreras\/capacitaciones\/capacitacion-de-idioma-ingles\/\" aria-label=\"More on Idioma Ingl\u00e9s\">[+]<\/a><\/p>\n","protected":false},"author":3433,"featured_media":0,"parent":1144,"menu_order":0,"comment_status":"closed","ping_status":"closed","template":"","meta":[],"acf":[],"_links":{"self":[{"href":"https:\/\/iscuruzucuatia-crr.infd.edu.ar\/sitio\/wp-json\/wp\/v2\/pages\/2386"}],"collection":[{"href":"https:\/\/iscuruzucuatia-crr.infd.edu.ar\/sitio\/wp-json\/wp\/v2\/pages"}],"about":[{"href":"https:\/\/iscuruzucuatia-crr.infd.edu.ar\/sitio\/wp-json\/wp\/v2\/types\/page"}],"author":[{"embeddable":true,"href":"https:\/\/iscuruzucuatia-crr.infd.edu.ar\/sitio\/wp-json\/wp\/v2\/users\/3433"}],"replies":[{"embeddable":true,"href":"https:\/\/iscuruzucuatia-crr.infd.edu.ar\/sitio\/wp-json\/wp\/v2\/comments?post=2386"}],"version-history":[{"count":7,"href":"https:\/\/iscuruzucuatia-crr.infd.edu.ar\/sitio\/wp-json\/wp\/v2\/pages\/2386\/revisions"}],"predecessor-version":[{"id":2624,"href":"https:\/\/iscuruzucuatia-crr.infd.edu.ar\/sitio\/wp-json\/wp\/v2\/pages\/2386\/revisions\/2624"}],"up":[{"embeddable":true,"href":"https:\/\/iscuruzucuatia-crr.infd.edu.ar\/sitio\/wp-json\/wp\/v2\/pages\/1144"}],"wp:attachment":[{"href":"https:\/\/iscuruzucuatia-crr.infd.edu.ar\/sitio\/wp-json\/wp\/v2\/media?parent=2386"}],"curies":[{"name":"wp","href":"https:\/\/api.w.org\/{rel}","templated":true}]}}