{"id":2342,"date":"2021-07-06T14:14:55","date_gmt":"2021-07-06T17:14:55","guid":{"rendered":"https:\/\/iscuruzucuatia-crr.infd.edu.ar\/sitio\/?page_id=2342"},"modified":"2022-05-09T08:53:29","modified_gmt":"2022-05-09T11:53:29","slug":"formularios","status":"publish","type":"page","link":"https:\/\/iscuruzucuatia-crr.infd.edu.ar\/sitio\/alumnos\/formularios\/","title":{"rendered":"Formularios"},"content":{"rendered":"<div style=\"font-family: 'Ubuntu',sans-serif; font-size: 1rem;\">\n<h1 style=\"font-size: 2.5rem; color: #1d4197; text-align: center;\" data-darkreader-inline-color=\"\">FORMULARIOS<\/h1>\n<ul>\n<li><span style=\"font-family: Ubuntu, sans-serif;\"><span style=\"font-size: 1rem;\">En esta secci\u00f3n podr\u00e1n descargar <\/span><\/span><strong style=\"font-family: Ubuntu, sans-serif; font-size: 1rem;\">Formularios<\/strong><span style=\"font-family: Ubuntu, sans-serif;\"><span style=\"font-size: 1rem;\"> y <\/span><\/span><strong style=\"font-family: Ubuntu, sans-serif; font-size: 1rem;\">Notas<\/strong><span style=\"font-family: Ubuntu, sans-serif;\"><span style=\"font-size: 1rem;\"> para presentar en <\/span><span style=\"font-size: 16px;\"><i>Bedel\u00eda<\/i><\/span><span style=\"font-size: 1rem;\">\u00a0o uso personal.<\/span><\/span><\/li>\n<\/ul>\n<h2 style=\"font-size: 2rem; color: #1d4197;\" data-darkreader-inline-color=\"\">CONSTANCIAS<\/h2>\n<p style=\"font-family: Ubuntu, sans-serif; font-size: 1rem;\"><strong style=\"font-size: 1rem; color: #1d4197;\" data-darkreader-inline-color=\"\"> CONSTANCIA DE ALUMNO REGULAR <\/strong><a style=\"cursor: pointer; color: #fff; background-color: #1d4197; border-color: #1D4197; padding: .375rem .75rem; border-radius: .25rem;\" href=\"https:\/\/iscuruzucuatia-crr.infd.edu.ar\/sitio\/wp-content\/uploads\/2021\/10\/ISCC-Constancia-de-Alumno-Regular.pdf\" data-darkreader-inline-color=\"\" data-darkreader-inline-bgcolor=\"\" data-darkreader-inline-border-top=\"\" data-darkreader-inline-border-right=\"\" data-darkreader-inline-border-bottom=\"\" data-darkreader-inline-border-left=\"\">descargar<\/a><\/p>\n<p style=\"font-family: Ubuntu, sans-serif; font-size: 1rem;\"><strong style=\"font-size: 1rem; color: #1d4197;\" data-darkreader-inline-color=\"\"> CONSTANCIA ALUMNOS HORAS DID\u00c1CTICAS Y RELOJ <\/strong><a style=\"cursor: pointer; color: #fff; background-color: #1d4197; border-color: #1D4197; padding: .375rem .75rem; border-radius: .25rem;\" href=\"https:\/\/iscuruzucuatia-crr.infd.edu.ar\/sitio\/wp-content\/uploads\/2021\/10\/ISCC-Constancia-de-Carga-Horas-Didacticas.pdf\" data-darkreader-inline-color=\"\" data-darkreader-inline-bgcolor=\"\" data-darkreader-inline-border-top=\"\" data-darkreader-inline-border-right=\"\" data-darkreader-inline-border-bottom=\"\" data-darkreader-inline-border-left=\"\">descargar<\/a><\/p>\n<p style=\"font-family: Ubuntu, sans-serif; font-size: 1rem;\"><strong style=\"font-size: 1rem; color: #1d4197;\" data-darkreader-inline-color=\"\"> CONSTANCIA DE MEJOR PROMEDIO <\/strong><a style=\"cursor: pointer; color: #fff; background-color: #1d4197; border-color: #1D4197; padding: .375rem .75rem; border-radius: .25rem;\" href=\"https:\/\/iscuruzucuatia-crr.infd.edu.ar\/sitio\/wp-content\/uploads\/2021\/10\/ISCC-Constancia-de-Mejor-Promedio.pdf\" data-darkreader-inline-color=\"\" data-darkreader-inline-bgcolor=\"\" data-darkreader-inline-border-top=\"\" data-darkreader-inline-border-right=\"\" data-darkreader-inline-border-bottom=\"\" data-darkreader-inline-border-left=\"\">descargar<\/a><\/p>\n<p style=\"font-family: Ubuntu, sans-serif; font-size: 1rem;\"><strong style=\"font-size: 1rem; color: #1d4197;\" data-darkreader-inline-color=\"\"> CONSTANCIA DE T\u00cdTULO EN TR\u00c1MITE <\/strong><a style=\"cursor: pointer; color: #fff; background-color: #1d4197; border-color: #1D4197; padding: .375rem .75rem; border-radius: .25rem;\" href=\"https:\/\/iscuruzucuatia-crr.infd.edu.ar\/sitio\/wp-content\/uploads\/2021\/10\/ISCC-Constancia-de-Titulo-en-Tramite.pdf\" data-darkreader-inline-color=\"\" data-darkreader-inline-bgcolor=\"\" data-darkreader-inline-border-top=\"\" data-darkreader-inline-border-right=\"\" data-darkreader-inline-border-bottom=\"\" data-darkreader-inline-border-left=\"\">descargar<\/a><\/p>\n<p style=\"font-family: Ubuntu, sans-serif; font-size: 1rem;\"><strong style=\"font-size: 1rem; color: #1d4197;\" data-darkreader-inline-color=\"\"> CONSTANCIA DE VIAJE <\/strong><a style=\"cursor: pointer; color: #fff; background-color: #1d4197; border-color: #1D4197; padding: .375rem .75rem; border-radius: .25rem;\" href=\"https:\/\/iscuruzucuatia-crr.infd.edu.ar\/sitio\/wp-content\/uploads\/2021\/10\/ISCC-Constancia-de-Viaje.pdf\" data-darkreader-inline-color=\"\" data-darkreader-inline-bgcolor=\"\" data-darkreader-inline-border-top=\"\" data-darkreader-inline-border-right=\"\" data-darkreader-inline-border-bottom=\"\" data-darkreader-inline-border-left=\"\">descargar<\/a><\/p>\n<h2 style=\"font-size: 2rem; color: #1d4197;\" data-darkreader-inline-color=\"\">SOLICITUDES<\/h2>\n<p style=\"font-family: Ubuntu, sans-serif; font-size: 1rem;\"><strong style=\"font-size: 1rem; color: #1d4197;\" data-darkreader-inline-color=\"\"> SOLICITUD DE EQUIVALENCIA <\/strong><a style=\"cursor: pointer; color: #fff; background-color: #1d4197; border-color: #1D4197; padding: .375rem .75rem; border-radius: .25rem;\" href=\"https:\/\/iscuruzucuatia-crr.infd.edu.ar\/sitio\/wp-content\/uploads\/2021\/10\/ISCC-Solicitud-de-Equivalencia.pdf\" data-darkreader-inline-color=\"\" data-darkreader-inline-bgcolor=\"\" data-darkreader-inline-border-top=\"\" data-darkreader-inline-border-right=\"\" data-darkreader-inline-border-bottom=\"\" data-darkreader-inline-border-left=\"\">descargar<\/a><\/p>\n<p style=\"font-family: Ubuntu, sans-serif; font-size: 1rem;\"><strong style=\"font-size: 1rem; color: #1d4197;\" data-darkreader-inline-color=\"\"> SOLICITUD DE INSCRIPCI\u00d3N <\/strong><a style=\"cursor: pointer; color: #fff; background-color: #1d4197; border-color: #1D4197; padding: .375rem .75rem; border-radius: .25rem;\" href=\"https:\/\/iscuruzucuatia-crr.infd.edu.ar\/sitio\/wp-content\/uploads\/2021\/10\/ISCC-Solicitud-de-Inscripcion.pdf\" data-darkreader-inline-color=\"\" data-darkreader-inline-bgcolor=\"\" data-darkreader-inline-border-top=\"\" data-darkreader-inline-border-right=\"\" data-darkreader-inline-border-bottom=\"\" data-darkreader-inline-border-left=\"\">descargar<\/a><\/p>\n<p style=\"font-family: Ubuntu, sans-serif; font-size: 1rem;\"><strong style=\"font-size: 1rem; color: #1d4197;\" data-darkreader-inline-color=\"\"> SOLICITUD DE MESA EXTRAORDINARIA &#8211; MAYO <\/strong><a style=\"cursor: pointer; color: #fff; background-color: #1d4197; border-color: #1D4197; padding: .375rem .75rem; border-radius: .25rem;\" href=\"https:\/\/iscuruzucuatia-crr.infd.edu.ar\/sitio\/wp-content\/uploads\/2021\/10\/ISCC-Solicitud-de-Mesa-Extraordinaria-Mayo.pdf\" data-darkreader-inline-color=\"\" data-darkreader-inline-bgcolor=\"\" data-darkreader-inline-border-top=\"\" data-darkreader-inline-border-right=\"\" data-darkreader-inline-border-bottom=\"\" data-darkreader-inline-border-left=\"\">descargar<\/a><\/p>\n<p style=\"font-family: Ubuntu, sans-serif; font-size: 1rem;\"><strong style=\"font-size: 1rem; color: #1d4197;\" data-darkreader-inline-color=\"\"> SOLICITUD DE MESA EXTRAORDINARIA &#8211; OCTUBRE <\/strong><a style=\"cursor: pointer; color: #fff; background-color: #1d4197; border-color: #1D4197; padding: .375rem .75rem; border-radius: .25rem;\" href=\"https:\/\/iscuruzucuatia-crr.infd.edu.ar\/sitio\/wp-content\/uploads\/2021\/10\/ISCC-Solicitud-de-Mesa-Extraordinaria-Octubre.pdf\" data-darkreader-inline-color=\"\" data-darkreader-inline-bgcolor=\"\" data-darkreader-inline-border-top=\"\" data-darkreader-inline-border-right=\"\" data-darkreader-inline-border-bottom=\"\" data-darkreader-inline-border-left=\"\">descargar<\/a><\/p>\n<p style=\"font-family: Ubuntu, sans-serif; font-size: 1rem;\"><strong style=\"font-size: 1rem; color: #1d4197;\" data-darkreader-inline-color=\"\"> SOLICITUD DE PASE <\/strong><a style=\"cursor: pointer; color: #fff; background-color: #1d4197; border-color: #1D4197; padding: .375rem .75rem; border-radius: .25rem;\" href=\"https:\/\/iscuruzucuatia-crr.infd.edu.ar\/sitio\/wp-content\/uploads\/2021\/10\/ISCC-Solicitud-de-Pase.pdf\" data-darkreader-inline-color=\"\" data-darkreader-inline-bgcolor=\"\" data-darkreader-inline-border-top=\"\" data-darkreader-inline-border-right=\"\" data-darkreader-inline-border-bottom=\"\" data-darkreader-inline-border-left=\"\">descargar<\/a><\/p>\n<h2 style=\"font-size: 2rem; color: #1d4197;\" data-darkreader-inline-color=\"\">OTROS<\/h2>\n<p style=\"font-family: Ubuntu, sans-serif; font-size: 1rem;\"><strong style=\"font-size: 1rem; color: #1d4197;\" data-darkreader-inline-color=\"\"> MESAS <\/strong><a style=\"cursor: pointer; color: #fff; background-color: #1d4197; border-color: #1D4197; padding: .375rem .75rem; border-radius: .25rem;\" href=\"https:\/\/iscuruzucuatia-crr.infd.edu.ar\/sitio\/wp-content\/uploads\/2021\/10\/ISCC-Mesas.pdf\" data-darkreader-inline-color=\"\" data-darkreader-inline-bgcolor=\"\" data-darkreader-inline-border-top=\"\" data-darkreader-inline-border-right=\"\" data-darkreader-inline-border-bottom=\"\" data-darkreader-inline-border-left=\"\">descargar<\/a><\/p>\n<p style=\"font-family: Ubuntu, sans-serif; font-size: 1rem;\"><strong style=\"font-size: 1rem; color: #1d4197;\" data-darkreader-inline-color=\"\"> HORARIOS <\/strong><a style=\"cursor: pointer; color: #fff; background-color: #1d4197; border-color: #1D4197; padding: .375rem .75rem; border-radius: .25rem;\" href=\"https:\/\/iscuruzucuatia-crr.infd.edu.ar\/sitio\/wp-content\/uploads\/2021\/10\/ISCC-Horario.pdf\" data-darkreader-inline-color=\"\" data-darkreader-inline-bgcolor=\"\" data-darkreader-inline-border-top=\"\" data-darkreader-inline-border-right=\"\" data-darkreader-inline-border-bottom=\"\" data-darkreader-inline-border-left=\"\">descargar<\/a><\/p>\n<p style=\"font-family: Ubuntu, sans-serif; font-size: 1rem;\"><strong style=\"font-size: 1rem; color: #1d4197;\" data-darkreader-inline-color=\"\"> ORDEN DE M\u00c9RITO MODELO PROFESORADO <\/strong><a style=\"cursor: pointer; color: #fff; background-color: #1d4197; border-color: #1D4197; padding: .375rem .75rem; border-radius: .25rem;\" href=\"https:\/\/iscuruzucuatia-crr.infd.edu.ar\/sitio\/wp-content\/uploads\/2021\/10\/ISCC-Orden-de-Merito-Modelo-Profesorado.pdf\" data-darkreader-inline-color=\"\" data-darkreader-inline-bgcolor=\"\" data-darkreader-inline-border-top=\"\" data-darkreader-inline-border-right=\"\" data-darkreader-inline-border-bottom=\"\" data-darkreader-inline-border-left=\"\">descargar<\/a><\/p>\n<p style=\"font-family: Ubuntu, sans-serif; font-size: 1rem;\"><strong style=\"font-size: 1rem; color: #1d4197;\" data-darkreader-inline-color=\"\"> ORDEN DE M\u00c9RITO MODELO TECNICATURA <\/strong><a style=\"cursor: pointer; color: #fff; background-color: #1d4197; border-color: #1D4197; padding: .375rem .75rem; border-radius: .25rem;\" href=\"https:\/\/iscuruzucuatia-crr.infd.edu.ar\/sitio\/wp-content\/uploads\/2021\/10\/ISCC-Orden-de-Merito-Modelo-Tecnicatura.pdf\" data-darkreader-inline-color=\"\" data-darkreader-inline-bgcolor=\"\" data-darkreader-inline-border-top=\"\" data-darkreader-inline-border-right=\"\" data-darkreader-inline-border-bottom=\"\" data-darkreader-inline-border-left=\"\">descargar<\/a><\/p>\n<p style=\"font-family: Ubuntu, sans-serif; font-size: 1rem;\"><strong style=\"font-size: 1rem; color: #1d4197;\" data-darkreader-inline-color=\"\"> PROTOCOLO CAMPO DE LA PR\u00c1CTICA 2020 <\/strong><a style=\"cursor: pointer; color: #fff; background-color: #1d4197; border-color: #1D4197; padding: .375rem .75rem; border-radius: .25rem;\" href=\"https:\/\/iscuruzucuatia-crr.infd.edu.ar\/sitio\/wp-content\/uploads\/2021\/10\/ISCC-Protocolo-Campo-de-la-Practica-Docente.pdf\" data-darkreader-inline-color=\"\" data-darkreader-inline-bgcolor=\"\" data-darkreader-inline-border-top=\"\" data-darkreader-inline-border-right=\"\" data-darkreader-inline-border-bottom=\"\" data-darkreader-inline-border-left=\"\">descargar<\/a><\/p>\n<p style=\"font-family: Ubuntu, sans-serif; font-size: 1rem;\"><strong style=\"font-size: 1rem; color: #1d4197;\" data-darkreader-inline-color=\"\"> FICHA INSCRIPCI\u00d3N A INTERINATOS Y SUPLENCIAS 2022 <\/strong><a style=\"cursor: pointer; color: #fff; background-color: #1d4197; border-color: #1D4197; padding: .375rem .75rem; border-radius: .25rem;\" href=\"https:\/\/iscuruzucuatia-crr.infd.edu.ar\/sitio\/wp-content\/uploads\/2021\/10\/ISCC-Ficha-Inscripcion-a-interinatos-y-suplencias-2021.pdf\" data-darkreader-inline-color=\"\" data-darkreader-inline-bgcolor=\"\" data-darkreader-inline-border-top=\"\" data-darkreader-inline-border-right=\"\" data-darkreader-inline-border-bottom=\"\" data-darkreader-inline-border-left=\"\">descargar<\/a><\/p>\n<p style=\"font-family: Ubuntu, sans-serif; font-size: 1rem;\"><strong style=\"font-size: 1rem; color: #1d4197;\" data-darkreader-inline-color=\"\"> FORMULARIO ISCC INSCRIPCI\u00d3N EX\u00c1MENES M\u00c9DICOS <\/strong><a style=\"cursor: pointer; color: #fff; background-color: #1d4197; border-color: #1D4197; padding: .375rem .75rem; border-radius: .25rem;\" href=\"https:\/\/iscuruzucuatia-crr.infd.edu.ar\/sitio\/wp-content\/uploads\/2021\/10\/ISCC-Inscripcion-Examenes-Medicos.pdf\" data-darkreader-inline-color=\"\" data-darkreader-inline-bgcolor=\"\" data-darkreader-inline-border-top=\"\" data-darkreader-inline-border-right=\"\" data-darkreader-inline-border-bottom=\"\" data-darkreader-inline-border-left=\"\">descargar<\/a><\/p>\n<\/div>\n","protected":false},"excerpt":{"rendered":"<p>FORMULARIOS En esta secci\u00f3n podr\u00e1n descargar Formularios y Notas para presentar en Bedel\u00eda\u00a0o uso personal. CONSTANCIAS CONSTANCIA DE ALUMNO REGULAR descargar CONSTANCIA ALUMNOS HORAS DID\u00c1CTICAS Y RELOJ descargar CONSTANCIA DE MEJOR PROMEDIO descargar CONSTANCIA DE T\u00cdTULO EN TR\u00c1MITE descargar CONSTANCIA DE VIAJE descargar SOLICITUDES SOLICITUD DE EQUIVALENCIA descargar SOLICITUD DE INSCRIPCI\u00d3N descargar SOLICITUD DE MESA &#8230; <a title=\"Formularios\" class=\"read-more\" href=\"https:\/\/iscuruzucuatia-crr.infd.edu.ar\/sitio\/alumnos\/formularios\/\" aria-label=\"More on Formularios\">[+]<\/a><\/p>\n","protected":false},"author":3317,"featured_media":0,"parent":1784,"menu_order":0,"comment_status":"closed","ping_status":"closed","template":"","meta":[],"acf":[],"_links":{"self":[{"href":"https:\/\/iscuruzucuatia-crr.infd.edu.ar\/sitio\/wp-json\/wp\/v2\/pages\/2342"}],"collection":[{"href":"https:\/\/iscuruzucuatia-crr.infd.edu.ar\/sitio\/wp-json\/wp\/v2\/pages"}],"about":[{"href":"https:\/\/iscuruzucuatia-crr.infd.edu.ar\/sitio\/wp-json\/wp\/v2\/types\/page"}],"author":[{"embeddable":true,"href":"https:\/\/iscuruzucuatia-crr.infd.edu.ar\/sitio\/wp-json\/wp\/v2\/users\/3317"}],"replies":[{"embeddable":true,"href":"https:\/\/iscuruzucuatia-crr.infd.edu.ar\/sitio\/wp-json\/wp\/v2\/comments?post=2342"}],"version-history":[{"count":42,"href":"https:\/\/iscuruzucuatia-crr.infd.edu.ar\/sitio\/wp-json\/wp\/v2\/pages\/2342\/revisions"}],"predecessor-version":[{"id":3541,"href":"https:\/\/iscuruzucuatia-crr.infd.edu.ar\/sitio\/wp-json\/wp\/v2\/pages\/2342\/revisions\/3541"}],"up":[{"embeddable":true,"href":"https:\/\/iscuruzucuatia-crr.infd.edu.ar\/sitio\/wp-json\/wp\/v2\/pages\/1784"}],"wp:attachment":[{"href":"https:\/\/iscuruzucuatia-crr.infd.edu.ar\/sitio\/wp-json\/wp\/v2\/media?parent=2342"}],"curies":[{"name":"wp","href":"https:\/\/api.w.org\/{rel}","templated":true}]}}