{"id":2091,"date":"2021-06-30T15:50:26","date_gmt":"2021-06-30T18:50:26","guid":{"rendered":"https:\/\/iscuruzucuatia-crr.infd.edu.ar\/sitio\/?page_id=2091"},"modified":"2021-06-30T17:22:46","modified_gmt":"2021-06-30T20:22:46","slug":"isologo","status":"publish","type":"page","link":"https:\/\/iscuruzucuatia-crr.infd.edu.ar\/sitio\/alumnos\/isologo\/","title":{"rendered":"Logo del Instituto"},"content":{"rendered":"<div style=\"font-family: 'Ubuntu',sans-serif;  font-size: 1rem;\">\n<h1 style=\"font-size: 2.5rem; color: #1D4197; text-align: center;\"> LOGO DEL INSTITUTO <\/h1>\n<div>\n<div>\n<p>El logo del instituto est\u00e1 inspirado en la <span style=\"color: #1D4197;\"><strong>antigua antena parab\u00f3lica<\/strong><\/span> que actualmente se encuentra en el SUM.<br \/>\n        Aqu\u00ed encontraran los archivos .png con fondo transparente para poder descargarlo y usarlo en sus trabajos pr\u00e1cticos y presentaciones junto a una breve explicaci\u00f3n.<\/p>\n<\/p><\/div>\n<div>\n      <span style=\"font-size: 1.5rem; color: #1D4197;\"><strong>Paquete de Logos ISCC:<\/strong> <a\n          href=\"https:\/\/iscuruzucuatia-crr.infd.edu.ar\/sitio\/wp-content\/uploads\/2021\/06\/Logos_ISCC.zip\"><button\n            style=\"cursor: pointer; color: #fff; background-color: #1D4197; border-color: #1D4197; padding: .375rem .75rem; border-radius: .25rem;\">descargar<\/button><\/a><br \/>\n      <\/span><\/p>\n<p>Haciendo click en este bot\u00f3n se puede descargar un paquete de im\u00e1genes de los distintos logos en diferentes tama\u00f1os. x32, x64 y x128 son tama\u00f1os peque\u00f1os y x250, x500 y x1000 son tama\u00f1os grandes.<\/p>\n<\/p><\/div>\n<\/p><\/div>\n<div>\n<p>\n      <img\n        style=\"float: left; width:20%; margin-right: 15px; padding: .25rem; max-width: 200%; height: auto; vertical-align: middle;\"\n        src=\"https:\/\/iscuruzucuatia-crr.infd.edu.ar\/sitio\/wp-content\/uploads\/2021\/04\/logo_iscc.png\" alt=\"Logo ISCC\"\n        title=\"Logo ISCC\"><\/p>\n<h3 style=\"font-size: 2.5rem; color: #1D4197;\"> ISOLOGO <\/h3>\n<p>    (imagen oficial y representativa)<br \/>\n    <span style=\"color: #1D4197;\"><strong>Tipograf\u00eda:<\/strong><\/span> Arial Bold<br \/>\n    <span style=\"color: #1D4197;\"><strong>Colores:<\/strong><\/span><br \/>\n    Azul Oscuro de bordes. RGB = <span style=\"color: #1D4197;\"><strong>#ID4197<\/strong><\/span><br \/>\n    Azul Claro de fondo. RGB = <span style=\"color: #CAD2E7;\"><strong>#CAD2E7<\/strong><\/span>\n    <\/p>\n<\/p><\/div>\n<p>  &nbsp;<br \/>\n  &nbsp;<\/p>\n<div>\n<p>\n      <img\n        style=\"float: left; width:15%; margin-right: 15px; padding: .25rem; max-width: 200%; height: auto; vertical-align: middle;\"\n        src=\"https:\/\/iscuruzucuatia-crr.infd.edu.ar\/sitio\/wp-content\/uploads\/2021\/05\/logo_iscc_icono_x512.png\"\n        alt=\"ISCC icono (i)\" title=\"ISCC i\"><\/p>\n<h3 style=\"font-size: 2.5rem; color: #1D4197;\"> ISOTIPO ( i ) <\/h3>\n<p>    (imagen para \u00edconos peque\u00f1os)<br \/>\n    Esta imagen est\u00e1 pensada para usarse como imagen peque\u00f1a.<br \/>\n    Los archivos que dicen x32 o x128 o x500.png son los distintos tama\u00f1os en pixeles.\n    <\/p>\n<\/p><\/div>\n<p>  &nbsp;<br \/>\n  &nbsp;<br \/>\n  &nbsp;<\/p>\n<div>\n<p>\n      <img\n        style=\"float: left; width:5%; padding-right: 2rem; padding-left: 3.75rem; max-width: 200%; height: auto; vertical-align: middle;\"\n        src=\"https:\/\/iscuruzucuatia-crr.infd.edu.ar\/sitio\/wp-content\/uploads\/2021\/06\/Logo_ISCC_i.png\" alt=\"ISCC i\"\n        title=\"ISCC i\"><\/p>\n<h3 style=\"font-size: 2.5rem; color: #1D4197;\"> ISOTIPO i <\/h3>\n<p>    (la i sola, con fondo transparente)<br \/>\n    Pensada para usarse s\u00f3lo en casos que sean necesarios debido a falta de espacio.\n    <\/p>\n<\/p><\/div>\n<p>  &nbsp;<\/p>\n<\/div>\n","protected":false},"excerpt":{"rendered":"<p>LOGO DEL INSTITUTO El logo del instituto est\u00e1 inspirado en la antigua antena parab\u00f3lica que actualmente se encuentra en el SUM. Aqu\u00ed encontraran los archivos .png con fondo transparente para poder descargarlo y usarlo en sus trabajos pr\u00e1cticos y presentaciones junto a una breve explicaci\u00f3n. Paquete de Logos ISCC: descargar Haciendo click en este bot\u00f3n &#8230; <a title=\"Logo del Instituto\" class=\"read-more\" href=\"https:\/\/iscuruzucuatia-crr.infd.edu.ar\/sitio\/alumnos\/isologo\/\" aria-label=\"More on Logo del Instituto\">[+]<\/a><\/p>\n","protected":false},"author":3317,"featured_media":1534,"parent":1784,"menu_order":0,"comment_status":"closed","ping_status":"closed","template":"","meta":[],"acf":[],"_links":{"self":[{"href":"https:\/\/iscuruzucuatia-crr.infd.edu.ar\/sitio\/wp-json\/wp\/v2\/pages\/2091"}],"collection":[{"href":"https:\/\/iscuruzucuatia-crr.infd.edu.ar\/sitio\/wp-json\/wp\/v2\/pages"}],"about":[{"href":"https:\/\/iscuruzucuatia-crr.infd.edu.ar\/sitio\/wp-json\/wp\/v2\/types\/page"}],"author":[{"embeddable":true,"href":"https:\/\/iscuruzucuatia-crr.infd.edu.ar\/sitio\/wp-json\/wp\/v2\/users\/3317"}],"replies":[{"embeddable":true,"href":"https:\/\/iscuruzucuatia-crr.infd.edu.ar\/sitio\/wp-json\/wp\/v2\/comments?post=2091"}],"version-history":[{"count":42,"href":"https:\/\/iscuruzucuatia-crr.infd.edu.ar\/sitio\/wp-json\/wp\/v2\/pages\/2091\/revisions"}],"predecessor-version":[{"id":2144,"href":"https:\/\/iscuruzucuatia-crr.infd.edu.ar\/sitio\/wp-json\/wp\/v2\/pages\/2091\/revisions\/2144"}],"up":[{"embeddable":true,"href":"https:\/\/iscuruzucuatia-crr.infd.edu.ar\/sitio\/wp-json\/wp\/v2\/pages\/1784"}],"wp:featuredmedia":[{"embeddable":true,"href":"https:\/\/iscuruzucuatia-crr.infd.edu.ar\/sitio\/wp-json\/wp\/v2\/media\/1534"}],"wp:attachment":[{"href":"https:\/\/iscuruzucuatia-crr.infd.edu.ar\/sitio\/wp-json\/wp\/v2\/media?parent=2091"}],"curies":[{"name":"wp","href":"https:\/\/api.w.org\/{rel}","templated":true}]}}