{"id":1989,"date":"2021-06-24T16:12:19","date_gmt":"2021-06-24T19:12:19","guid":{"rendered":"https:\/\/iscuruzucuatia-crr.infd.edu.ar\/sitio\/?page_id=1989"},"modified":"2022-10-24T22:19:36","modified_gmt":"2022-10-25T01:19:36","slug":"tecnicatura-superior-en-comunicacion-social","status":"publish","type":"page","link":"https:\/\/iscuruzucuatia-crr.infd.edu.ar\/sitio\/carreras\/tecnicaturas\/tecnicatura-superior-en-comunicacion-social\/","title":{"rendered":"Tecnicatura Superior en Comunicaci\u00f3n Social"},"content":{"rendered":"<div style=\"font-family: 'Ubuntu',sans-serif; font-size: 1rem;\">\n<h1 style=\"font-size: 2.5rem; color: #1d4197; text-align: center;\">TECNICATURA SUPERIOR EN COMUNICACI\u00d3N SOCIAL<\/h1>\n<ul>\n<li><strong style=\"color: #1d4197;\"> RESOLUCI\u00d3N: <\/strong>Res-5436-2016<\/li>\n<li><strong style=\"color: #1d4197;\"> T\u00cdTULO A OTORGAR: <\/strong> T\u00e9cnico\/a Superior en Comunicaci\u00f3n Social<\/li>\n<li><strong style=\"color: #1d4197;\"> DURACI\u00d3N: <\/strong> 3 a\u00f1os<\/li>\n<li><strong style=\"color: #1d4197;\"> HORAS C\u00c1TEDRA: <\/strong> horas<\/li>\n<li><strong style=\"color: #1d4197;\"> UNIDADES CURRICULARES: <\/strong> 29<\/li>\n<li><strong style=\"color: #1d4197;\"> COORDINADOR: <\/strong> Mara S\u00e1nchez<\/li>\n<li><strong style=\"color: #1d4197;\"><strong>PERFIL DEL PROFESIONAL: <\/strong><\/strong><span style=\"font-size: 1rem;\">El egresado en Comunicaci\u00f3n Social Orientado al Desarrollo Local podr\u00e1 desempe\u00f1arse en medios de comunicaci\u00f3n, empresas y organizaciones sociales creando y produciendo mensajes de informaciones. O planeando y dirigiendo proyectos comunicacionales.<\/span><\/li>\n<li>\n<p><span style=\"color: #000080;\"><strong><span style=\"color: #003366;\">REDES <\/span>SOCIALES<\/strong><\/span>:\u00a0 <a href=\"https:\/\/instagram.com\/tecnicaturacomunicacionsocial?igshid=YmMyMTA2M2Y=\">https:\/\/instagram.com\/tecnicaturacomunicacionsocial?igshid=YmMyMTA2M2Y=<\/a><\/p>\n<\/li>\n<\/ul>\n<p style=\"padding-left: 40px;\"><img decoding=\"async\" loading=\"lazy\" class=\"alignnone size-full wp-image-3186\" src=\"https:\/\/iscuruzucuatia-crr.infd.edu.ar\/sitio\/wp-content\/uploads\/2022\/10\/IMG-20221024-WA0021-1.jpg\" alt=\"\" width=\"605\" height=\"654\" \/><\/p>\n<p style=\"padding-left: 40px;\"><strong style=\"font-size: 2rem; color: #1d4197;\">PLAN DE ESTUDIO <\/strong><a style=\"cursor: pointer; color: #fff; background-color: #1d4197; border-color: #1D4197; padding: .375rem .75rem; border-radius: .25rem;\" href=\"https:\/\/iscuruzucuatia-crr.infd.edu.ar\/sitio\/wp-content\/uploads\/2021\/07\/Tecnicatura-Comunicacion-Social.pdf\">descargar<\/a><\/p>\n<table style=\"font-size: 1.6vw; border: 1pt solid #1d4197; border-bottom-width: 5pt; vertical-align: middle;\">\n<tbody>\n<tr style=\"text-align: center;\">\n<th style=\"text-align: center !important; font-size: 16pt; color: #ffffff; background-color: #1d4197;\" colspan=\"5\" rowspan=\"1\"><strong>1\u00ba a\u00f1o<\/strong><\/th>\n<\/tr>\n<tr style=\"color: #1d4197; font-weight: bolder; padding: 5pt 5pt 5pt 5pt; background-color: #6fa8dc;\">\n<th style=\"border: none; border-top: 1px solid #1d4197; text-align: center;\">\u00a0<\/th>\n<th style=\"border: none; border-top: 1px solid #1d4197; font-size: larger;\"><strong>Unidad curricular<\/strong><\/th>\n<th style=\"border: none; border-top: 1px solid #1d4197; font-size: larger; text-align: center;\"><strong>R\u00e9gimen<\/strong><\/th>\n<th style=\"border: none; border-top: 1px solid #1d4197; font-size: larger; text-align: center;\"><strong>Formato<\/strong><\/th>\n<th style=\"border: none; border-top: 1px solid #1d4197; font-size: larger; text-align: center;\"><strong>Horas<br \/>Did\u00e1cticas<\/strong><\/th>\n<\/tr>\n<tr style=\"background-color: #cfe2f3; color: #1d4197;\">\n<td style=\"border: none; border-top: 1px solid #1d4197; text-align: center;\">1<\/td>\n<td style=\"border: none; border-top: 1px solid #1d4197; text-align: left;\">Relaci\u00f3n, Estado Sociedad<\/td>\n<td style=\"border: none; border-top: 1px solid #1d4197; text-align: center;\">Cuatrimestral<\/td>\n<td style=\"border: none; border-top: 1px solid #1d4197; text-align: center;\">\u00a0<\/td>\n<td style=\"border: none; border-top: 1px solid #1d4197; text-align: center;\">5 horas<\/td>\n<\/tr>\n<tr style=\"background-color: #cfe2f3; color: #1d4197;\">\n<td style=\"border: none; border-top: 1px solid #1d4197; text-align: center;\">2<\/td>\n<td style=\"border: none; border-top: 1px solid #1d4197; text-align: left;\">Introducci\u00f3n a los Estudios de la Comunicaci\u00f3n<\/td>\n<td style=\"border: none; border-top: 1px solid #1d4197; text-align: center;\">Anual<\/td>\n<td style=\"border: none; border-top: 1px solid #1d4197; text-align: center;\">\u00a0<\/td>\n<td style=\"border: none; border-top: 1px solid #1d4197; text-align: center;\">4 horas<\/td>\n<\/tr>\n<tr style=\"background-color: #cfe2f3; color: #1d4197;\">\n<td style=\"border: none; border-top: 1px solid #1d4197; text-align: center;\">3<\/td>\n<td style=\"border: none; border-top: 1px solid #1d4197; text-align: left;\">Semiolog\u00eda y An\u00e1lisis del Discurso<\/td>\n<td style=\"border: none; border-top: 1px solid #1d4197; text-align: center;\">Anual<\/td>\n<td style=\"border: none; border-top: 1px solid #1d4197; text-align: center;\">\u00a0<\/td>\n<td style=\"border: none; border-top: 1px solid #1d4197; text-align: center;\">4 horas<\/td>\n<\/tr>\n<tr style=\"background-color: #cfe2f3; color: #1d4197;\">\n<td style=\"border: none; border-top: 1px solid #1d4197; text-align: center;\">4<\/td>\n<td style=\"border: none; border-top: 1px solid #1d4197; text-align: left;\">Teor\u00eda de la Comunicaci\u00f3n<\/td>\n<td style=\"border: none; border-top: 1px solid #1d4197; text-align: center;\">Anual<\/td>\n<td style=\"border: none; border-top: 1px solid #1d4197; text-align: center;\">\u00a0<\/td>\n<td style=\"border: none; border-top: 1px solid #1d4197; text-align: center;\">4 horas<\/td>\n<\/tr>\n<tr style=\"background-color: #cfe2f3; color: #1d4197;\">\n<td style=\"border: none; border-top: 1px solid #1d4197; text-align: center;\">5<\/td>\n<td style=\"border: none; border-top: 1px solid #1d4197; text-align: left;\">Lenguaje y Producci\u00f3n Gr\u00e1fica I<\/td>\n<td style=\"border: none; border-top: 1px solid #1d4197; text-align: center;\">Cuatrimestral<\/td>\n<td style=\"border: none; border-top: 1px solid #1d4197; text-align: center;\">\u00a0<\/td>\n<td style=\"border: none; border-top: 1px solid #1d4197; text-align: center;\">4 horas<\/td>\n<\/tr>\n<tr style=\"background-color: #cfe2f3; color: #1d4197;\">\n<td style=\"border: none; border-top: 1px solid #1d4197; text-align: center;\">6<\/td>\n<td style=\"border: none; border-top: 1px solid #1d4197; text-align: left;\">Taller de Comunicaci\u00f3n Audiovisual I<\/td>\n<td style=\"border: none; border-top: 1px solid #1d4197; text-align: center;\">Cuatrimestral<\/td>\n<td style=\"border: none; border-top: 1px solid #1d4197; text-align: center;\">\u00a0<\/td>\n<td style=\"border: none; border-top: 1px solid #1d4197; text-align: center;\">4 horas<\/td>\n<\/tr>\n<tr style=\"background-color: #cfe2f3; color: #1d4197;\">\n<td style=\"border: none; border-top: 1px solid #1d4197; text-align: center;\">7<\/td>\n<td style=\"border: none; border-top: 1px solid #1d4197; text-align: left;\">Tecnolog\u00edas de la Informaci\u00f3n y la Comunicaci\u00f3n<\/td>\n<td style=\"border: none; border-top: 1px solid #1d4197; text-align: center;\">Anual<\/td>\n<td style=\"border: none; border-top: 1px solid #1d4197; text-align: center;\">\u00a0<\/td>\n<td style=\"border: none; border-top: 1px solid #1d4197; text-align: center;\">4 horas<\/td>\n<\/tr>\n<tr style=\"background-color: #cfe2f3; color: #1d4197;\">\n<td style=\"border: none; border-top: 1px solid #1d4197; text-align: center;\">8<\/td>\n<td style=\"border: none; border-top: 1px solid #1d4197; text-align: left;\">Expresi\u00f3n Oral y Escrita<\/td>\n<td style=\"border: none; border-top: 1px solid #1d4197; text-align: center;\">Anual<\/td>\n<td style=\"border: none; border-top: 1px solid #1d4197; text-align: center;\">\u00a0<\/td>\n<td style=\"border: none; border-top: 1px solid #1d4197; text-align: center;\">4 horas<\/td>\n<\/tr>\n<tr style=\"background-color: #cfe2f3; color: #1d4197;\">\n<td style=\"border: none; border-top: 1px solid #1d4197; text-align: center;\">9<\/td>\n<td style=\"border: none; border-top: 1px solid #1d4197; text-align: left;\">Pr\u00e1ctica Profesional I: Dise\u00f1o de Proyectos Culturales y Comunicativos<\/td>\n<td style=\"border: none; border-top: 1px solid #1d4197; text-align: center;\">Anual<\/td>\n<td style=\"border: none; border-top: 1px solid #1d4197; text-align: center;\">\u00a0<\/td>\n<td style=\"border: none; border-top: 1px solid #1d4197; text-align: center;\">6 horas<\/td>\n<\/tr>\n<tr style=\"background-color: #cfe2f3; color: #1d4197;\">\n<td style=\"border: none; border-top: 1px solid #1d4197; text-align: center;\">10<\/td>\n<td style=\"border: none; border-top: 1px solid #1d4197; text-align: left;\">Introducci\u00f3n al Desarrollo Local<\/td>\n<td style=\"border: none; border-top: 1px solid #1d4197; text-align: center;\">Cuatrimestral<\/td>\n<td style=\"border: none; border-top: 1px solid #1d4197; text-align: center;\">\u00a0<\/td>\n<td style=\"border: none; border-top: 1px solid #1d4197; text-align: center;\">4 horas<\/td>\n<\/tr>\n<\/tbody>\n<\/table>\n<table style=\"font-size: 1.6vw; border: 1pt solid #1d4197; border-bottom-width: 5pt; vertical-align: middle;\">\n<tbody>\n<tr style=\"text-align: center;\">\n<th style=\"text-align: center !important; font-size: 16pt; color: #ffffff; background-color: #1d4197;\" colspan=\"5\" rowspan=\"1\"><strong>2\u00ba a\u00f1o<\/strong><\/th>\n<\/tr>\n<tr style=\"color: #1d4197; font-weight: bolder; padding: 5pt 5pt 5pt 5pt; background-color: #6fa8dc;\">\n<th style=\"border: none; border-top: 1px solid #1d4197; text-align: center;\">\u00a0<\/th>\n<th style=\"border: none; border-top: 1px solid #1d4197; font-size: larger;\"><strong>Unidad curricular<\/strong><\/th>\n<th style=\"border: none; border-top: 1px solid #1d4197; font-size: larger; text-align: center;\"><strong>R\u00e9gimen<\/strong><\/th>\n<th style=\"border: none; border-top: 1px solid #1d4197; font-size: larger; text-align: center;\"><strong>Formato<\/strong><\/th>\n<th style=\"border: none; border-top: 1px solid #1d4197; font-size: larger; text-align: center;\"><strong>Horas<br \/>Did\u00e1cticas<\/strong><\/th>\n<\/tr>\n<tr style=\"background-color: #cfe2f3; color: #1d4197;\">\n<td style=\"border: none; border-top: 1px solid #1d4197; text-align: center;\">11<\/td>\n<td style=\"border: none; border-top: 1px solid #1d4197; text-align: left;\">Sociolog\u00eda General<\/td>\n<td style=\"border: none; border-top: 1px solid #1d4197; text-align: center;\">Cuatrimestral<\/td>\n<td style=\"border: none; border-top: 1px solid #1d4197; text-align: center;\">\u00a0<\/td>\n<td style=\"border: none; border-top: 1px solid #1d4197; text-align: center;\">4 horas<\/td>\n<\/tr>\n<tr style=\"background-color: #cfe2f3; color: #1d4197;\">\n<td style=\"border: none; border-top: 1px solid #1d4197; text-align: center;\">12<\/td>\n<td style=\"border: none; border-top: 1px solid #1d4197; text-align: left;\">Procesos Pol\u00edticos, Econ\u00f3micos y el Mundo del Trabajo<\/td>\n<td style=\"border: none; border-top: 1px solid #1d4197; text-align: center;\">Cuatrimestral<\/td>\n<td style=\"border: none; border-top: 1px solid #1d4197; text-align: center;\">\u00a0<\/td>\n<td style=\"border: none; border-top: 1px solid #1d4197; text-align: center;\">5 horas<\/td>\n<\/tr>\n<tr style=\"background-color: #cfe2f3; color: #1d4197;\">\n<td style=\"border: none; border-top: 1px solid #1d4197; text-align: center;\">13<\/td>\n<td style=\"border: none; border-top: 1px solid #1d4197; text-align: left;\">Cultura y Comunicaci\u00f3n Contempor\u00e1nea<\/td>\n<td style=\"border: none; border-top: 1px solid #1d4197; text-align: center;\">Cuatrimestral<\/td>\n<td style=\"border: none; border-top: 1px solid #1d4197; text-align: center;\">\u00a0<\/td>\n<td style=\"border: none; border-top: 1px solid #1d4197; text-align: center;\">4 horas<\/td>\n<\/tr>\n<tr style=\"background-color: #cfe2f3; color: #1d4197;\">\n<td style=\"border: none; border-top: 1px solid #1d4197; text-align: center;\">14<\/td>\n<td style=\"border: none; border-top: 1px solid #1d4197; text-align: left;\">Historia Argentina y Latinoamericana Contempor\u00e1nea<\/td>\n<td style=\"border: none; border-top: 1px solid #1d4197; text-align: center;\">Anual<\/td>\n<td style=\"border: none; border-top: 1px solid #1d4197; text-align: center;\">\u00a0<\/td>\n<td style=\"border: none; border-top: 1px solid #1d4197; text-align: center;\">4 horas<\/td>\n<\/tr>\n<tr style=\"background-color: #cfe2f3; color: #1d4197;\">\n<td style=\"border: none; border-top: 1px solid #1d4197; text-align: center;\">15<\/td>\n<td style=\"border: none; border-top: 1px solid #1d4197; text-align: left;\">Ingl\u00e9s T\u00e9cnico<\/td>\n<td style=\"border: none; border-top: 1px solid #1d4197; text-align: center;\">Anual<\/td>\n<td style=\"border: none; border-top: 1px solid #1d4197; text-align: center;\">\u00a0<\/td>\n<td style=\"border: none; border-top: 1px solid #1d4197; text-align: center;\">4 horas<\/td>\n<\/tr>\n<tr style=\"background-color: #cfe2f3; color: #1d4197;\">\n<td style=\"border: none; border-top: 1px solid #1d4197; text-align: center;\">16<\/td>\n<td style=\"border: none; border-top: 1px solid #1d4197; text-align: left;\">Portugu\u00e9s T\u00e9cnico<\/td>\n<td style=\"border: none; border-top: 1px solid #1d4197; text-align: center;\">Anual<\/td>\n<td style=\"border: none; border-top: 1px solid #1d4197; text-align: center;\">\u00a0<\/td>\n<td style=\"border: none; border-top: 1px solid #1d4197; text-align: center;\">4 horas<\/td>\n<\/tr>\n<tr style=\"background-color: #cfe2f3; color: #1d4197;\">\n<td style=\"border: none; border-top: 1px solid #1d4197; text-align: center;\">17<\/td>\n<td style=\"border: none; border-top: 1px solid #1d4197; text-align: left;\">Opini\u00f3n P\u00fablica y Consumos Culturales<\/td>\n<td style=\"border: none; border-top: 1px solid #1d4197; text-align: center;\">Anual<\/td>\n<td style=\"border: none; border-top: 1px solid #1d4197; text-align: center;\">\u00a0<\/td>\n<td style=\"border: none; border-top: 1px solid #1d4197; text-align: center;\">4 horas<\/td>\n<\/tr>\n<tr style=\"background-color: #cfe2f3; color: #1d4197;\">\n<td style=\"border: none; border-top: 1px solid #1d4197; text-align: center;\">18<\/td>\n<td style=\"border: none; border-top: 1px solid #1d4197; text-align: left;\">Pr\u00e1ctica Profesional II: Acci\u00f3n Participativa Aplicada a la Comunicaci\u00f3n Social para el Desarrollo Local<\/td>\n<td style=\"border: none; border-top: 1px solid #1d4197; text-align: center;\">Anual<\/td>\n<td style=\"border: none; border-top: 1px solid #1d4197; text-align: center;\">\u00a0<\/td>\n<td style=\"border: none; border-top: 1px solid #1d4197; text-align: center;\">6 horas<\/td>\n<\/tr>\n<tr style=\"background-color: #cfe2f3; color: #1d4197;\">\n<td style=\"border: none; border-top: 1px solid #1d4197; text-align: center;\">19<\/td>\n<td style=\"border: none; border-top: 1px solid #1d4197; text-align: left;\">Taller de Comunicaci\u00f3n Audiovisual II<\/td>\n<td style=\"border: none; border-top: 1px solid #1d4197; text-align: center;\">Cuatrimestral<\/td>\n<td style=\"border: none; border-top: 1px solid #1d4197; text-align: center;\">\u00a0<\/td>\n<td style=\"border: none; border-top: 1px solid #1d4197; text-align: center;\">4 horas<\/td>\n<\/tr>\n<tr style=\"background-color: #cfe2f3; color: #1d4197;\">\n<td style=\"border: none; border-top: 1px solid #1d4197; text-align: center;\">20<\/td>\n<td style=\"border: none; border-top: 1px solid #1d4197; text-align: left;\">Lenguaje y Producci\u00f3n Gr\u00e1fica II<\/td>\n<td style=\"border: none; border-top: 1px solid #1d4197; text-align: center;\">Cuatrimestral<\/td>\n<td style=\"border: none; border-top: 1px solid #1d4197; text-align: center;\">\u00a0<\/td>\n<td style=\"border: none; border-top: 1px solid #1d4197; text-align: center;\">4 horas<\/td>\n<\/tr>\n<\/tbody>\n<\/table>\n<table style=\"font-size: 1.6vw; border: 1pt solid #1d4197; border-bottom-width: 5pt; vertical-align: middle;\">\n<tbody>\n<tr style=\"text-align: center;\">\n<th style=\"text-align: center !important; font-size: 16pt; color: #ffffff; background-color: #1d4197;\" colspan=\"5\" rowspan=\"1\"><strong>3\u00ba a\u00f1o<\/strong><\/th>\n<\/tr>\n<tr style=\"color: #1d4197; font-weight: bolder; padding: 5pt 5pt 5pt 5pt; background-color: #6fa8dc;\">\n<th style=\"border: none; border-top: 1px solid #1d4197; text-align: center;\">\u00a0<\/th>\n<th style=\"border: none; border-top: 1px solid #1d4197; font-size: larger;\"><strong>Unidad curricular<\/strong><\/th>\n<th style=\"border: none; border-top: 1px solid #1d4197; font-size: larger; text-align: center;\"><strong>R\u00e9gimen<\/strong><\/th>\n<th style=\"border: none; border-top: 1px solid #1d4197; font-size: larger; text-align: center;\"><strong>Formato<\/strong><\/th>\n<th style=\"border: none; border-top: 1px solid #1d4197; font-size: larger; text-align: center;\"><strong>Horas<br \/>Did\u00e1cticas<\/strong><\/th>\n<\/tr>\n<tr style=\"background-color: #cfe2f3; color: #1d4197;\">\n<td style=\"border: none; border-top: 1px solid #1d4197; text-align: center;\">21<\/td>\n<td style=\"border: none; border-top: 1px solid #1d4197; text-align: left;\">Publicidad y Propaganda<\/td>\n<td style=\"border: none; border-top: 1px solid #1d4197; text-align: center;\">Anual<\/td>\n<td style=\"border: none; border-top: 1px solid #1d4197; text-align: center;\">\u00a0<\/td>\n<td style=\"border: none; border-top: 1px solid #1d4197; text-align: center;\">4 horas<\/td>\n<\/tr>\n<tr style=\"background-color: #cfe2f3; color: #1d4197;\">\n<td style=\"border: none; border-top: 1px solid #1d4197; text-align: center;\">22<\/td>\n<td style=\"border: none; border-top: 1px solid #1d4197; text-align: left;\">Pr\u00e1ctica Profesional III: Pasant\u00eda<\/td>\n<td style=\"border: none; border-top: 1px solid #1d4197; text-align: center;\">Anual<\/td>\n<td style=\"border: none; border-top: 1px solid #1d4197; text-align: center;\">\u00a0<\/td>\n<td style=\"border: none; border-top: 1px solid #1d4197; text-align: center;\">6 horas<\/td>\n<\/tr>\n<tr style=\"background-color: #cfe2f3; color: #1d4197;\">\n<td style=\"border: none; border-top: 1px solid #1d4197; text-align: center;\">23<\/td>\n<td style=\"border: none; border-top: 1px solid #1d4197; text-align: left;\">Gesti\u00f3n. Producci\u00f3n y Administraci\u00f3n de Proyectos Comunicacionales y Medios de Comunicaci\u00f3n Social<\/td>\n<td style=\"border: none; border-top: 1px solid #1d4197; text-align: center;\">Anual<\/td>\n<td style=\"border: none; border-top: 1px solid #1d4197; text-align: center;\">\u00a0<\/td>\n<td style=\"border: none; border-top: 1px solid #1d4197; text-align: center;\">4 horas<\/td>\n<\/tr>\n<tr style=\"background-color: #cfe2f3; color: #1d4197;\">\n<td style=\"border: none; border-top: 1px solid #1d4197; text-align: center;\">24<\/td>\n<td style=\"border: none; border-top: 1px solid #1d4197; text-align: left;\">Comunicaci\u00f3n, Sociedad y Desarrollo Local<\/td>\n<td style=\"border: none; border-top: 1px solid #1d4197; text-align: center;\">Cuatrimestral<\/td>\n<td style=\"border: none; border-top: 1px solid #1d4197; text-align: center;\">\u00a0<\/td>\n<td style=\"border: none; border-top: 1px solid #1d4197; text-align: center;\">4 horas<\/td>\n<\/tr>\n<tr style=\"background-color: #cfe2f3; color: #1d4197;\">\n<td style=\"border: none; border-top: 1px solid #1d4197; text-align: center;\">25<\/td>\n<td style=\"border: none; border-top: 1px solid #1d4197; text-align: left;\">Arte y Literatura<\/td>\n<td style=\"border: none; border-top: 1px solid #1d4197; text-align: center;\">Cuatrimestral<\/td>\n<td style=\"border: none; border-top: 1px solid #1d4197; text-align: center;\">\u00a0<\/td>\n<td style=\"border: none; border-top: 1px solid #1d4197; text-align: center;\">4 horas<\/td>\n<\/tr>\n<tr style=\"background-color: #cfe2f3; color: #1d4197;\">\n<td style=\"border: none; border-top: 1px solid #1d4197; text-align: center;\">26<\/td>\n<td style=\"border: none; border-top: 1px solid #1d4197; text-align: left;\">\u00c9tica y Deontolog\u00eda Profesional<\/td>\n<td style=\"border: none; border-top: 1px solid #1d4197; text-align: center;\">Cuatrimestral<\/td>\n<td style=\"border: none; border-top: 1px solid #1d4197; text-align: center;\">\u00a0<\/td>\n<td style=\"border: none; border-top: 1px solid #1d4197; text-align: center;\">6 horas<\/td>\n<\/tr>\n<tr style=\"background-color: #cfe2f3; color: #1d4197;\">\n<td style=\"border: none; border-top: 1px solid #1d4197; text-align: center;\">27<\/td>\n<td style=\"border: none; border-top: 1px solid #1d4197; text-align: left;\">Fundamentos de Econom\u00eda<\/td>\n<td style=\"border: none; border-top: 1px solid #1d4197; text-align: center;\">Cuatrimestral<\/td>\n<td style=\"border: none; border-top: 1px solid #1d4197; text-align: center;\">\u00a0<\/td>\n<td style=\"border: none; border-top: 1px solid #1d4197; text-align: center;\">4 horas<\/td>\n<\/tr>\n<tr style=\"background-color: #cfe2f3; color: #1d4197;\">\n<td style=\"border: none; border-top: 1px solid #1d4197; text-align: center;\">28<\/td>\n<td style=\"border: none; border-top: 1px solid #1d4197; text-align: left;\">Taller de Comunicaci\u00f3n para el Desarrollo Local<\/td>\n<td style=\"border: none; border-top: 1px solid #1d4197; text-align: center;\">Cuatrimestral<\/td>\n<td style=\"border: none; border-top: 1px solid #1d4197; text-align: center;\">\u00a0<\/td>\n<td style=\"border: none; border-top: 1px solid #1d4197; text-align: center;\">4 horas<\/td>\n<\/tr>\n<tr style=\"background-color: #cfe2f3; color: #1d4197;\">\n<td style=\"border: none; border-top: 1px solid #1d4197; text-align: center;\">29<\/td>\n<td style=\"border: none; border-top: 1px solid #1d4197; text-align: left;\">Pensamiento Pol\u00edtico, Econ\u00f3mico y Social Contempor\u00e1neo<\/td>\n<td style=\"border: none; border-top: 1px solid #1d4197; text-align: center;\">Cuatrimestral<\/td>\n<td style=\"border: none; border-top: 1px solid #1d4197; text-align: center;\">\u00a0<\/td>\n<td style=\"border: none; border-top: 1px solid #1d4197; text-align: center;\">4 horas<\/td>\n<\/tr>\n<\/tbody>\n<\/table>\n<\/div>\n<p><!--more--><\/p>\n<p><!--more--><\/p>\n<p><!--more--><\/p>\n\n\n<figure class=\"wp-block-image\"><img alt=\"\"\/><\/figure>\n\n\n\n\n\n<div class=\"wp-block-media-text alignwide is-stacked-on-mobile\"><figure class=\"wp-block-media-text__media\"><\/figure><div class=\"wp-block-media-text__content\">\n<p class=\"has-large-font-size\"><\/p>\n<\/div><\/div>\n","protected":false},"excerpt":{"rendered":"<p>TECNICATURA SUPERIOR EN COMUNICACI\u00d3N SOCIAL RESOLUCI\u00d3N: Res-5436-2016 T\u00cdTULO A OTORGAR: T\u00e9cnico\/a Superior en Comunicaci\u00f3n Social DURACI\u00d3N: 3 a\u00f1os HORAS C\u00c1TEDRA: horas UNIDADES CURRICULARES: 29 COORDINADOR: Mara S\u00e1nchez PERFIL DEL PROFESIONAL: El egresado en Comunicaci\u00f3n Social Orientado al Desarrollo Local podr\u00e1 desempe\u00f1arse en medios de comunicaci\u00f3n, empresas y organizaciones sociales creando y produciendo mensajes de informaciones. &#8230; <a title=\"Tecnicatura Superior en Comunicaci\u00f3n Social\" class=\"read-more\" href=\"https:\/\/iscuruzucuatia-crr.infd.edu.ar\/sitio\/carreras\/tecnicaturas\/tecnicatura-superior-en-comunicacion-social\/\" aria-label=\"More on Tecnicatura Superior en Comunicaci\u00f3n Social\">[+]<\/a><\/p>\n","protected":false},"author":3317,"featured_media":0,"parent":1255,"menu_order":0,"comment_status":"closed","ping_status":"closed","template":"","meta":[],"acf":[],"_links":{"self":[{"href":"https:\/\/iscuruzucuatia-crr.infd.edu.ar\/sitio\/wp-json\/wp\/v2\/pages\/1989"}],"collection":[{"href":"https:\/\/iscuruzucuatia-crr.infd.edu.ar\/sitio\/wp-json\/wp\/v2\/pages"}],"about":[{"href":"https:\/\/iscuruzucuatia-crr.infd.edu.ar\/sitio\/wp-json\/wp\/v2\/types\/page"}],"author":[{"embeddable":true,"href":"https:\/\/iscuruzucuatia-crr.infd.edu.ar\/sitio\/wp-json\/wp\/v2\/users\/3317"}],"replies":[{"embeddable":true,"href":"https:\/\/iscuruzucuatia-crr.infd.edu.ar\/sitio\/wp-json\/wp\/v2\/comments?post=1989"}],"version-history":[{"count":12,"href":"https:\/\/iscuruzucuatia-crr.infd.edu.ar\/sitio\/wp-json\/wp\/v2\/pages\/1989\/revisions"}],"predecessor-version":[{"id":3190,"href":"https:\/\/iscuruzucuatia-crr.infd.edu.ar\/sitio\/wp-json\/wp\/v2\/pages\/1989\/revisions\/3190"}],"up":[{"embeddable":true,"href":"https:\/\/iscuruzucuatia-crr.infd.edu.ar\/sitio\/wp-json\/wp\/v2\/pages\/1255"}],"wp:attachment":[{"href":"https:\/\/iscuruzucuatia-crr.infd.edu.ar\/sitio\/wp-json\/wp\/v2\/media?parent=1989"}],"curies":[{"name":"wp","href":"https:\/\/api.w.org\/{rel}","templated":true}]}}