{"id":1781,"date":"2021-06-07T16:41:59","date_gmt":"2021-06-07T19:41:59","guid":{"rendered":"https:\/\/iscuruzucuatia-crr.infd.edu.ar\/sitio\/?page_id=1781"},"modified":"2021-07-03T20:58:25","modified_gmt":"2021-07-03T23:58:25","slug":"secretaria-academica","status":"publish","type":"page","link":"https:\/\/iscuruzucuatia-crr.infd.edu.ar\/sitio\/inicio\/secretaria-academica\/","title":{"rendered":"Secretar\u00eda Acad\u00e9mica"},"content":{"rendered":"<div style=\"font-family: 'Ubuntu',sans-serif;  font-size: 1rem;\">\n<h1 style=\"font-size: 2.5rem; color: #1D4197; text-align: center;\">SECRETAR\u00cdA ACAD\u00c9MICA<\/h1>\n<ul>\n<li><strong>Secretar\u00eda Acad\u00e9mica:<\/strong> Lic. Berta Itat\u00ed Silva.<\/li>\n<\/ul>\n<p>Es la unidad responsable de la coordinaci\u00f3n acad\u00e9mica, articulando las acciones de docencia y otras actividades acad\u00e9micas a cargo del instituto, la programaci\u00f3n y el personal docente de tales acciones, con el objetivo de fortalecer la trayectoria formativa de los estudiantes.<\/p>\n<p>Funciona bajo la dependencia del rectorado. Coordina el trabajo articulado con la coordinaci\u00f3n de \u00e1reas y las de carrera a trav\u00e9s de la coordinaci\u00f3n de formaci\u00f3n inicial.<\/p>\n<p><img decoding=\"async\" style=\"float: left; width:1rem;  padding-top: 5px; margin-right: 5px;\"\n    src=\"https:\/\/iscuruzucuatia-crr.infd.edu.ar\/sitio\/wp-content\/uploads\/2021\/06\/email.png\"> <a href=\"mailto:iscc.academica@gmail.com\">iscc.academica@gmail.com<\/a><br \/>\n    <img decoding=\"async\" style=\"float: left; width:1rem; padding-top: 5px; margin-right: 5px;\"\n    src=\"https:\/\/iscuruzucuatia-crr.infd.edu.ar\/sitio\/wp-content\/uploads\/2021\/06\/horario.png\"> <strong>Por la Ma\u00f1ana:<\/strong> mi\u00e9rcoles 9:30 hs. a 11:00 hs.<br \/>\n&nbsp; &nbsp; &nbsp; <strong>Por la tarde:<\/strong> jueves 16:00 hs. a 18:30 hs.<\/p>\n<\/div>\n","protected":false},"excerpt":{"rendered":"<p>SECRETAR\u00cdA ACAD\u00c9MICA Secretar\u00eda Acad\u00e9mica: Lic. Berta Itat\u00ed Silva. Es la unidad responsable de la coordinaci\u00f3n acad\u00e9mica, articulando las acciones de docencia y otras actividades acad\u00e9micas a cargo del instituto, la programaci\u00f3n y el personal docente de tales acciones, con el objetivo de fortalecer la trayectoria formativa de los estudiantes. Funciona bajo la dependencia del rectorado. &#8230; <a title=\"Secretar\u00eda Acad\u00e9mica\" class=\"read-more\" href=\"https:\/\/iscuruzucuatia-crr.infd.edu.ar\/sitio\/inicio\/secretaria-academica\/\" aria-label=\"More on Secretar\u00eda Acad\u00e9mica\">[+]<\/a><\/p>\n","protected":false},"author":3317,"featured_media":0,"parent":286,"menu_order":0,"comment_status":"closed","ping_status":"closed","template":"","meta":[],"acf":[],"_links":{"self":[{"href":"https:\/\/iscuruzucuatia-crr.infd.edu.ar\/sitio\/wp-json\/wp\/v2\/pages\/1781"}],"collection":[{"href":"https:\/\/iscuruzucuatia-crr.infd.edu.ar\/sitio\/wp-json\/wp\/v2\/pages"}],"about":[{"href":"https:\/\/iscuruzucuatia-crr.infd.edu.ar\/sitio\/wp-json\/wp\/v2\/types\/page"}],"author":[{"embeddable":true,"href":"https:\/\/iscuruzucuatia-crr.infd.edu.ar\/sitio\/wp-json\/wp\/v2\/users\/3317"}],"replies":[{"embeddable":true,"href":"https:\/\/iscuruzucuatia-crr.infd.edu.ar\/sitio\/wp-json\/wp\/v2\/comments?post=1781"}],"version-history":[{"count":12,"href":"https:\/\/iscuruzucuatia-crr.infd.edu.ar\/sitio\/wp-json\/wp\/v2\/pages\/1781\/revisions"}],"predecessor-version":[{"id":2219,"href":"https:\/\/iscuruzucuatia-crr.infd.edu.ar\/sitio\/wp-json\/wp\/v2\/pages\/1781\/revisions\/2219"}],"up":[{"embeddable":true,"href":"https:\/\/iscuruzucuatia-crr.infd.edu.ar\/sitio\/wp-json\/wp\/v2\/pages\/286"}],"wp:attachment":[{"href":"https:\/\/iscuruzucuatia-crr.infd.edu.ar\/sitio\/wp-json\/wp\/v2\/media?parent=1781"}],"curies":[{"name":"wp","href":"https:\/\/api.w.org\/{rel}","templated":true}]}}