{"id":1727,"date":"2021-05-31T16:18:43","date_gmt":"2021-05-31T19:18:43","guid":{"rendered":"https:\/\/iscuruzucuatia-crr.infd.edu.ar\/sitio\/?page_id=1727"},"modified":"2021-06-07T17:13:46","modified_gmt":"2021-06-07T20:13:46","slug":"coordinacion-de-formacion-docente-continua","status":"publish","type":"page","link":"https:\/\/iscuruzucuatia-crr.infd.edu.ar\/sitio\/inicio\/coordinaciones\/coordinacion-de-formacion-docente-continua\/","title":{"rendered":"Coordinaci\u00f3n de Formaci\u00f3n Docente Continua"},"content":{"rendered":"<div style=\"font-family: 'Ubuntu',sans-serif;  font-size: 1rem;\">\n<h1 style=\"font-size: 2.5rem; color: #1D4197; text-align: center;\">COORDINACI\u00d3N DE FORMACI\u00d3N<br \/>\nDOCENTE CONTINUA<\/h1>\n<ul>\n<li><strong>Coordinadora:<\/strong> Mgter. Flavia Frola<\/li>\n<\/ul>\n<h2 style=\"font-size: 2rem; color: #1D4197;\"> Funciones <\/h2>\n<ul>\n<li>Acompa\u00f1amiento de los primeros desempe\u00f1os docentes.<\/li>\n<li>Formaci\u00f3n pedag\u00f3gica de agentes sin t\u00edtulos docentes y de profesionales de otras disciplinas.<\/li>\n<li>Formaci\u00f3n para el desempe\u00f1o de distintas funciones en el sistema educativo.<\/li>\n<li>Preparaci\u00f3n para el desempe\u00f1o de cargos directivos y de supervisi\u00f3n.<\/li>\n<li>Actualizaci\u00f3n disciplinar y pedag\u00f3gica de docentes en ejercicio.<\/li>\n<li>Formaci\u00f3n de docentes y no docentes para el desarrollo de actividades educativas en instituciones no escolares.<\/li>\n<li>Acompa\u00f1amiento de formaci\u00f3n para escuelas asociadas.<\/li>\n<\/ul>\n<\/div>\n","protected":false},"excerpt":{"rendered":"<p>COORDINACI\u00d3N DE FORMACI\u00d3N DOCENTE CONTINUA Coordinadora: Mgter. Flavia Frola Funciones Acompa\u00f1amiento de los primeros desempe\u00f1os docentes. Formaci\u00f3n pedag\u00f3gica de agentes sin t\u00edtulos docentes y de profesionales de otras disciplinas. Formaci\u00f3n para el desempe\u00f1o de distintas funciones en el sistema educativo. Preparaci\u00f3n para el desempe\u00f1o de cargos directivos y de supervisi\u00f3n. Actualizaci\u00f3n disciplinar y pedag\u00f3gica de &#8230; <a title=\"Coordinaci\u00f3n de Formaci\u00f3n Docente Continua\" class=\"read-more\" href=\"https:\/\/iscuruzucuatia-crr.infd.edu.ar\/sitio\/inicio\/coordinaciones\/coordinacion-de-formacion-docente-continua\/\" aria-label=\"More on Coordinaci\u00f3n de Formaci\u00f3n Docente Continua\">[+]<\/a><\/p>\n","protected":false},"author":3317,"featured_media":0,"parent":1719,"menu_order":0,"comment_status":"closed","ping_status":"closed","template":"","meta":[],"acf":[],"_links":{"self":[{"href":"https:\/\/iscuruzucuatia-crr.infd.edu.ar\/sitio\/wp-json\/wp\/v2\/pages\/1727"}],"collection":[{"href":"https:\/\/iscuruzucuatia-crr.infd.edu.ar\/sitio\/wp-json\/wp\/v2\/pages"}],"about":[{"href":"https:\/\/iscuruzucuatia-crr.infd.edu.ar\/sitio\/wp-json\/wp\/v2\/types\/page"}],"author":[{"embeddable":true,"href":"https:\/\/iscuruzucuatia-crr.infd.edu.ar\/sitio\/wp-json\/wp\/v2\/users\/3317"}],"replies":[{"embeddable":true,"href":"https:\/\/iscuruzucuatia-crr.infd.edu.ar\/sitio\/wp-json\/wp\/v2\/comments?post=1727"}],"version-history":[{"count":5,"href":"https:\/\/iscuruzucuatia-crr.infd.edu.ar\/sitio\/wp-json\/wp\/v2\/pages\/1727\/revisions"}],"predecessor-version":[{"id":1798,"href":"https:\/\/iscuruzucuatia-crr.infd.edu.ar\/sitio\/wp-json\/wp\/v2\/pages\/1727\/revisions\/1798"}],"up":[{"embeddable":true,"href":"https:\/\/iscuruzucuatia-crr.infd.edu.ar\/sitio\/wp-json\/wp\/v2\/pages\/1719"}],"wp:attachment":[{"href":"https:\/\/iscuruzucuatia-crr.infd.edu.ar\/sitio\/wp-json\/wp\/v2\/media?parent=1727"}],"curies":[{"name":"wp","href":"https:\/\/api.w.org\/{rel}","templated":true}]}}