{"id":1725,"date":"2021-05-31T16:17:22","date_gmt":"2021-05-31T19:17:22","guid":{"rendered":"https:\/\/iscuruzucuatia-crr.infd.edu.ar\/sitio\/?page_id=1725"},"modified":"2021-06-10T16:00:04","modified_gmt":"2021-06-10T19:00:04","slug":"coordinacion-de-politicas-estudiantiles","status":"publish","type":"page","link":"https:\/\/iscuruzucuatia-crr.infd.edu.ar\/sitio\/inicio\/coordinaciones\/coordinacion-de-politicas-estudiantiles\/","title":{"rendered":"Coordinaci\u00f3n de Pol\u00edticas Estudiantiles"},"content":{"rendered":"<div style=\"font-family: 'Ubuntu',sans-serif;  font-size: 1rem;\">\n<h1 style=\"font-size: 2.5rem; color: #1D4197; text-align: center;\">COORDINACI\u00d3N DE POL\u00cdTICAS ESTUDIANTILES<\/h1>\n<ul>\n<li><strong>Coordinador:<\/strong> Tec. Miguel Angel Garcia<\/li>\n<\/ul>\n<h2 style=\"font-size: 2rem; color: #1D4197;\">Funciones<\/h2>\n<ul>\n<li>Representaci\u00f3n ante el Consejo Directivo junto a los Delegados de los alumnos.<\/li>\n<li>Postulaci\u00f3n de las Becas vigentes, Progresar y Pronafe.<\/li>\n<li>Postulaci\u00f3n del Centro de estudiantes anualmente en el mes de Octubre y elecci\u00f3n de los dos alumnos delegados como voz del alumnado ante el Consejo Directivo.<\/li>\n<\/ul>\n<p>\n    <img decoding=\"async\" style=\"float: left; width:1rem; padding-top: 5px; margin-right: 5px;\"\n    src=\"https:\/\/iscuruzucuatia-crr.infd.edu.ar\/sitio\/wp-content\/uploads\/2021\/06\/telefono.png\"> (3774) 45-6432<br \/>\n    <img decoding=\"async\" style=\"float: left; width:1rem;  padding-top: 5px; margin-right: 5px;\"\n    src=\"https:\/\/iscuruzucuatia-crr.infd.edu.ar\/sitio\/wp-content\/uploads\/2021\/06\/email.png\"> <a href=\"mailto:taema_miguel@hotmail.com\">taema_miguel@hotmail.com<\/a>\n  <\/p>\n<\/div>\n","protected":false},"excerpt":{"rendered":"<p>COORDINACI\u00d3N DE POL\u00cdTICAS ESTUDIANTILES Coordinador: Tec. Miguel Angel Garcia Funciones Representaci\u00f3n ante el Consejo Directivo junto a los Delegados de los alumnos. Postulaci\u00f3n de las Becas vigentes, Progresar y Pronafe. Postulaci\u00f3n del Centro de estudiantes anualmente en el mes de Octubre y elecci\u00f3n de los dos alumnos delegados como voz del alumnado ante el Consejo &#8230; <a title=\"Coordinaci\u00f3n de Pol\u00edticas Estudiantiles\" class=\"read-more\" href=\"https:\/\/iscuruzucuatia-crr.infd.edu.ar\/sitio\/inicio\/coordinaciones\/coordinacion-de-politicas-estudiantiles\/\" aria-label=\"More on Coordinaci\u00f3n de Pol\u00edticas Estudiantiles\">[+]<\/a><\/p>\n","protected":false},"author":3317,"featured_media":0,"parent":1719,"menu_order":0,"comment_status":"closed","ping_status":"closed","template":"","meta":[],"acf":[],"_links":{"self":[{"href":"https:\/\/iscuruzucuatia-crr.infd.edu.ar\/sitio\/wp-json\/wp\/v2\/pages\/1725"}],"collection":[{"href":"https:\/\/iscuruzucuatia-crr.infd.edu.ar\/sitio\/wp-json\/wp\/v2\/pages"}],"about":[{"href":"https:\/\/iscuruzucuatia-crr.infd.edu.ar\/sitio\/wp-json\/wp\/v2\/types\/page"}],"author":[{"embeddable":true,"href":"https:\/\/iscuruzucuatia-crr.infd.edu.ar\/sitio\/wp-json\/wp\/v2\/users\/3317"}],"replies":[{"embeddable":true,"href":"https:\/\/iscuruzucuatia-crr.infd.edu.ar\/sitio\/wp-json\/wp\/v2\/comments?post=1725"}],"version-history":[{"count":12,"href":"https:\/\/iscuruzucuatia-crr.infd.edu.ar\/sitio\/wp-json\/wp\/v2\/pages\/1725\/revisions"}],"predecessor-version":[{"id":1837,"href":"https:\/\/iscuruzucuatia-crr.infd.edu.ar\/sitio\/wp-json\/wp\/v2\/pages\/1725\/revisions\/1837"}],"up":[{"embeddable":true,"href":"https:\/\/iscuruzucuatia-crr.infd.edu.ar\/sitio\/wp-json\/wp\/v2\/pages\/1719"}],"wp:attachment":[{"href":"https:\/\/iscuruzucuatia-crr.infd.edu.ar\/sitio\/wp-json\/wp\/v2\/media?parent=1725"}],"curies":[{"name":"wp","href":"https:\/\/api.w.org\/{rel}","templated":true}]}}