{"id":1722,"date":"2021-05-31T16:16:09","date_gmt":"2021-05-31T19:16:09","guid":{"rendered":"https:\/\/iscuruzucuatia-crr.infd.edu.ar\/sitio\/?page_id=1722"},"modified":"2021-06-07T17:17:42","modified_gmt":"2021-06-07T20:17:42","slug":"coordinacion-de-practicas-docentes","status":"publish","type":"page","link":"https:\/\/iscuruzucuatia-crr.infd.edu.ar\/sitio\/inicio\/coordinaciones\/coordinacion-de-practicas-docentes\/","title":{"rendered":"Coordinaci\u00f3n de Pr\u00e1cticas Docentes"},"content":{"rendered":"<div style=\"font-family: 'Ubuntu',sans-serif;  font-size: 1rem;\">\n<h1 style=\"font-size: 2.5rem; color: #1D4197; text-align: center;\">COORDINACI\u00d3N DE PR\u00c1CTICAS DOCENTES<\/h1>\n<ul>\n<li><strong>Coordinadora:<\/strong> Prof. Mar\u00eda Mercedes Aspiazu<\/li>\n<\/ul>\n<h2 style=\"font-size: 2rem; color: #1D4197;\">Funciones<\/h2>\n<ul>\n<li>Coordinaci\u00f3n en la elaboraci\u00f3n de acuerdos con supervisores, directores y docentes de los niveles para los que forman, conforme al Acuerdo Marco de las Direcciones de Nivel.<\/li>\n<li>Organizaci\u00f3n del trabajo del campo de la Pr\u00e1ctica y su articulaci\u00f3n con las unidades curriculares de todos los campos de formaci\u00f3n.<\/li>\n<li>Organizaci\u00f3n de las unidades del campo de la Pr\u00e1ctica considerando, al menos:<\/li>\n<ul>\n<li>los principios de coherencia y cohesi\u00f3n para la conformaci\u00f3n del equipo de pr\u00e1ctica y flexibilizaci\u00f3n de tiempos y espacios.<\/li>\n<li>el respeto una etapa de preparaci\u00f3n y acuerdos consolidando el trabajo en equipo con las instituciones asociadas, conforme periodos en calendario escolar.<\/li>\n<li>el acompa\u00f1amiento en el trabajo a los equipos de Pr\u00e1ctica y Residencia promoviendo la participaci\u00f3n de todos los actores que deben involucrarse, tanto en las instancias de talleres, como en las instituciones asociadas.<\/li>\n<li>el asesoramiento y acompa\u00f1amiento presencial a los estudiantes (cantidad de horas de observaci\u00f3n, informes que deben confeccionar, presentaci\u00f3n de los estudiantes en las escuelas asociadas).<\/li>\n<li>La elaboraci\u00f3n y difusi\u00f3n de la informaci\u00f3n entre los integrantes del equipo de la pr\u00e1ctica: profesor de la Pr\u00e1ctica, profesores de los dem\u00e1s campos de formaci\u00f3n, del mismo a\u00f1o de la carrera, estudiantes y docentes orientadores de las escuelas asociadas.<\/li>\n<li>la definici\u00f3n y gesti\u00f3n de ciertos circuitos administrativos b\u00e1sicos e indispensables para el buen funcionamiento del campo.<\/li>\n<li>la definici\u00f3n de espacios colaborativos al interior del campo y con las instituciones asociadas.<\/li>\n<li>la distribuci\u00f3n de cargas horarias conforme a los Dise\u00f1os Curriculares vigentes.<\/li>\n<li>la solicitud de un cronograma previo a los profesores a cargo de las unidades curriculares del Campo de la Pr\u00e1ctica, e informes mensuales de acciones.<\/li>\n<\/ul>\n<\/ul>\n<\/div>\n","protected":false},"excerpt":{"rendered":"<p>COORDINACI\u00d3N DE PR\u00c1CTICAS DOCENTES Coordinadora: Prof. Mar\u00eda Mercedes Aspiazu Funciones Coordinaci\u00f3n en la elaboraci\u00f3n de acuerdos con supervisores, directores y docentes de los niveles para los que forman, conforme al Acuerdo Marco de las Direcciones de Nivel. Organizaci\u00f3n del trabajo del campo de la Pr\u00e1ctica y su articulaci\u00f3n con las unidades curriculares de todos los &#8230; <a title=\"Coordinaci\u00f3n de Pr\u00e1cticas Docentes\" class=\"read-more\" href=\"https:\/\/iscuruzucuatia-crr.infd.edu.ar\/sitio\/inicio\/coordinaciones\/coordinacion-de-practicas-docentes\/\" aria-label=\"More on Coordinaci\u00f3n de Pr\u00e1cticas Docentes\">[+]<\/a><\/p>\n","protected":false},"author":3317,"featured_media":0,"parent":1719,"menu_order":0,"comment_status":"closed","ping_status":"closed","template":"","meta":[],"acf":[],"_links":{"self":[{"href":"https:\/\/iscuruzucuatia-crr.infd.edu.ar\/sitio\/wp-json\/wp\/v2\/pages\/1722"}],"collection":[{"href":"https:\/\/iscuruzucuatia-crr.infd.edu.ar\/sitio\/wp-json\/wp\/v2\/pages"}],"about":[{"href":"https:\/\/iscuruzucuatia-crr.infd.edu.ar\/sitio\/wp-json\/wp\/v2\/types\/page"}],"author":[{"embeddable":true,"href":"https:\/\/iscuruzucuatia-crr.infd.edu.ar\/sitio\/wp-json\/wp\/v2\/users\/3317"}],"replies":[{"embeddable":true,"href":"https:\/\/iscuruzucuatia-crr.infd.edu.ar\/sitio\/wp-json\/wp\/v2\/comments?post=1722"}],"version-history":[{"count":4,"href":"https:\/\/iscuruzucuatia-crr.infd.edu.ar\/sitio\/wp-json\/wp\/v2\/pages\/1722\/revisions"}],"predecessor-version":[{"id":1804,"href":"https:\/\/iscuruzucuatia-crr.infd.edu.ar\/sitio\/wp-json\/wp\/v2\/pages\/1722\/revisions\/1804"}],"up":[{"embeddable":true,"href":"https:\/\/iscuruzucuatia-crr.infd.edu.ar\/sitio\/wp-json\/wp\/v2\/pages\/1719"}],"wp:attachment":[{"href":"https:\/\/iscuruzucuatia-crr.infd.edu.ar\/sitio\/wp-json\/wp\/v2\/media?parent=1722"}],"curies":[{"name":"wp","href":"https:\/\/api.w.org\/{rel}","templated":true}]}}