{"id":1718,"date":"2021-05-31T16:09:11","date_gmt":"2021-05-31T19:09:11","guid":{"rendered":"https:\/\/iscuruzucuatia-crr.infd.edu.ar\/sitio\/?page_id=1718"},"modified":"2021-06-07T17:25:40","modified_gmt":"2021-06-07T20:25:40","slug":"coordinacion-de-trayectos-de-fortalecimiento-pedagogico","status":"publish","type":"page","link":"https:\/\/iscuruzucuatia-crr.infd.edu.ar\/sitio\/inicio\/coordinaciones\/coordinacion-de-trayectos-de-fortalecimiento-pedagogico\/","title":{"rendered":"Coordinaci\u00f3n de Trayectos de Fortalecimiento Pedag\u00f3gico"},"content":{"rendered":"<div style=\"font-family: 'Ubuntu',sans-serif;  font-size: 1rem;\">\n<h1 style=\"font-size: 2.5rem; color: #1D4197; text-align: center;\">COORDINACI\u00d3N DE TRAYECTOS<br \/>\nDE FORTALECIMIENTO PEDAG\u00d3GICO<\/h1>\n<ul>\n<li><strong>Coordinadora:<\/strong> Liliana Arbelo<\/li>\n<li><strong>Orientadoras:<\/strong> Prof. Natalia Aguirre<\/li>\n<ul>\n<li>Profesoras de pr\u00e1cticas docente 1, 2 y 3<\/li>\n<ul>\n<li>Prof. Ver\u00f3nica Fabbro<\/li>\n<li>Eugenia Fornaroli<\/li>\n<li>Natalia Aguirre<\/li>\n<\/ul>\n<\/ul>\n<\/ul>\n<h2 style=\"font-size: 2rem; color: #1D4197;\">Funciones<\/h2>\n<ul>\n<li>Contribuci\u00f3n al cumplimiento del Objetivo 1, inciso d) del Plan Nacional de Formaci\u00f3n Docente (Res. N\u00b0286) que se propone garantizar la cantidad necesaria de docentes con la titulaci\u00f3n requerida.<\/li>\n<li>Coordinaci\u00f3n para brindar una formaci\u00f3n did\u00e1ctico-pedag\u00f3gica s\u00f3lida a docentes en ejercicio, promoviendo la profesionalizaci\u00f3n del trabajo docente en la escuela secundaria y revalorizando la formaci\u00f3n pedag\u00f3gica como factor estrat\u00e9gico del mejoramiento de la calidad de la educaci\u00f3n.<\/li>\n<li>Ofrecimiento de un espacio para el desarrollo de las capacidades docentes requeridas para una ense\u00f1anza eficaz y la reflexi\u00f3n sobre las pr\u00e1cticas, tendientes a lograr m\u00e1s y mejores aprendizajes en los estudiantes.<\/li>\n<\/ul>\n<p>Sede 181 IFD Curuz\u00fa Cuati\u00e1<\/p>\n<p><a href=\"https:\/\/red.infd.edu.ar\/trayectos-de-fortalecimiento-pedagogico-inscripcion-a-materias-primer-semestre-2020\/\">Inscripci\u00f3n a Unidades Curriculares Primer Semestre 2021<\/a><\/p>\n<\/div>\n","protected":false},"excerpt":{"rendered":"<p>COORDINACI\u00d3N DE TRAYECTOS DE FORTALECIMIENTO PEDAG\u00d3GICO Coordinadora: Liliana Arbelo Orientadoras: Prof. Natalia Aguirre Profesoras de pr\u00e1cticas docente 1, 2 y 3 Prof. Ver\u00f3nica Fabbro Eugenia Fornaroli Natalia Aguirre Funciones Contribuci\u00f3n al cumplimiento del Objetivo 1, inciso d) del Plan Nacional de Formaci\u00f3n Docente (Res. N\u00b0286) que se propone garantizar la cantidad necesaria de docentes con &#8230; <a title=\"Coordinaci\u00f3n de Trayectos de Fortalecimiento Pedag\u00f3gico\" class=\"read-more\" href=\"https:\/\/iscuruzucuatia-crr.infd.edu.ar\/sitio\/inicio\/coordinaciones\/coordinacion-de-trayectos-de-fortalecimiento-pedagogico\/\" aria-label=\"More on Coordinaci\u00f3n de Trayectos de Fortalecimiento Pedag\u00f3gico\">[+]<\/a><\/p>\n","protected":false},"author":3317,"featured_media":0,"parent":1719,"menu_order":0,"comment_status":"closed","ping_status":"closed","template":"","meta":[],"acf":[],"_links":{"self":[{"href":"https:\/\/iscuruzucuatia-crr.infd.edu.ar\/sitio\/wp-json\/wp\/v2\/pages\/1718"}],"collection":[{"href":"https:\/\/iscuruzucuatia-crr.infd.edu.ar\/sitio\/wp-json\/wp\/v2\/pages"}],"about":[{"href":"https:\/\/iscuruzucuatia-crr.infd.edu.ar\/sitio\/wp-json\/wp\/v2\/types\/page"}],"author":[{"embeddable":true,"href":"https:\/\/iscuruzucuatia-crr.infd.edu.ar\/sitio\/wp-json\/wp\/v2\/users\/3317"}],"replies":[{"embeddable":true,"href":"https:\/\/iscuruzucuatia-crr.infd.edu.ar\/sitio\/wp-json\/wp\/v2\/comments?post=1718"}],"version-history":[{"count":6,"href":"https:\/\/iscuruzucuatia-crr.infd.edu.ar\/sitio\/wp-json\/wp\/v2\/pages\/1718\/revisions"}],"predecessor-version":[{"id":1809,"href":"https:\/\/iscuruzucuatia-crr.infd.edu.ar\/sitio\/wp-json\/wp\/v2\/pages\/1718\/revisions\/1809"}],"up":[{"embeddable":true,"href":"https:\/\/iscuruzucuatia-crr.infd.edu.ar\/sitio\/wp-json\/wp\/v2\/pages\/1719"}],"wp:attachment":[{"href":"https:\/\/iscuruzucuatia-crr.infd.edu.ar\/sitio\/wp-json\/wp\/v2\/media?parent=1718"}],"curies":[{"name":"wp","href":"https:\/\/api.w.org\/{rel}","templated":true}]}}