{"id":1161,"date":"2018-08-30T12:51:52","date_gmt":"2018-08-30T15:51:52","guid":{"rendered":"https:\/\/iscuruzucuatia-crr.infd.edu.ar\/sitio\/tecnico-superior-en-gestion-de-la-produccion-agropecuaria\/"},"modified":"2021-08-10T02:11:03","modified_gmt":"2021-08-10T05:11:03","slug":"tecnicatura-superior-en-gestion-de-la-produccion-agropecuaria","status":"publish","type":"page","link":"https:\/\/iscuruzucuatia-crr.infd.edu.ar\/sitio\/carreras\/tecnicaturas\/tecnicatura-superior-en-gestion-de-la-produccion-agropecuaria\/","title":{"rendered":"Tecnicatura Superior en Gesti\u00f3n de la Producci\u00f3n Agropecuaria"},"content":{"rendered":"<div style=\"font-family: 'Ubuntu',sans-serif;  font-size: 1rem;\">\n<h1 style=\"font-size: 2.5rem; color: #1D4197; text-align: center;\">TECNICATURA SUPERIOR EN GESTI\u00d3N<br \/>\nDE LA PRODUCCI\u00d3N AGROPECUARIA<\/h1>\n<ul>\n<li>\t<strong style=\"color: #1D4197;\"> RESOLUCI\u00d3N: <\/strong><a href=\"http:\/\/www.dgescorrientes.net\/Resolucion-46-2013.pdf\">Res-46-2013<\/a><\/li>\n<li>\t<strong style=\"color: #1D4197;\"> T\u00cdTULO A OTORGAR: <\/strong>   T\u00e9cnico\/a Superior en Gesti\u00f3n de la Producci\u00f3n      Agropecuaria<\/li>\n<li>\t<strong style=\"color: #1D4197;\"> DURACI\u00d3N: <\/strong>     3 a\u00f1os<\/li>\n<li>\t<strong style=\"color: #1D4197;\"> HORAS C\u00c1TEDRA: <\/strong>    horas<\/li>\n<li>\t<strong style=\"color: #1D4197;\"> UNIDADES CURRICULARES: <\/strong>  27<\/li>\n<li>\t<strong style=\"color: #1D4197;\"> COORDINADOR: <\/strong>    Tec. Manuel Medina<\/li>\n<li>\t<strong style=\"color: #1D4197;\"> PERFIL DEL PROFESIONAL: <\/strong> El T\u00e9cnico Superior en Gesti\u00f3n de la Producci\u00f3n Agropecuaria est\u00e1 capacitado para: Aplicar y transferir conocimientos, habilidades, destrezas, valores y actitudes en situaciones reales de trabajo, conforme a criterios de profesionalidad propios de su \u00e1rea. Cada uno de estos alcances implica un desempe\u00f1o profesional del t\u00e9cnico superior que propicie el desarrollo local, que tenga en cuenta el cuidado del medio ambiente y el uso y preservaci\u00f3n de los recursos naturales bajo un concepto de sustentabilidad, as\u00ed como criterios de calidad, productividad y seguridad en la producci\u00f3n agropecuaria.<\/li>\n<\/ul>\n<p><strong style=\"font-size: 2rem; color: #1D4197;\"> PLAN DE ESTUDIO <\/strong><a href=\"https:\/\/iscuruzucuatia-crr.infd.edu.ar\/sitio\/wp-content\/uploads\/2021\/07\/Tecnicatura-Superior-en-Gesti\u00f3n-de-la-Producci\u00f3n-Agropecuaria.pdf\" style=\"cursor: pointer; color: #fff; background-color: #1D4197; border-color: #1D4197; padding: .375rem .75rem; border-radius: .25rem;\">descargar<\/a><\/p>\n<table style=\"font-size: 1.6vw; border: 1pt solid #1d4197; border-bottom-width: 5pt; vertical-align: middle;\">\n<tbody>\n<tr style=\"text-align: center;\">\n<th style=\"text-align: center !important; font-size: 16pt; color: #ffffff; background-color: #1d4197;\" colspan=\"5\" rowspan=\"1\">\n        <strong>1\u00ba a\u00f1o<\/strong><\/th>\n<\/tr>\n<tr style=\"color: #1d4197; font-weight: bolder; padding: 5pt 5pt 5pt 5pt;background-color: #6fa8dc;\">\n<th style=\"border: none; border-top: 1px solid #1d4197; text-align: center;\"><\/th>\n<th style=\"border: none; border-top: 1px solid #1d4197; font-size:larger;\">\n        <strong>Unidad curricular<\/strong><\/th>\n<th style=\"border: none; border-top: 1px solid #1d4197; font-size:larger; text-align: center;\">\n        <strong>R\u00e9gimen<\/strong><\/th>\n<th style=\"border: none; border-top: 1px solid #1d4197; font-size:larger; text-align: center;\">\n        <strong>Formato<\/strong><\/th>\n<th style=\"border: none; border-top: 1px solid #1d4197; font-size:larger; text-align: center;\">\n        <strong>Horas<br \/>\nDid\u00e1cticas<\/strong><\/th>\n<\/tr>\n<tr style=\"background-color: #cfe2f3; color: #1d4197;\">\n<td style=\"border: none; border-top: 1px solid #1d4197; text-align: center;\">\t1<\/td>\n<td style=\"border: none; border-top: 1px solid #1d4197; text-align: left;\">\tRelaci\u00f3n Estado Y Sociedad<\/td>\n<td style=\"border: none; border-top: 1px solid #1d4197; text-align: center;\">\tCuatrimestral<\/td>\n<td style=\"border: none; border-top: 1px solid #1d4197; text-align: center;\"><\/td>\n<td style=\"border: none; border-top: 1px solid #1d4197; text-align: center;\">\t4 horas<\/td>\n<\/tr>\n<tr style=\"background-color: #cfe2f3; color: #1d4197;\">\n<td style=\"border: none; border-top: 1px solid #1d4197; text-align: center;\">\t2<\/td>\n<td style=\"border: none; border-top: 1px solid #1d4197; text-align: left;\">\tMorfofisiolog\u00eda Vegetal<\/td>\n<td style=\"border: none; border-top: 1px solid #1d4197; text-align: center;\">\tAnual<\/td>\n<td style=\"border: none; border-top: 1px solid #1d4197; text-align: center;\"><\/td>\n<td style=\"border: none; border-top: 1px solid #1d4197; text-align: center;\">\t5 horas<\/td>\n<\/tr>\n<tr style=\"background-color: #cfe2f3; color: #1d4197;\">\n<td style=\"border: none; border-top: 1px solid #1d4197; text-align: center;\">\t3<\/td>\n<td style=\"border: none; border-top: 1px solid #1d4197; text-align: left;\">\tCultura Y Comunicaci\u00f3n Contempor\u00e1nea<\/td>\n<td style=\"border: none; border-top: 1px solid #1d4197; text-align: center;\">\tCuatrimestral<\/td>\n<td style=\"border: none; border-top: 1px solid #1d4197; text-align: center;\"><\/td>\n<td style=\"border: none; border-top: 1px solid #1d4197; text-align: center;\">\t4 horas<\/td>\n<\/tr>\n<tr style=\"background-color: #cfe2f3; color: #1d4197;\">\n<td style=\"border: none; border-top: 1px solid #1d4197; text-align: center;\">\t4<\/td>\n<td style=\"border: none; border-top: 1px solid #1d4197; text-align: left;\">\tMorfofisiolog\u00eda Animal<\/td>\n<td style=\"border: none; border-top: 1px solid #1d4197; text-align: center;\">\tAnual<\/td>\n<td style=\"border: none; border-top: 1px solid #1d4197; text-align: center;\"><\/td>\n<td style=\"border: none; border-top: 1px solid #1d4197; text-align: center;\">\t5 horas<\/td>\n<\/tr>\n<tr style=\"background-color: #cfe2f3; color: #1d4197;\">\n<td style=\"border: none; border-top: 1px solid #1d4197; text-align: center;\">\t5<\/td>\n<td style=\"border: none; border-top: 1px solid #1d4197; text-align: left;\">\tSociolog\u00eda y Econom\u00eda Agropecuaria<\/td>\n<td style=\"border: none; border-top: 1px solid #1d4197; text-align: center;\">\tCuatrimestral<\/td>\n<td style=\"border: none; border-top: 1px solid #1d4197; text-align: center;\"><\/td>\n<td style=\"border: none; border-top: 1px solid #1d4197; text-align: center;\">\t4 horas<\/td>\n<\/tr>\n<tr style=\"background-color: #cfe2f3; color: #1d4197;\">\n<td style=\"border: none; border-top: 1px solid #1d4197; text-align: center;\">\t6<\/td>\n<td style=\"border: none; border-top: 1px solid #1d4197; text-align: left;\">\tFisicoqu\u00edmica<\/td>\n<td style=\"border: none; border-top: 1px solid #1d4197; text-align: center;\">\tAnual<\/td>\n<td style=\"border: none; border-top: 1px solid #1d4197; text-align: center;\"><\/td>\n<td style=\"border: none; border-top: 1px solid #1d4197; text-align: center;\">\t4 horas<\/td>\n<\/tr>\n<tr style=\"background-color: #cfe2f3; color: #1d4197;\">\n<td style=\"border: none; border-top: 1px solid #1d4197; text-align: center;\">\t7<\/td>\n<td style=\"border: none; border-top: 1px solid #1d4197; text-align: left;\">\tMatem\u00e1tica y Estad\u00edstica Aplicada<\/td>\n<td style=\"border: none; border-top: 1px solid #1d4197; text-align: center;\">\tAnual<\/td>\n<td style=\"border: none; border-top: 1px solid #1d4197; text-align: center;\"><\/td>\n<td style=\"border: none; border-top: 1px solid #1d4197; text-align: center;\">\t4 horas<\/td>\n<\/tr>\n<tr style=\"background-color: #cfe2f3; color: #1d4197;\">\n<td style=\"border: none; border-top: 1px solid #1d4197; text-align: center;\">\t8<\/td>\n<td style=\"border: none; border-top: 1px solid #1d4197; text-align: left;\">\tInform\u00e1tica Aplicada y TICS<\/td>\n<td style=\"border: none; border-top: 1px solid #1d4197; text-align: center;\">\tAnual<\/td>\n<td style=\"border: none; border-top: 1px solid #1d4197; text-align: center;\"><\/td>\n<td style=\"border: none; border-top: 1px solid #1d4197; text-align: center;\">\t4 horas<\/td>\n<\/tr>\n<tr style=\"background-color: #cfe2f3; color: #1d4197;\">\n<td style=\"border: none; border-top: 1px solid #1d4197; text-align: center;\">\t9<\/td>\n<td style=\"border: none; border-top: 1px solid #1d4197; text-align: left;\">\tPr\u00e1ctica Profesionalizante I<\/td>\n<td style=\"border: none; border-top: 1px solid #1d4197; text-align: center;\">\tCuatrimestral<\/td>\n<td style=\"border: none; border-top: 1px solid #1d4197; text-align: center;\"><\/td>\n<td style=\"border: none; border-top: 1px solid #1d4197; text-align: center;\">\t4 horas<\/td>\n<\/tr>\n<\/tbody>\n<\/table>\n<table style=\"font-size: 1.6vw; border: 1pt solid #1d4197; border-bottom-width: 5pt; vertical-align: middle;\">\n<tbody>\n<tr style=\"text-align: center;\">\n<th style=\"text-align: center !important; font-size: 16pt; color: #ffffff; background-color: #1d4197;\" colspan=\"5\" rowspan=\"1\">\n            <strong>2\u00ba a\u00f1o<\/strong><\/th>\n<\/tr>\n<tr style=\"color: #1d4197; font-weight: bolder; padding: 5pt 5pt 5pt 5pt;background-color: #6fa8dc;\">\n<th style=\"border: none; border-top: 1px solid #1d4197; text-align: center;\"><\/th>\n<th style=\"border: none; border-top: 1px solid #1d4197; font-size:larger;\">\n            <strong>Unidad curricular<\/strong><\/th>\n<th style=\"border: none; border-top: 1px solid #1d4197; font-size:larger; text-align: center;\">\n            <strong>R\u00e9gimen<\/strong><\/th>\n<th style=\"border: none; border-top: 1px solid #1d4197; font-size:larger; text-align: center;\">\n            <strong>Formato<\/strong><\/th>\n<th style=\"border: none; border-top: 1px solid #1d4197; font-size:larger; text-align: center;\">\n            <strong>Horas<br \/>\nDid\u00e1cticas<\/strong><\/th>\n<\/tr>\n<tr style=\"background-color: #cfe2f3; color: #1d4197;\">\n<td style=\"border: none; border-top: 1px solid #1d4197; text-align: center;\">\t10<\/td>\n<td style=\"border: none; border-top: 1px solid #1d4197; text-align: left;\">\tIdentidad y Desigualdad Sociocultural<\/td>\n<td style=\"border: none; border-top: 1px solid #1d4197; text-align: center;\">\tCuatrimestral<\/td>\n<td style=\"border: none; border-top: 1px solid #1d4197; text-align: center;\"><\/td>\n<td style=\"border: none; border-top: 1px solid #1d4197; text-align: center;\">\t4 horas<\/td>\n<\/tr>\n<tr style=\"background-color: #cfe2f3; color: #1d4197;\">\n<td style=\"border: none; border-top: 1px solid #1d4197; text-align: center;\">\t11<\/td>\n<td style=\"border: none; border-top: 1px solid #1d4197; text-align: left;\">\tIngles T\u00e9cnico<\/td>\n<td style=\"border: none; border-top: 1px solid #1d4197; text-align: center;\">\tCuatrimestral<\/td>\n<td style=\"border: none; border-top: 1px solid #1d4197; text-align: center;\"><\/td>\n<td style=\"border: none; border-top: 1px solid #1d4197; text-align: center;\">\t4 horas<\/td>\n<\/tr>\n<tr style=\"background-color: #cfe2f3; color: #1d4197;\">\n<td style=\"border: none; border-top: 1px solid #1d4197; text-align: center;\">\t12<\/td>\n<td style=\"border: none; border-top: 1px solid #1d4197; text-align: left;\">\tAnimales de Granja<\/td>\n<td style=\"border: none; border-top: 1px solid #1d4197; text-align: center;\">\tCuatrimestral<\/td>\n<td style=\"border: none; border-top: 1px solid #1d4197; text-align: center;\"><\/td>\n<td style=\"border: none; border-top: 1px solid #1d4197; text-align: center;\">\t5 horas<\/td>\n<\/tr>\n<tr style=\"background-color: #cfe2f3; color: #1d4197;\">\n<td style=\"border: none; border-top: 1px solid #1d4197; text-align: center;\">\t13<\/td>\n<td style=\"border: none; border-top: 1px solid #1d4197; text-align: left;\">\tMaquinaria e Instalaciones Rurales<\/td>\n<td style=\"border: none; border-top: 1px solid #1d4197; text-align: center;\">\tCuatrimestral<\/td>\n<td style=\"border: none; border-top: 1px solid #1d4197; text-align: center;\"><\/td>\n<td style=\"border: none; border-top: 1px solid #1d4197; text-align: center;\">\t5 horas<\/td>\n<\/tr>\n<tr style=\"background-color: #cfe2f3; color: #1d4197;\">\n<td style=\"border: none; border-top: 1px solid #1d4197; text-align: center;\">\t14<\/td>\n<td style=\"border: none; border-top: 1px solid #1d4197; text-align: left;\">\tManejo e Implantaciones de Pasturas<\/td>\n<td style=\"border: none; border-top: 1px solid #1d4197; text-align: center;\">\tCuatrimestral<\/td>\n<td style=\"border: none; border-top: 1px solid #1d4197; text-align: center;\"><\/td>\n<td style=\"border: none; border-top: 1px solid #1d4197; text-align: center;\">\t5 horas<\/td>\n<\/tr>\n<tr style=\"background-color: #cfe2f3; color: #1d4197;\">\n<td style=\"border: none; border-top: 1px solid #1d4197; text-align: center;\">\t15<\/td>\n<td style=\"border: none; border-top: 1px solid #1d4197; text-align: left;\">\tClimatolog\u00eda Y Edafolog\u00eda<\/td>\n<td style=\"border: none; border-top: 1px solid #1d4197; text-align: center;\">\tAnual<\/td>\n<td style=\"border: none; border-top: 1px solid #1d4197; text-align: center;\"><\/td>\n<td style=\"border: none; border-top: 1px solid #1d4197; text-align: center;\">\t4 horas<\/td>\n<\/tr>\n<tr style=\"background-color: #cfe2f3; color: #1d4197;\">\n<td style=\"border: none; border-top: 1px solid #1d4197; text-align: center;\">\t16<\/td>\n<td style=\"border: none; border-top: 1px solid #1d4197; text-align: left;\">\tAlimentaci\u00f3n y Nutrici\u00f3n Animal<\/td>\n<td style=\"border: none; border-top: 1px solid #1d4197; text-align: center;\">\tCuatrimestral<\/td>\n<td style=\"border: none; border-top: 1px solid #1d4197; text-align: center;\"><\/td>\n<td style=\"border: none; border-top: 1px solid #1d4197; text-align: center;\">\t5 horas<\/td>\n<\/tr>\n<tr style=\"background-color: #cfe2f3; color: #1d4197;\">\n<td style=\"border: none; border-top: 1px solid #1d4197; text-align: center;\">\t17<\/td>\n<td style=\"border: none; border-top: 1px solid #1d4197; text-align: left;\">\tCultivos Extensivos I<\/td>\n<td style=\"border: none; border-top: 1px solid #1d4197; text-align: center;\">\tCuatrimestral<\/td>\n<td style=\"border: none; border-top: 1px solid #1d4197; text-align: center;\"><\/td>\n<td style=\"border: none; border-top: 1px solid #1d4197; text-align: center;\">\t5 horas<\/td>\n<\/tr>\n<tr style=\"background-color: #cfe2f3; color: #1d4197;\">\n<td style=\"border: none; border-top: 1px solid #1d4197; text-align: center;\">\t18<\/td>\n<td style=\"border: none; border-top: 1px solid #1d4197; text-align: left;\">\tPr\u00e1ctica Profesionalizante II<\/td>\n<td style=\"border: none; border-top: 1px solid #1d4197; text-align: center;\">\tAnual<\/td>\n<td style=\"border: none; border-top: 1px solid #1d4197; text-align: center;\"><\/td>\n<td style=\"border: none; border-top: 1px solid #1d4197; text-align: center;\">\t8 horas<\/td>\n<\/tr>\n<\/tbody>\n<\/table>\n<table style=\"font-size: 1.6vw; border: 1pt solid #1d4197; border-bottom-width: 5pt; vertical-align: middle;\">\n<tbody>\n<tr style=\"text-align: center;\">\n<th style=\"text-align: center !important; font-size: 16pt; color: #ffffff; background-color: #1d4197;\" colspan=\"5\" rowspan=\"1\">\n                <strong>3\u00ba a\u00f1o<\/strong><\/th>\n<\/tr>\n<tr style=\"color: #1d4197; font-weight: bolder; padding: 5pt 5pt 5pt 5pt;background-color: #6fa8dc;\">\n<th style=\"border: none; border-top: 1px solid #1d4197; text-align: center;\"><\/th>\n<th style=\"border: none; border-top: 1px solid #1d4197; font-size:larger;\">\n                <strong>Unidad curricular<\/strong><\/th>\n<th style=\"border: none; border-top: 1px solid #1d4197; font-size:larger; text-align: center;\">\n                <strong>R\u00e9gimen<\/strong><\/th>\n<th style=\"border: none; border-top: 1px solid #1d4197; font-size:larger; text-align: center;\">\n                <strong>Formato<\/strong><\/th>\n<th style=\"border: none; border-top: 1px solid #1d4197; font-size:larger; text-align: center;\">\n                <strong>Horas<br \/>\nDid\u00e1cticas<\/strong><\/th>\n<\/tr>\n<tr style=\"background-color: #cfe2f3; color: #1d4197;\">\n<td style=\"border: none; border-top: 1px solid #1d4197; text-align: center;\">\t19<\/td>\n<td style=\"border: none; border-top: 1px solid #1d4197; text-align: left;\">\tProcesos Pol\u00edticos, Econ\u00f3micos y el Mundo del Trabajo<\/td>\n<td style=\"border: none; border-top: 1px solid #1d4197; text-align: center;\">\tAnual<\/td>\n<td style=\"border: none; border-top: 1px solid #1d4197; text-align: center;\"><\/td>\n<td style=\"border: none; border-top: 1px solid #1d4197; text-align: center;\">\t4 horas<\/td>\n<\/tr>\n<tr style=\"background-color: #cfe2f3; color: #1d4197;\">\n<td style=\"border: none; border-top: 1px solid #1d4197; text-align: center;\">\t20<\/td>\n<td style=\"border: none; border-top: 1px solid #1d4197; text-align: left;\">\tCultivos Extensivos II<\/td>\n<td style=\"border: none; border-top: 1px solid #1d4197; text-align: center;\">\tCuatrimestral<\/td>\n<td style=\"border: none; border-top: 1px solid #1d4197; text-align: center;\"><\/td>\n<td style=\"border: none; border-top: 1px solid #1d4197; text-align: center;\">\t5 horas<\/td>\n<\/tr>\n<tr style=\"background-color: #cfe2f3; color: #1d4197;\">\n<td style=\"border: none; border-top: 1px solid #1d4197; text-align: center;\">\t21<\/td>\n<td style=\"border: none; border-top: 1px solid #1d4197; text-align: left;\">\tAdministraci\u00f3n y Gesti\u00f3n Agropecuaria<\/td>\n<td style=\"border: none; border-top: 1px solid #1d4197; text-align: center;\">\tCuatrimestral<\/td>\n<td style=\"border: none; border-top: 1px solid #1d4197; text-align: center;\"><\/td>\n<td style=\"border: none; border-top: 1px solid #1d4197; text-align: center;\">\t5 horas<\/td>\n<\/tr>\n<tr style=\"background-color: #cfe2f3; color: #1d4197;\">\n<td style=\"border: none; border-top: 1px solid #1d4197; text-align: center;\">\t22<\/td>\n<td style=\"border: none; border-top: 1px solid #1d4197; text-align: left;\">\tProyecto y Gesti\u00f3n de Emprendimientos Agropecuarios<\/td>\n<td style=\"border: none; border-top: 1px solid #1d4197; text-align: center;\">\tCuatrimestral<\/td>\n<td style=\"border: none; border-top: 1px solid #1d4197; text-align: center;\"><\/td>\n<td style=\"border: none; border-top: 1px solid #1d4197; text-align: center;\">\t4 horas<\/td>\n<\/tr>\n<tr style=\"background-color: #cfe2f3; color: #1d4197;\">\n<td style=\"border: none; border-top: 1px solid #1d4197; text-align: center;\">\t23<\/td>\n<td style=\"border: none; border-top: 1px solid #1d4197; text-align: left;\">\tProducci\u00f3n Ganado Menor<\/td>\n<td style=\"border: none; border-top: 1px solid #1d4197; text-align: center;\">\tCuatrimestral<\/td>\n<td style=\"border: none; border-top: 1px solid #1d4197; text-align: center;\"><\/td>\n<td style=\"border: none; border-top: 1px solid #1d4197; text-align: center;\">\t5 horas<\/td>\n<\/tr>\n<tr style=\"background-color: #cfe2f3; color: #1d4197;\">\n<td style=\"border: none; border-top: 1px solid #1d4197; text-align: center;\">\t24<\/td>\n<td style=\"border: none; border-top: 1px solid #1d4197; text-align: left;\">\tProcesos Agroindustriales<\/td>\n<td style=\"border: none; border-top: 1px solid #1d4197; text-align: center;\">\tCuatrimestral<\/td>\n<td style=\"border: none; border-top: 1px solid #1d4197; text-align: center;\"><\/td>\n<td style=\"border: none; border-top: 1px solid #1d4197; text-align: center;\">\t4 horas<\/td>\n<\/tr>\n<tr style=\"background-color: #cfe2f3; color: #1d4197;\">\n<td style=\"border: none; border-top: 1px solid #1d4197; text-align: center;\">\t25<\/td>\n<td style=\"border: none; border-top: 1px solid #1d4197; text-align: left;\">\tProducci\u00f3n Ganadera Bovina<\/td>\n<td style=\"border: none; border-top: 1px solid #1d4197; text-align: center;\">\tAnual<\/td>\n<td style=\"border: none; border-top: 1px solid #1d4197; text-align: center;\"><\/td>\n<td style=\"border: none; border-top: 1px solid #1d4197; text-align: center;\">\t4 horas<\/td>\n<\/tr>\n<tr style=\"background-color: #cfe2f3; color: #1d4197;\">\n<td style=\"border: none; border-top: 1px solid #1d4197; text-align: center;\">\t26<\/td>\n<td style=\"border: none; border-top: 1px solid #1d4197; text-align: left;\">\tCultivos Intensivos<\/td>\n<td style=\"border: none; border-top: 1px solid #1d4197; text-align: center;\">\tAnual<\/td>\n<td style=\"border: none; border-top: 1px solid #1d4197; text-align: center;\"><\/td>\n<td style=\"border: none; border-top: 1px solid #1d4197; text-align: center;\">\t4 horas<\/td>\n<\/tr>\n<tr style=\"background-color: #cfe2f3; color: #1d4197;\">\n<td style=\"border: none; border-top: 1px solid #1d4197; text-align: center;\">\t27<\/td>\n<td style=\"border: none; border-top: 1px solid #1d4197; text-align: left;\">\tPr\u00e1ctica Profesionalizante III<\/td>\n<td style=\"border: none; border-top: 1px solid #1d4197; text-align: center;\">\tAnual<\/td>\n<td style=\"border: none; border-top: 1px solid #1d4197; text-align: center;\"><\/td>\n<td style=\"border: none; border-top: 1px solid #1d4197; text-align: center;\">\t10 horas<\/td>\n<\/tr>\n<\/tbody>\n<\/table>\n<\/div>\n","protected":false},"excerpt":{"rendered":"<p>TECNICATURA SUPERIOR EN GESTI\u00d3N DE LA PRODUCCI\u00d3N AGROPECUARIA RESOLUCI\u00d3N: Res-46-2013 T\u00cdTULO A OTORGAR: T\u00e9cnico\/a Superior en Gesti\u00f3n de la Producci\u00f3n Agropecuaria DURACI\u00d3N: 3 a\u00f1os HORAS C\u00c1TEDRA: horas UNIDADES CURRICULARES: 27 COORDINADOR: Tec. Manuel Medina PERFIL DEL PROFESIONAL: El T\u00e9cnico Superior en Gesti\u00f3n de la Producci\u00f3n Agropecuaria est\u00e1 capacitado para: Aplicar y transferir conocimientos, habilidades, destrezas, &#8230; <a title=\"Tecnicatura Superior en Gesti\u00f3n de la Producci\u00f3n Agropecuaria\" class=\"read-more\" href=\"https:\/\/iscuruzucuatia-crr.infd.edu.ar\/sitio\/carreras\/tecnicaturas\/tecnicatura-superior-en-gestion-de-la-produccion-agropecuaria\/\" aria-label=\"More on Tecnicatura Superior en Gesti\u00f3n de la Producci\u00f3n Agropecuaria\">[+]<\/a><\/p>\n","protected":false},"author":3317,"featured_media":0,"parent":1255,"menu_order":0,"comment_status":"closed","ping_status":"closed","template":"","meta":[],"acf":[],"_links":{"self":[{"href":"https:\/\/iscuruzucuatia-crr.infd.edu.ar\/sitio\/wp-json\/wp\/v2\/pages\/1161"}],"collection":[{"href":"https:\/\/iscuruzucuatia-crr.infd.edu.ar\/sitio\/wp-json\/wp\/v2\/pages"}],"about":[{"href":"https:\/\/iscuruzucuatia-crr.infd.edu.ar\/sitio\/wp-json\/wp\/v2\/types\/page"}],"author":[{"embeddable":true,"href":"https:\/\/iscuruzucuatia-crr.infd.edu.ar\/sitio\/wp-json\/wp\/v2\/users\/3317"}],"replies":[{"embeddable":true,"href":"https:\/\/iscuruzucuatia-crr.infd.edu.ar\/sitio\/wp-json\/wp\/v2\/comments?post=1161"}],"version-history":[{"count":7,"href":"https:\/\/iscuruzucuatia-crr.infd.edu.ar\/sitio\/wp-json\/wp\/v2\/pages\/1161\/revisions"}],"predecessor-version":[{"id":2701,"href":"https:\/\/iscuruzucuatia-crr.infd.edu.ar\/sitio\/wp-json\/wp\/v2\/pages\/1161\/revisions\/2701"}],"up":[{"embeddable":true,"href":"https:\/\/iscuruzucuatia-crr.infd.edu.ar\/sitio\/wp-json\/wp\/v2\/pages\/1255"}],"wp:attachment":[{"href":"https:\/\/iscuruzucuatia-crr.infd.edu.ar\/sitio\/wp-json\/wp\/v2\/media?parent=1161"}],"curies":[{"name":"wp","href":"https:\/\/api.w.org\/{rel}","templated":true}]}}