{"id":1155,"date":"2021-08-30T12:51:50","date_gmt":"2021-08-30T15:51:50","guid":{"rendered":"https:\/\/iscuruzucuatia-crr.infd.edu.ar\/sitio\/coordinacion-de-formacion-inicial\/"},"modified":"2021-10-29T12:57:48","modified_gmt":"2021-10-29T15:57:48","slug":"coordinacion-de-formacion-inicial","status":"publish","type":"page","link":"https:\/\/iscuruzucuatia-crr.infd.edu.ar\/sitio\/inicio\/coordinaciones\/coordinacion-de-formacion-inicial\/","title":{"rendered":"Coordinaci\u00f3n de Formaci\u00f3n Inicial"},"content":{"rendered":"<div style=\"font-family: 'Ubuntu',sans-serif;  font-size: 1rem;\">\n<h1 style=\"font-size: 2.5rem; color: #1D4197; text-align: center;\"> COORDINACI\u00d3N DE FORMACI\u00d3N INICIAL <\/h1>\n<ul>\n<li><strong>Coordinadora:<\/strong> Profesora Rita Celia Olazagoitia\n    <\/li>\n<\/ul>\n<h2 style=\"font-size: 2rem; color: #1D4197;\"> Funciones <\/h2>\n<ul>\n<li>Asesoramiento en el desarrollo curricular de las carreras.<\/li>\n<li>Dise\u00f1o, implementaci\u00f3n y evaluaci\u00f3n de proyectos de c\u00e1tedras, y propuestas pedag\u00f3gicas orientadas a fortalecer las trayectorias formativas de los estudiantes.<\/li>\n<li>Trabajo de manera articulada con Secretar\u00eda Acad\u00e9mica, Coordinaci\u00f3n de Pr\u00e1cticas Docentes, Coordinaci\u00f3n de Apoyo Pedag\u00f3gico a Escuelas y con el Coordinador de Pol\u00edticas Estudiantiles.<\/li>\n<\/ul>\n<\/div>\n","protected":false},"excerpt":{"rendered":"<p>COORDINACI\u00d3N DE FORMACI\u00d3N INICIAL Coordinadora: Profesora Rita Celia Olazagoitia Funciones Asesoramiento en el desarrollo curricular de las carreras. Dise\u00f1o, implementaci\u00f3n y evaluaci\u00f3n de proyectos de c\u00e1tedras, y propuestas pedag\u00f3gicas orientadas a fortalecer las trayectorias formativas de los estudiantes. Trabajo de manera articulada con Secretar\u00eda Acad\u00e9mica, Coordinaci\u00f3n de Pr\u00e1cticas Docentes, Coordinaci\u00f3n de Apoyo Pedag\u00f3gico a Escuelas &#8230; <a title=\"Coordinaci\u00f3n de Formaci\u00f3n Inicial\" class=\"read-more\" href=\"https:\/\/iscuruzucuatia-crr.infd.edu.ar\/sitio\/inicio\/coordinaciones\/coordinacion-de-formacion-inicial\/\" aria-label=\"More on Coordinaci\u00f3n de Formaci\u00f3n Inicial\">[+]<\/a><\/p>\n","protected":false},"author":3317,"featured_media":0,"parent":1719,"menu_order":0,"comment_status":"closed","ping_status":"closed","template":"","meta":[],"acf":[],"_links":{"self":[{"href":"https:\/\/iscuruzucuatia-crr.infd.edu.ar\/sitio\/wp-json\/wp\/v2\/pages\/1155"}],"collection":[{"href":"https:\/\/iscuruzucuatia-crr.infd.edu.ar\/sitio\/wp-json\/wp\/v2\/pages"}],"about":[{"href":"https:\/\/iscuruzucuatia-crr.infd.edu.ar\/sitio\/wp-json\/wp\/v2\/types\/page"}],"author":[{"embeddable":true,"href":"https:\/\/iscuruzucuatia-crr.infd.edu.ar\/sitio\/wp-json\/wp\/v2\/users\/3317"}],"replies":[{"embeddable":true,"href":"https:\/\/iscuruzucuatia-crr.infd.edu.ar\/sitio\/wp-json\/wp\/v2\/comments?post=1155"}],"version-history":[{"count":4,"href":"https:\/\/iscuruzucuatia-crr.infd.edu.ar\/sitio\/wp-json\/wp\/v2\/pages\/1155\/revisions"}],"predecessor-version":[{"id":1800,"href":"https:\/\/iscuruzucuatia-crr.infd.edu.ar\/sitio\/wp-json\/wp\/v2\/pages\/1155\/revisions\/1800"}],"up":[{"embeddable":true,"href":"https:\/\/iscuruzucuatia-crr.infd.edu.ar\/sitio\/wp-json\/wp\/v2\/pages\/1719"}],"wp:attachment":[{"href":"https:\/\/iscuruzucuatia-crr.infd.edu.ar\/sitio\/wp-json\/wp\/v2\/media?parent=1155"}],"curies":[{"name":"wp","href":"https:\/\/api.w.org\/{rel}","templated":true}]}}