{"id":1153,"date":"2018-08-30T12:51:49","date_gmt":"2018-08-30T15:51:49","guid":{"rendered":"https:\/\/iscuruzucuatia-crr.infd.edu.ar\/sitio\/coordinacion-de-apoyo-pedagogico-a-escuelas\/"},"modified":"2021-06-07T17:06:56","modified_gmt":"2021-06-07T20:06:56","slug":"coordinacion-de-apoyo-pedagogico-a-escuelas-asociadas","status":"publish","type":"page","link":"https:\/\/iscuruzucuatia-crr.infd.edu.ar\/sitio\/inicio\/coordinaciones\/coordinacion-de-apoyo-pedagogico-a-escuelas-asociadas\/","title":{"rendered":"Coordinaci\u00f3n de Apoyo Pedag\u00f3gico a Escuelas Asociadas"},"content":{"rendered":"<div style=\"font-family: 'Ubuntu',sans-serif;  font-size: 1rem;\">\n<h1 style=\"font-size: 2.5rem; color: #1D4197; text-align: center;\">COORDINACI\u00d3N DE APOYO PEDAG\u00d3GICO<br \/>\nA ESCUELAS ASOCIADAS<\/h1>\n<ul>\n<li><strong>Coordinadora:<\/strong> Profesora Maria Paula Ordenavia<\/li>\n<\/ul>\n<h2 style=\"font-size: 2rem; color: #1D4197;\"> Funciones <\/h2>\n<ul>\n<li>Coordinaci\u00f3n del proceso para conocer, pensar y asumir procesos de trabajo institucional compartido entre los Institutos Superiores de Formaci\u00f3n Docente (ISFD) y las escuelas asociadas, como una continua reflexi\u00f3n sobre las pr\u00e1cticas de ense\u00f1anza.<\/li>\n<li>Contribuci\u00f3n a promover cambios significativos en las Instituciones, sus docentes, los m\u00e9todos y pr\u00e1cticas de ense\u00f1anza y la relaci\u00f3n entre los niveles y modalidades.<\/li>\n<li>Los proyectos del \u00e1rea ASPE articulan el trabajo en conjunto con las Instituciones de todos los niveles asociadas al IFD, as\u00ed como la relaci\u00f3n permanente con las \u00e1reas de Pr\u00e1ctica, de Formaci\u00f3n Docente Cont\u00ednua y de Formaci\u00f3n Docente Inicial.<\/li>\n<\/ul>\n<\/div>\n","protected":false},"excerpt":{"rendered":"<p>COORDINACI\u00d3N DE APOYO PEDAG\u00d3GICO A ESCUELAS ASOCIADAS Coordinadora: Profesora Maria Paula Ordenavia Funciones Coordinaci\u00f3n del proceso para conocer, pensar y asumir procesos de trabajo institucional compartido entre los Institutos Superiores de Formaci\u00f3n Docente (ISFD) y las escuelas asociadas, como una continua reflexi\u00f3n sobre las pr\u00e1cticas de ense\u00f1anza. Contribuci\u00f3n a promover cambios significativos en las Instituciones, &#8230; <a title=\"Coordinaci\u00f3n de Apoyo Pedag\u00f3gico a Escuelas Asociadas\" class=\"read-more\" href=\"https:\/\/iscuruzucuatia-crr.infd.edu.ar\/sitio\/inicio\/coordinaciones\/coordinacion-de-apoyo-pedagogico-a-escuelas-asociadas\/\" aria-label=\"More on Coordinaci\u00f3n de Apoyo Pedag\u00f3gico a Escuelas Asociadas\">[+]<\/a><\/p>\n","protected":false},"author":805,"featured_media":0,"parent":1719,"menu_order":0,"comment_status":"closed","ping_status":"closed","template":"","meta":[],"acf":[],"_links":{"self":[{"href":"https:\/\/iscuruzucuatia-crr.infd.edu.ar\/sitio\/wp-json\/wp\/v2\/pages\/1153"}],"collection":[{"href":"https:\/\/iscuruzucuatia-crr.infd.edu.ar\/sitio\/wp-json\/wp\/v2\/pages"}],"about":[{"href":"https:\/\/iscuruzucuatia-crr.infd.edu.ar\/sitio\/wp-json\/wp\/v2\/types\/page"}],"author":[{"embeddable":true,"href":"https:\/\/iscuruzucuatia-crr.infd.edu.ar\/sitio\/wp-json\/wp\/v2\/users\/805"}],"replies":[{"embeddable":true,"href":"https:\/\/iscuruzucuatia-crr.infd.edu.ar\/sitio\/wp-json\/wp\/v2\/comments?post=1153"}],"version-history":[{"count":8,"href":"https:\/\/iscuruzucuatia-crr.infd.edu.ar\/sitio\/wp-json\/wp\/v2\/pages\/1153\/revisions"}],"predecessor-version":[{"id":1793,"href":"https:\/\/iscuruzucuatia-crr.infd.edu.ar\/sitio\/wp-json\/wp\/v2\/pages\/1153\/revisions\/1793"}],"up":[{"embeddable":true,"href":"https:\/\/iscuruzucuatia-crr.infd.edu.ar\/sitio\/wp-json\/wp\/v2\/pages\/1719"}],"wp:attachment":[{"href":"https:\/\/iscuruzucuatia-crr.infd.edu.ar\/sitio\/wp-json\/wp\/v2\/media?parent=1153"}],"curies":[{"name":"wp","href":"https:\/\/api.w.org\/{rel}","templated":true}]}}