{"id":1148,"date":"2018-08-30T12:51:47","date_gmt":"2018-08-30T15:51:47","guid":{"rendered":"https:\/\/iscuruzucuatia-crr.infd.edu.ar\/sitio\/tecnicatura-superior-en-higiene-y-seguridad-en-el-trabajo-con-orientacion-a-la-industria-de-la-construccion\/"},"modified":"2021-08-10T02:13:16","modified_gmt":"2021-08-10T05:13:16","slug":"tecnicatura-superior-en-higiene-y-seguridad-en-el-trabajo","status":"publish","type":"page","link":"https:\/\/iscuruzucuatia-crr.infd.edu.ar\/sitio\/carreras\/tecnicaturas\/tecnicatura-superior-en-higiene-y-seguridad-en-el-trabajo\/","title":{"rendered":"Tecnicatura Superior en Higiene y Seguridad en el Trabajo"},"content":{"rendered":"<div style=\"font-family: 'Ubuntu',sans-serif;  font-size: 1rem;\">\n<h1 style=\"font-size: 2.5rem; color: #1D4197; text-align: center;\">TECNICATURA SUPERIOR EN<br \/>\nHIGIENE Y SEGURIDAD EN EL TRABAJO<\/h1>\n<ul>\n<li>\t<strong style=\"color: #1D4197;\"> RESOLUCI\u00d3N: <\/strong><a href=\"https:\/\/www.dgescorrientes.net\/distec2016\/DC-Tec-HigieneSeguridad.pdf\">Res-584-2012<\/a><\/li>\n<li>\t<strong style=\"color: #1D4197;\"> T\u00cdTULO A OTORGAR: <\/strong>   T\u00e9cnico\/a Superior en Higiene y Seguridad en       el Trabajo<\/li>\n<li>\t<strong style=\"color: #1D4197;\"> DURACI\u00d3N: <\/strong>     3 a\u00f1os<\/li>\n<li>\t<strong style=\"color: #1D4197;\"> HORAS C\u00c1TEDRA: <\/strong>    2880 horas<\/li>\n<li>\t<strong style=\"color: #1D4197;\"> UNIDADES CURRICULARES: <\/strong>  30<\/li>\n<li>\t<strong style=\"color: #1D4197;\"> COORDINADOR: <\/strong>    Estela Haunau<\/li>\n<li>\t<strong style=\"color: #1D4197;\"> PERFIL DEL PROFESIONAL: <\/strong> T\u00e9cnicos id\u00f3neos para colaborar con los profesionales de grado en brindar y aplicar las recomendaciones de Higiene y Seguridad en el Trabajo necesarias para resguardar la salud de los trabajadores en el \u00e1mbito laboral, conociendo las exigencias legales corresponden aplicarse en los distintos ambientes laborales. Tambi\u00e9n podr\u00e1 integrar grupos interdisciplinarios que entiendan en la prevenci\u00f3n de emergencias tecnol\u00f3gicas y realizar investigaciones t\u00e9cnicas sobre las causales que motivaron un accidente de trabajo y\/o una enfermedad profesional.<\/li>\n<\/ul>\n<p><strong style=\"font-size: 2rem; color: #1D4197;\"> PLAN DE ESTUDIO <\/strong><a href=\"https:\/\/iscuruzucuatia-crr.infd.edu.ar\/sitio\/wp-content\/uploads\/2021\/07\/Tecnicatura-Seguridad-e-Higiene.pdf\" style=\"cursor: pointer; color: #fff; background-color: #1D4197; border-color: #1D4197; padding: .375rem .75rem; border-radius: .25rem;\">descargar<\/a><\/p>\n<table style=\"font-size: 1.6vw; border: 1pt solid #1d4197; border-bottom-width: 5pt; vertical-align: middle;\">\n<tbody>\n<tr style=\"text-align: center;\">\n<th style=\"text-align: center !important; font-size: 16pt; color: #ffffff; background-color: #1d4197;\" colspan=\"5\" rowspan=\"1\">\n        <strong>1\u00ba a\u00f1o<\/strong><\/th>\n<\/tr>\n<tr style=\"color: #1d4197; font-weight: bolder; padding: 5pt 5pt 5pt 5pt;background-color: #6fa8dc;\">\n<th style=\"border: none; border-top: 1px solid #1d4197; text-align: center;\"><\/th>\n<th style=\"border: none; border-top: 1px solid #1d4197; font-size:larger;\">\n        <strong>Unidad curricular<\/strong><\/th>\n<th style=\"border: none; border-top: 1px solid #1d4197; font-size:larger; text-align: center;\">\n        <strong>R\u00e9gimen<\/strong><\/th>\n<th style=\"border: none; border-top: 1px solid #1d4197; font-size:larger; text-align: center;\">\n        <strong>Formato<\/strong><\/th>\n<th style=\"border: none; border-top: 1px solid #1d4197; font-size:larger; text-align: center;\">\n        <strong>Horas<br \/>\nDid\u00e1cticas<\/strong><\/th>\n<\/tr>\n<tr style=\"background-color: #cfe2f3; color: #1d4197;\">\n<td style=\"border: none; border-top: 1px solid #1d4197; text-align: center;\">\t1<\/td>\n<td style=\"border: none; border-top: 1px solid #1d4197; text-align: left;\">\tDibujo T\u00e9cnico<\/td>\n<td style=\"border: none; border-top: 1px solid #1d4197; text-align: center;\">\t1\u00b0 Cuatrimestre<\/td>\n<td style=\"border: none; border-top: 1px solid #1d4197; text-align: center;\"><\/td>\n<td style=\"border: none; border-top: 1px solid #1d4197; text-align: center;\">\t6 horas<\/td>\n<\/tr>\n<tr style=\"background-color: #cfe2f3; color: #1d4197;\">\n<td style=\"border: none; border-top: 1px solid #1d4197; text-align: center;\">\t2<\/td>\n<td style=\"border: none; border-top: 1px solid #1d4197; text-align: left;\">\tOrganizaci\u00f3n de la Seguridad<\/td>\n<td style=\"border: none; border-top: 1px solid #1d4197; text-align: center;\">\t1\u00b0 Cuatrimestre<\/td>\n<td style=\"border: none; border-top: 1px solid #1d4197; text-align: center;\"><\/td>\n<td style=\"border: none; border-top: 1px solid #1d4197; text-align: center;\">\t6 horas<\/td>\n<\/tr>\n<tr style=\"background-color: #cfe2f3; color: #1d4197;\">\n<td style=\"border: none; border-top: 1px solid #1d4197; text-align: center;\">\t3<\/td>\n<td style=\"border: none; border-top: 1px solid #1d4197; text-align: left;\">\tLenguaje y Comunicaci\u00f3n<\/td>\n<td style=\"border: none; border-top: 1px solid #1d4197; text-align: center;\">\t1\u00b0 Cuatrimestre<\/td>\n<td style=\"border: none; border-top: 1px solid #1d4197; text-align: center;\"><\/td>\n<td style=\"border: none; border-top: 1px solid #1d4197; text-align: center;\">\t5 horas<\/td>\n<\/tr>\n<tr style=\"background-color: #cfe2f3; color: #1d4197;\">\n<td style=\"border: none; border-top: 1px solid #1d4197; text-align: center;\">\t4<\/td>\n<td style=\"border: none; border-top: 1px solid #1d4197; text-align: left;\">\tIntroducci\u00f3n a la Gesti\u00f3n<\/td>\n<td style=\"border: none; border-top: 1px solid #1d4197; text-align: center;\">\t1\u00b0 Cuatrimestre<\/td>\n<td style=\"border: none; border-top: 1px solid #1d4197; text-align: center;\"><\/td>\n<td style=\"border: none; border-top: 1px solid #1d4197; text-align: center;\">\t5 horas<\/td>\n<\/tr>\n<tr style=\"background-color: #cfe2f3; color: #1d4197;\">\n<td style=\"border: none; border-top: 1px solid #1d4197; text-align: center;\">\t5<\/td>\n<td style=\"border: none; border-top: 1px solid #1d4197; text-align: left;\">\tIntroducci\u00f3n a la Legislaci\u00f3n<\/td>\n<td style=\"border: none; border-top: 1px solid #1d4197; text-align: center;\">\t1\u00b0 Cuatrimestre<\/td>\n<td style=\"border: none; border-top: 1px solid #1d4197; text-align: center;\"><\/td>\n<td style=\"border: none; border-top: 1px solid #1d4197; text-align: center;\">\t6 horas<\/td>\n<\/tr>\n<tr style=\"background-color: #cfe2f3; color: #1d4197;\">\n<td style=\"border: none; border-top: 1px solid #1d4197; text-align: center;\">\t6<\/td>\n<td style=\"border: none; border-top: 1px solid #1d4197; text-align: left;\">\tHigiene y Seguridad I<\/td>\n<td style=\"border: none; border-top: 1px solid #1d4197; text-align: center;\">\tAnual<\/td>\n<td style=\"border: none; border-top: 1px solid #1d4197; text-align: center;\"><\/td>\n<td style=\"border: none; border-top: 1px solid #1d4197; text-align: center;\">\t5 horas<\/td>\n<\/tr>\n<tr style=\"background-color: #cfe2f3; color: #1d4197;\">\n<td style=\"border: none; border-top: 1px solid #1d4197; text-align: center;\">\t7<\/td>\n<td style=\"border: none; border-top: 1px solid #1d4197; text-align: left;\">\tIntroducci\u00f3n a la Construcci\u00f3n<\/td>\n<td style=\"border: none; border-top: 1px solid #1d4197; text-align: center;\">\t2\u00b0 Cuatrimestre<\/td>\n<td style=\"border: none; border-top: 1px solid #1d4197; text-align: center;\"><\/td>\n<td style=\"border: none; border-top: 1px solid #1d4197; text-align: center;\">\t6 horas<\/td>\n<\/tr>\n<tr style=\"background-color: #cfe2f3; color: #1d4197;\">\n<td style=\"border: none; border-top: 1px solid #1d4197; text-align: center;\">\t8<\/td>\n<td style=\"border: none; border-top: 1px solid #1d4197; text-align: left;\">\tF\u00edsica Aplicada al trabajo<\/td>\n<td style=\"border: none; border-top: 1px solid #1d4197; text-align: center;\">\t2\u00b0 Cuatrimestre<\/td>\n<td style=\"border: none; border-top: 1px solid #1d4197; text-align: center;\"><\/td>\n<td style=\"border: none; border-top: 1px solid #1d4197; text-align: center;\">\t5 horas<\/td>\n<\/tr>\n<tr style=\"background-color: #cfe2f3; color: #1d4197;\">\n<td style=\"border: none; border-top: 1px solid #1d4197; text-align: center;\">\t9<\/td>\n<td style=\"border: none; border-top: 1px solid #1d4197; text-align: left;\">\tTecnologia Inform\u00e1tica<\/td>\n<td style=\"border: none; border-top: 1px solid #1d4197; text-align: center;\">\t2\u00b0 Cuatrimestre<\/td>\n<td style=\"border: none; border-top: 1px solid #1d4197; text-align: center;\"><\/td>\n<td style=\"border: none; border-top: 1px solid #1d4197; text-align: center;\">\t6 horas<\/td>\n<\/tr>\n<tr style=\"background-color: #cfe2f3; color: #1d4197;\">\n<td style=\"border: none; border-top: 1px solid #1d4197; text-align: center;\">\t10<\/td>\n<td style=\"border: none; border-top: 1px solid #1d4197; text-align: left;\">\tQu\u00edmica aplicada a los ambientes de trabajo<\/td>\n<td style=\"border: none; border-top: 1px solid #1d4197; text-align: center;\">\t2\u00b0 Cuatrimestre<\/td>\n<td style=\"border: none; border-top: 1px solid #1d4197; text-align: center;\"><\/td>\n<td style=\"border: none; border-top: 1px solid #1d4197; text-align: center;\">\t5 horas<\/td>\n<\/tr>\n<\/tbody>\n<\/table>\n<table style=\"font-size: 1.6vw; border: 1pt solid #1d4197; border-bottom-width: 5pt; vertical-align: middle;\">\n<tbody>\n<tr style=\"text-align: center;\">\n<th style=\"text-align: center !important; font-size: 16pt; color: #ffffff; background-color: #1d4197;\" colspan=\"5\" rowspan=\"1\">\n            <strong>2\u00ba a\u00f1o<\/strong><\/th>\n<\/tr>\n<tr style=\"color: #1d4197; font-weight: bolder; padding: 5pt 5pt 5pt 5pt;background-color: #6fa8dc;\">\n<th style=\"border: none; border-top: 1px solid #1d4197; text-align: center;\"><\/th>\n<th style=\"border: none; border-top: 1px solid #1d4197; font-size:larger;\">\n            <strong>Unidad curricular<\/strong><\/th>\n<th style=\"border: none; border-top: 1px solid #1d4197; font-size:larger; text-align: center;\">\n            <strong>R\u00e9gimen<\/strong><\/th>\n<th style=\"border: none; border-top: 1px solid #1d4197; font-size:larger; text-align: center;\">\n            <strong>Formato<\/strong><\/th>\n<th style=\"border: none; border-top: 1px solid #1d4197; font-size:larger; text-align: center;\">\n            <strong>Horas<br \/>\nDid\u00e1cticas<\/strong><\/th>\n<\/tr>\n<tr style=\"background-color: #cfe2f3; color: #1d4197;\">\n<td style=\"border: none; border-top: 1px solid #1d4197; text-align: center;\">\t11<\/td>\n<td style=\"border: none; border-top: 1px solid #1d4197; text-align: left;\">\tIngles T\u00e9cnico<\/td>\n<td style=\"border: none; border-top: 1px solid #1d4197; text-align: center;\">\t1\u00b0 Cuatrimestre<\/td>\n<td style=\"border: none; border-top: 1px solid #1d4197; text-align: center;\"><\/td>\n<td style=\"border: none; border-top: 1px solid #1d4197; text-align: center;\">\t4 horas<\/td>\n<\/tr>\n<tr style=\"background-color: #cfe2f3; color: #1d4197;\">\n<td style=\"border: none; border-top: 1px solid #1d4197; text-align: center;\">\t12<\/td>\n<td style=\"border: none; border-top: 1px solid #1d4197; text-align: left;\">\tSeguridad Social<\/td>\n<td style=\"border: none; border-top: 1px solid #1d4197; text-align: center;\">\t1\u00b0 Cuatrimestre<\/td>\n<td style=\"border: none; border-top: 1px solid #1d4197; text-align: center;\"><\/td>\n<td style=\"border: none; border-top: 1px solid #1d4197; text-align: center;\">\t5 horas<\/td>\n<\/tr>\n<tr style=\"background-color: #cfe2f3; color: #1d4197;\">\n<td style=\"border: none; border-top: 1px solid #1d4197; text-align: center;\">\t13<\/td>\n<td style=\"border: none; border-top: 1px solid #1d4197; text-align: left;\">\tOrganizaci\u00f3n y Normativa<\/td>\n<td style=\"border: none; border-top: 1px solid #1d4197; text-align: center;\">\t1\u00b0 Cuatrimestre<\/td>\n<td style=\"border: none; border-top: 1px solid #1d4197; text-align: center;\"><\/td>\n<td style=\"border: none; border-top: 1px solid #1d4197; text-align: center;\">\t6 horas<\/td>\n<\/tr>\n<tr style=\"background-color: #cfe2f3; color: #1d4197;\">\n<td style=\"border: none; border-top: 1px solid #1d4197; text-align: center;\">\t14<\/td>\n<td style=\"border: none; border-top: 1px solid #1d4197; text-align: left;\">\tDibujo T\u00e9cnico Asistido por Computadora<\/td>\n<td style=\"border: none; border-top: 1px solid #1d4197; text-align: center;\">\t1\u00b0 Cuatrimestre<\/td>\n<td style=\"border: none; border-top: 1px solid #1d4197; text-align: center;\"><\/td>\n<td style=\"border: none; border-top: 1px solid #1d4197; text-align: center;\">\t6 horas<\/td>\n<\/tr>\n<tr style=\"background-color: #cfe2f3; color: #1d4197;\">\n<td style=\"border: none; border-top: 1px solid #1d4197; text-align: center;\">\t15<\/td>\n<td style=\"border: none; border-top: 1px solid #1d4197; text-align: left;\">\tAdministraci\u00f3n del Personal<\/td>\n<td style=\"border: none; border-top: 1px solid #1d4197; text-align: center;\">\t1\u00b0 Cuatrimestre<\/td>\n<td style=\"border: none; border-top: 1px solid #1d4197; text-align: center;\"><\/td>\n<td style=\"border: none; border-top: 1px solid #1d4197; text-align: center;\">\t4 horas<\/td>\n<\/tr>\n<tr style=\"background-color: #cfe2f3; color: #1d4197;\">\n<td style=\"border: none; border-top: 1px solid #1d4197; text-align: center;\">\t16<\/td>\n<td style=\"border: none; border-top: 1px solid #1d4197; text-align: left;\">\tHigiene y Seguridad II<\/td>\n<td style=\"border: none; border-top: 1px solid #1d4197; text-align: center;\">\tAnual<\/td>\n<td style=\"border: none; border-top: 1px solid #1d4197; text-align: center;\"><\/td>\n<td style=\"border: none; border-top: 1px solid #1d4197; text-align: center;\">\t5 horas<\/td>\n<\/tr>\n<tr style=\"background-color: #cfe2f3; color: #1d4197;\">\n<td style=\"border: none; border-top: 1px solid #1d4197; text-align: center;\">\t17<\/td>\n<td style=\"border: none; border-top: 1px solid #1d4197; text-align: left;\">\tMedicina Laboral y Primeros Auxilios<\/td>\n<td style=\"border: none; border-top: 1px solid #1d4197; text-align: center;\">\t2\u00b0 Cuatrimestre<\/td>\n<td style=\"border: none; border-top: 1px solid #1d4197; text-align: center;\"><\/td>\n<td style=\"border: none; border-top: 1px solid #1d4197; text-align: center;\">\t6 horas<\/td>\n<\/tr>\n<tr style=\"background-color: #cfe2f3; color: #1d4197;\">\n<td style=\"border: none; border-top: 1px solid #1d4197; text-align: center;\">\t18<\/td>\n<td style=\"border: none; border-top: 1px solid #1d4197; text-align: left;\">\tServicio de Infraestructura<\/td>\n<td style=\"border: none; border-top: 1px solid #1d4197; text-align: center;\">\t2\u00b0 Cuatrimestre<\/td>\n<td style=\"border: none; border-top: 1px solid #1d4197; text-align: center;\"><\/td>\n<td style=\"border: none; border-top: 1px solid #1d4197; text-align: center;\">\t6 horas<\/td>\n<\/tr>\n<tr style=\"background-color: #cfe2f3; color: #1d4197;\">\n<td style=\"border: none; border-top: 1px solid #1d4197; text-align: center;\">\t19<\/td>\n<td style=\"border: none; border-top: 1px solid #1d4197; text-align: left;\">\tAspectos Higi\u00e9nico &#8211; Ambientales<\/td>\n<td style=\"border: none; border-top: 1px solid #1d4197; text-align: center;\">\t2\u00b0 Cuatrimestre<\/td>\n<td style=\"border: none; border-top: 1px solid #1d4197; text-align: center;\"><\/td>\n<td style=\"border: none; border-top: 1px solid #1d4197; text-align: center;\">\t6 horas<\/td>\n<\/tr>\n<tr style=\"background-color: #cfe2f3; color: #1d4197;\">\n<td style=\"border: none; border-top: 1px solid #1d4197; text-align: center;\">\t20<\/td>\n<td style=\"border: none; border-top: 1px solid #1d4197; text-align: left;\">\tPrevenci\u00f3n en Instalaciones Especiales<\/td>\n<td style=\"border: none; border-top: 1px solid #1d4197; text-align: center;\">\t2\u00b0 Cuatrimestre<\/td>\n<td style=\"border: none; border-top: 1px solid #1d4197; text-align: center;\"><\/td>\n<td style=\"border: none; border-top: 1px solid #1d4197; text-align: center;\">\t6 horas<\/td>\n<\/tr>\n<tr style=\"background-color: #cfe2f3; color: #1d4197;\">\n<td style=\"border: none; border-top: 1px solid #1d4197; text-align: center;\">\t21<\/td>\n<td style=\"border: none; border-top: 1px solid #1d4197; text-align: left;\">\tPr\u00e1ctica Profesional I<\/td>\n<td style=\"border: none; border-top: 1px solid #1d4197; text-align: center;\">\t2\u00b0 Cuatrimestre<\/td>\n<td style=\"border: none; border-top: 1px solid #1d4197; text-align: center;\"><\/td>\n<td style=\"border: none; border-top: 1px solid #1d4197; text-align: center;\">\t6 horas<\/td>\n<\/tr>\n<\/tbody>\n<\/table>\n<table style=\"font-size: 1.6vw; border: 1pt solid #1d4197; border-bottom-width: 5pt; vertical-align: middle;\">\n<tbody>\n<tr style=\"text-align: center;\">\n<th style=\"text-align: center !important; font-size: 16pt; color: #ffffff; background-color: #1d4197;\" colspan=\"5\" rowspan=\"1\">\n                <strong>3\u00ba a\u00f1o<\/strong><\/th>\n<\/tr>\n<tr style=\"color: #1d4197; font-weight: bolder; padding: 5pt 5pt 5pt 5pt;background-color: #6fa8dc;\">\n<th style=\"border: none; border-top: 1px solid #1d4197; text-align: center;\"><\/th>\n<th style=\"border: none; border-top: 1px solid #1d4197; font-size:larger;\">\n                <strong>Unidad curricular<\/strong><\/th>\n<th style=\"border: none; border-top: 1px solid #1d4197; font-size:larger; text-align: center;\">\n                <strong>R\u00e9gimen<\/strong><\/th>\n<th style=\"border: none; border-top: 1px solid #1d4197; font-size:larger; text-align: center;\">\n                <strong>Formato<\/strong><\/th>\n<th style=\"border: none; border-top: 1px solid #1d4197; font-size:larger; text-align: center;\">\n                <strong>Horas<br \/>\nDid\u00e1cticas<\/strong><\/th>\n<\/tr>\n<tr style=\"background-color: #cfe2f3; color: #1d4197;\">\n<td style=\"border: none; border-top: 1px solid #1d4197; text-align: center;\">\t22<\/td>\n<td style=\"border: none; border-top: 1px solid #1d4197; text-align: left;\">\tLenguaje y Comunicaci\u00f3n T\u00e9cnica<\/td>\n<td style=\"border: none; border-top: 1px solid #1d4197; text-align: center;\">\t1\u00b0 Cuatrimestre<\/td>\n<td style=\"border: none; border-top: 1px solid #1d4197; text-align: center;\"><\/td>\n<td style=\"border: none; border-top: 1px solid #1d4197; text-align: center;\">\t5 horas<\/td>\n<\/tr>\n<tr style=\"background-color: #cfe2f3; color: #1d4197;\">\n<td style=\"border: none; border-top: 1px solid #1d4197; text-align: center;\">\t23<\/td>\n<td style=\"border: none; border-top: 1px solid #1d4197; text-align: left;\">\tPrevenci\u00f3n Contra Incendios<\/td>\n<td style=\"border: none; border-top: 1px solid #1d4197; text-align: center;\">\t1\u00b0 Cuatrimestre<\/td>\n<td style=\"border: none; border-top: 1px solid #1d4197; text-align: center;\"><\/td>\n<td style=\"border: none; border-top: 1px solid #1d4197; text-align: center;\">\t6 horas<\/td>\n<\/tr>\n<tr style=\"background-color: #cfe2f3; color: #1d4197;\">\n<td style=\"border: none; border-top: 1px solid #1d4197; text-align: center;\">\t24<\/td>\n<td style=\"border: none; border-top: 1px solid #1d4197; text-align: left;\">\tAspectos Preventivos<\/td>\n<td style=\"border: none; border-top: 1px solid #1d4197; text-align: center;\">\t1\u00b0 Cuatrimestre<\/td>\n<td style=\"border: none; border-top: 1px solid #1d4197; text-align: center;\"><\/td>\n<td style=\"border: none; border-top: 1px solid #1d4197; text-align: center;\">\t6 horas<\/td>\n<\/tr>\n<tr style=\"background-color: #cfe2f3; color: #1d4197;\">\n<td style=\"border: none; border-top: 1px solid #1d4197; text-align: center;\">\t25<\/td>\n<td style=\"border: none; border-top: 1px solid #1d4197; text-align: left;\">\tAcciones Seguras en el Trabajo<\/td>\n<td style=\"border: none; border-top: 1px solid #1d4197; text-align: center;\">\t1\u00b0 Cuatrimestre<\/td>\n<td style=\"border: none; border-top: 1px solid #1d4197; text-align: center;\"><\/td>\n<td style=\"border: none; border-top: 1px solid #1d4197; text-align: center;\">\t6 horas<\/td>\n<\/tr>\n<tr style=\"background-color: #cfe2f3; color: #1d4197;\">\n<td style=\"border: none; border-top: 1px solid #1d4197; text-align: center;\">\t26<\/td>\n<td style=\"border: none; border-top: 1px solid #1d4197; text-align: left;\">\tPr\u00e1ctica Profesional II<\/td>\n<td style=\"border: none; border-top: 1px solid #1d4197; text-align: center;\">\tAnual<\/td>\n<td style=\"border: none; border-top: 1px solid #1d4197; text-align: center;\"><\/td>\n<td style=\"border: none; border-top: 1px solid #1d4197; text-align: center;\">\t7 horas<\/td>\n<\/tr>\n<tr style=\"background-color: #cfe2f3; color: #1d4197;\">\n<td style=\"border: none; border-top: 1px solid #1d4197; text-align: center;\">\t27<\/td>\n<td style=\"border: none; border-top: 1px solid #1d4197; text-align: left;\">\tLegislaci\u00f3n Laboral<\/td>\n<td style=\"border: none; border-top: 1px solid #1d4197; text-align: center;\">\t2\u00b0 Cuatrimestre<\/td>\n<td style=\"border: none; border-top: 1px solid #1d4197; text-align: center;\"><\/td>\n<td style=\"border: none; border-top: 1px solid #1d4197; text-align: center;\">\t5 horas<\/td>\n<\/tr>\n<tr style=\"background-color: #cfe2f3; color: #1d4197;\">\n<td style=\"border: none; border-top: 1px solid #1d4197; text-align: center;\">\t28<\/td>\n<td style=\"border: none; border-top: 1px solid #1d4197; text-align: left;\">\tDin\u00e1mica Interpersonal<\/td>\n<td style=\"border: none; border-top: 1px solid #1d4197; text-align: center;\">\t2\u00b0 Cuatrimestre<\/td>\n<td style=\"border: none; border-top: 1px solid #1d4197; text-align: center;\"><\/td>\n<td style=\"border: none; border-top: 1px solid #1d4197; text-align: center;\">\t5 horas<\/td>\n<\/tr>\n<tr style=\"background-color: #cfe2f3; color: #1d4197;\">\n<td style=\"border: none; border-top: 1px solid #1d4197; text-align: center;\">\t29<\/td>\n<td style=\"border: none; border-top: 1px solid #1d4197; text-align: left;\">\tProyecto Final<\/td>\n<td style=\"border: none; border-top: 1px solid #1d4197; text-align: center;\">\t2\u00b0 Cuatrimestre<\/td>\n<td style=\"border: none; border-top: 1px solid #1d4197; text-align: center;\"><\/td>\n<td style=\"border: none; border-top: 1px solid #1d4197; text-align: center;\">\t6 horas<\/td>\n<\/tr>\n<tr style=\"background-color: #cfe2f3; color: #1d4197;\">\n<td style=\"border: none; border-top: 1px solid #1d4197; text-align: center;\">\t30<\/td>\n<td style=\"border: none; border-top: 1px solid #1d4197; text-align: left;\">\t\u00c9tica y Deontolog\u00eda Profesional<\/td>\n<td style=\"border: none; border-top: 1px solid #1d4197; text-align: center;\">\t2\u00b0 Cuatrimestre<\/td>\n<td style=\"border: none; border-top: 1px solid #1d4197; text-align: center;\"><\/td>\n<td style=\"border: none; border-top: 1px solid #1d4197; text-align: center;\">\t4 horas<\/td>\n<\/tr>\n<\/tbody>\n<\/table>\n<\/div>\n","protected":false},"excerpt":{"rendered":"<p>TECNICATURA SUPERIOR EN HIGIENE Y SEGURIDAD EN EL TRABAJO RESOLUCI\u00d3N: Res-584-2012 T\u00cdTULO A OTORGAR: T\u00e9cnico\/a Superior en Higiene y Seguridad en el Trabajo DURACI\u00d3N: 3 a\u00f1os HORAS C\u00c1TEDRA: 2880 horas UNIDADES CURRICULARES: 30 COORDINADOR: Estela Haunau PERFIL DEL PROFESIONAL: T\u00e9cnicos id\u00f3neos para colaborar con los profesionales de grado en brindar y aplicar las recomendaciones de &#8230; <a title=\"Tecnicatura Superior en Higiene y Seguridad en el Trabajo\" class=\"read-more\" href=\"https:\/\/iscuruzucuatia-crr.infd.edu.ar\/sitio\/carreras\/tecnicaturas\/tecnicatura-superior-en-higiene-y-seguridad-en-el-trabajo\/\" aria-label=\"More on Tecnicatura Superior en Higiene y Seguridad en el Trabajo\">[+]<\/a><\/p>\n","protected":false},"author":3317,"featured_media":0,"parent":1255,"menu_order":0,"comment_status":"closed","ping_status":"closed","template":"","meta":[],"acf":[],"_links":{"self":[{"href":"https:\/\/iscuruzucuatia-crr.infd.edu.ar\/sitio\/wp-json\/wp\/v2\/pages\/1148"}],"collection":[{"href":"https:\/\/iscuruzucuatia-crr.infd.edu.ar\/sitio\/wp-json\/wp\/v2\/pages"}],"about":[{"href":"https:\/\/iscuruzucuatia-crr.infd.edu.ar\/sitio\/wp-json\/wp\/v2\/types\/page"}],"author":[{"embeddable":true,"href":"https:\/\/iscuruzucuatia-crr.infd.edu.ar\/sitio\/wp-json\/wp\/v2\/users\/3317"}],"replies":[{"embeddable":true,"href":"https:\/\/iscuruzucuatia-crr.infd.edu.ar\/sitio\/wp-json\/wp\/v2\/comments?post=1148"}],"version-history":[{"count":7,"href":"https:\/\/iscuruzucuatia-crr.infd.edu.ar\/sitio\/wp-json\/wp\/v2\/pages\/1148\/revisions"}],"predecessor-version":[{"id":2704,"href":"https:\/\/iscuruzucuatia-crr.infd.edu.ar\/sitio\/wp-json\/wp\/v2\/pages\/1148\/revisions\/2704"}],"up":[{"embeddable":true,"href":"https:\/\/iscuruzucuatia-crr.infd.edu.ar\/sitio\/wp-json\/wp\/v2\/pages\/1255"}],"wp:attachment":[{"href":"https:\/\/iscuruzucuatia-crr.infd.edu.ar\/sitio\/wp-json\/wp\/v2\/media?parent=1148"}],"curies":[{"name":"wp","href":"https:\/\/api.w.org\/{rel}","templated":true}]}}