{"id":1144,"date":"2018-08-30T12:51:45","date_gmt":"2018-08-30T15:51:45","guid":{"rendered":"https:\/\/iscuruzucuatia-crr.infd.edu.ar\/sitio\/cursos-de-capacitacion-en-idiomas-y-dibujo-y-pintura\/"},"modified":"2021-07-12T20:08:16","modified_gmt":"2021-07-12T23:08:16","slug":"capacitaciones","status":"publish","type":"page","link":"https:\/\/iscuruzucuatia-crr.infd.edu.ar\/sitio\/carreras\/capacitaciones\/","title":{"rendered":"Capacitaciones"},"content":{"rendered":"<div style=\"font-family: 'Ubuntu',sans-serif;  font-size: 1rem;\">\n<h1 style=\"font-size: 2.5rem; color: #1D4197; text-align: center;\"> CURSOS DE CAPACITACI\u00d3N <\/h1>\n<p>Dentro de la extensa oferta educativa, el Instituto Superior dicta diversos cursos de <strong>Capacitaci\u00f3n en Idiomas:<\/strong> <span style=\"color: #1D4197;\"><strong>Ingl\u00e9s, Franc\u00e9s y Portugu\u00e9s.<\/strong><\/span> En el area de dibujo y pintura, se dicta el curso de <\/strong> <span style=\"color: #1D4197;\"><strong>Realizador Pl\u00e1stico B\u00e1sico.<\/strong><\/span><\/p>\n<p>Porque te ofrece la posibilidad de ampliar tu campo laboral, para conocer nuevas personas, comunicarte con otros, viajar, conocer nuevas culturas, desarrollar y potenciar tus habilidades art\u00edsticas, para salir de la rutina o para cumplir un sue\u00f1o. Esta es tu posibilidad!!<\/p>\n<p>Los cursos de Idioma y de Dibujo y Pintura ofrece una posibilidad a todos aquellos que quieran emprender un nuevo camino, sin l\u00edmite de edad. Grupos heterog\u00e9neos que se relacionan aportando sus diversas experiencias.<\/p>\n<p>Todas los cursos son de  tres a\u00f1os de duraci\u00f3n, y se requiere tener aprobado hasta segundo a\u00f1o de la Escuela Secundaria.<\/p>\n<p>Los t\u00edtulos que se otorgan son de validez nacional, que acompa\u00f1ados de un t\u00edtulo docente son considerados t\u00edtulos supletorios para la ense\u00f1anza.<\/p>\n<p>    <img decoding=\"async\" style=\"display: block; margin-left: auto; margin-right: auto;\" src=\"https:\/\/iscuruzucuatia-crr.infd.edu.ar\/sitio\/wp-content\/uploads\/2018\/08\/Pxgfy7913fySimagen_incrustada1.png\" alt=\"\" border=\"0\" \/><\/span>\n<\/div>\n","protected":false},"excerpt":{"rendered":"<p>CURSOS DE CAPACITACI\u00d3N Dentro de la extensa oferta educativa, el Instituto Superior dicta diversos cursos de Capacitaci\u00f3n en Idiomas: Ingl\u00e9s, Franc\u00e9s y Portugu\u00e9s. En el area de dibujo y pintura, se dicta el curso de Realizador Pl\u00e1stico B\u00e1sico. Porque te ofrece la posibilidad de ampliar tu campo laboral, para conocer nuevas personas, comunicarte con otros, &#8230; <a title=\"Capacitaciones\" class=\"read-more\" href=\"https:\/\/iscuruzucuatia-crr.infd.edu.ar\/sitio\/carreras\/capacitaciones\/\" aria-label=\"More on Capacitaciones\">[+]<\/a><\/p>\n","protected":false},"author":3317,"featured_media":0,"parent":1106,"menu_order":3,"comment_status":"closed","ping_status":"closed","template":"","meta":[],"acf":[],"_links":{"self":[{"href":"https:\/\/iscuruzucuatia-crr.infd.edu.ar\/sitio\/wp-json\/wp\/v2\/pages\/1144"}],"collection":[{"href":"https:\/\/iscuruzucuatia-crr.infd.edu.ar\/sitio\/wp-json\/wp\/v2\/pages"}],"about":[{"href":"https:\/\/iscuruzucuatia-crr.infd.edu.ar\/sitio\/wp-json\/wp\/v2\/types\/page"}],"author":[{"embeddable":true,"href":"https:\/\/iscuruzucuatia-crr.infd.edu.ar\/sitio\/wp-json\/wp\/v2\/users\/3317"}],"replies":[{"embeddable":true,"href":"https:\/\/iscuruzucuatia-crr.infd.edu.ar\/sitio\/wp-json\/wp\/v2\/comments?post=1144"}],"version-history":[{"count":7,"href":"https:\/\/iscuruzucuatia-crr.infd.edu.ar\/sitio\/wp-json\/wp\/v2\/pages\/1144\/revisions"}],"predecessor-version":[{"id":2388,"href":"https:\/\/iscuruzucuatia-crr.infd.edu.ar\/sitio\/wp-json\/wp\/v2\/pages\/1144\/revisions\/2388"}],"up":[{"embeddable":true,"href":"https:\/\/iscuruzucuatia-crr.infd.edu.ar\/sitio\/wp-json\/wp\/v2\/pages\/1106"}],"wp:attachment":[{"href":"https:\/\/iscuruzucuatia-crr.infd.edu.ar\/sitio\/wp-json\/wp\/v2\/media?parent=1144"}],"curies":[{"name":"wp","href":"https:\/\/api.w.org\/{rel}","templated":true}]}}