{"id":1131,"date":"2018-08-30T12:51:39","date_gmt":"2018-08-30T15:51:39","guid":{"rendered":"https:\/\/iscuruzucuatia-crr.infd.edu.ar\/sitio\/tecnicatura-superior-forestal\/"},"modified":"2021-08-10T02:09:18","modified_gmt":"2021-08-10T05:09:18","slug":"tecnicatura-superior-en-enfermeria","status":"publish","type":"page","link":"https:\/\/iscuruzucuatia-crr.infd.edu.ar\/sitio\/carreras\/tecnicaturas\/tecnicatura-superior-en-enfermeria\/","title":{"rendered":"Tecnicatura Superior en Enfermer\u00eda"},"content":{"rendered":"<div style=\"font-family: 'Ubuntu',sans-serif;  font-size: 1rem;\">\n<h1 style=\"font-size: 2.5rem; color: #1D4197; text-align: center;\">\tTECNICATURA SUPERIOR EN ENFERMER\u00cdA<\/h1>\n<ul>\n<li>\t<strong style=\"color: #1D4197;\"> RESOLUCI\u00d3N: <\/strong> <a href=\"http:\/\/www.dgescorrientes.net\/distec2017\/DC-Tec-Enfermeria.pdf\">Res-46-2013<\/a><\/li>\n<li>\t<strong style=\"color: #1D4197;\"> T\u00cdTULO A OTORGAR: <\/strong>   Enfermero\/a<\/li>\n<li>\t<strong style=\"color: #1D4197;\"> DURACI\u00d3N: <\/strong>     3 a\u00f1os<\/li>\n<li>\t<strong style=\"color: #1D4197;\"> HORAS C\u00c1TEDRA: <\/strong>    2864 horas<\/li>\n<li>\t<strong style=\"color: #1D4197;\"> UNIDADES CURRICULARES: <\/strong>  29<\/li>\n<li>\t<strong style=\"color: #1D4197;\"> COORDINADOR: <\/strong>    Susana Melgarejo<\/li>\n<li>\t<strong style=\"color: #1D4197;\"> PERFIL DEL PROFESIONAL: <\/strong> La Enfermera o el Enfermero est\u00e1 capacitado para: La promoci\u00f3n, prevenci\u00f3n, recuperaci\u00f3n y rehabilitaci\u00f3n de la persona, la familia, grupo y comunidad hasta el nivel de complejidad de cuidados intermedios, en los \u00e1mbitos comunitario y hospitalario; gestionando su \u00e1mbito de trabajo y participando en estudios de investigaci\u00f3n-acci\u00f3n. Actuar de manera interdisciplinaria con profesionales de diferente nivel de calificaci\u00f3n involucrados en su actividad: m\u00e9dicos de distintas especialidades, t\u00e9cnicos y otros profesionales del campo de la salud.<\/li>\n<\/ul>\n<p><strong style=\"font-size: 2rem; color: #1D4197;\"> PLAN DE ESTUDIO <\/strong><a href=\"https:\/\/iscuruzucuatia-crr.infd.edu.ar\/sitio\/wp-content\/uploads\/2021\/07\/Tecnicatura-Enfermeria.pdf\" style=\"cursor: pointer; color: #fff; background-color: #1D4197; border-color: #1D4197; padding: .375rem .75rem; border-radius: .25rem;\">descargar<\/a><\/p>\n<table style=\"font-size: 1.6vw; border: 1pt solid #1d4197; border-bottom-width: 5pt; vertical-align: middle;\">\n<tbody>\n<tr style=\"text-align: center;\">\n<th style=\"text-align: center !important; font-size: 16pt; color: #ffffff; background-color: #1d4197;\" colspan=\"5\" rowspan=\"1\">\n        <strong>1\u00ba a\u00f1o<\/strong><\/th>\n<\/tr>\n<tr style=\"color: #1d4197; font-weight: bolder; padding: 5pt 5pt 5pt 5pt;background-color: #6fa8dc;\">\n<th style=\"border: none; border-top: 1px solid #1d4197; text-align: center;\"><\/th>\n<th style=\"border: none; border-top: 1px solid #1d4197; font-size:larger;\">\n        <strong>Unidad curricular<\/strong><\/th>\n<th style=\"border: none; border-top: 1px solid #1d4197; font-size:larger; text-align: center;\">\n        <strong>R\u00e9gimen<\/strong><\/th>\n<th style=\"border: none; border-top: 1px solid #1d4197; font-size:larger; text-align: center;\">\n        <strong>Formato<\/strong><\/th>\n<th style=\"border: none; border-top: 1px solid #1d4197; font-size:larger; text-align: center;\">\n        <strong>Horas<br \/>\nDid\u00e1cticas<\/strong><\/th>\n<\/tr>\n<tr style=\"background-color: #cfe2f3; color: #1d4197;\">\n<td style=\"border: none; border-top: 1px solid #1d4197; text-align: center;\">\t1<\/td>\n<td style=\"border: none; border-top: 1px solid #1d4197; text-align: left;\">\tSalud P\u00fablica Estado y Sociedad<\/td>\n<td style=\"border: none; border-top: 1px solid #1d4197; text-align: center;\">\t1\u00b0 Cuatrimestre<\/td>\n<td style=\"border: none; border-top: 1px solid #1d4197; text-align: center;\"><\/td>\n<td style=\"border: none; border-top: 1px solid #1d4197; text-align: center;\">\t6 horas<\/td>\n<\/tr>\n<tr style=\"background-color: #cfe2f3; color: #1d4197;\">\n<td style=\"border: none; border-top: 1px solid #1d4197; text-align: center;\">\t2<\/td>\n<td style=\"border: none; border-top: 1px solid #1d4197; text-align: left;\">\tMorfofisiolog\u00eda Din\u00e1mica<\/td>\n<td style=\"border: none; border-top: 1px solid #1d4197; text-align: center;\">\tAnual<\/td>\n<td style=\"border: none; border-top: 1px solid #1d4197; text-align: center;\"><\/td>\n<td style=\"border: none; border-top: 1px solid #1d4197; text-align: center;\">\t4 horas<\/td>\n<\/tr>\n<tr style=\"background-color: #cfe2f3; color: #1d4197;\">\n<td style=\"border: none; border-top: 1px solid #1d4197; text-align: center;\">\t3<\/td>\n<td style=\"border: none; border-top: 1px solid #1d4197; text-align: left;\">\tBases F\u00edsico Qu\u00edmica<\/td>\n<td style=\"border: none; border-top: 1px solid #1d4197; text-align: center;\">\tAnual<\/td>\n<td style=\"border: none; border-top: 1px solid #1d4197; text-align: center;\"><\/td>\n<td style=\"border: none; border-top: 1px solid #1d4197; text-align: center;\">\t4 horas<\/td>\n<\/tr>\n<tr style=\"background-color: #cfe2f3; color: #1d4197;\">\n<td style=\"border: none; border-top: 1px solid #1d4197; text-align: center;\">\t4<\/td>\n<td style=\"border: none; border-top: 1px solid #1d4197; text-align: left;\">\tAspectos Psico-socio-culturales del Desarrollo<\/td>\n<td style=\"border: none; border-top: 1px solid #1d4197; text-align: center;\">\t1\u00b0 Cuatrimestre<\/td>\n<td style=\"border: none; border-top: 1px solid #1d4197; text-align: center;\"><\/td>\n<td style=\"border: none; border-top: 1px solid #1d4197; text-align: center;\">\t6 horas<\/td>\n<\/tr>\n<tr style=\"background-color: #cfe2f3; color: #1d4197;\">\n<td style=\"border: none; border-top: 1px solid #1d4197; text-align: center;\">\t5<\/td>\n<td style=\"border: none; border-top: 1px solid #1d4197; text-align: left;\">\tFundamentos de Enfermer\u00eda<\/td>\n<td style=\"border: none; border-top: 1px solid #1d4197; text-align: center;\">\tAnual<\/td>\n<td style=\"border: none; border-top: 1px solid #1d4197; text-align: center;\"><\/td>\n<td style=\"border: none; border-top: 1px solid #1d4197; text-align: center;\">\t4 horas<\/td>\n<\/tr>\n<tr style=\"background-color: #cfe2f3; color: #1d4197;\">\n<td style=\"border: none; border-top: 1px solid #1d4197; text-align: center;\">\t6<\/td>\n<td style=\"border: none; border-top: 1px solid #1d4197; text-align: left;\">\tProblem\u00e1tica Sociocultural y del Mundo del Trabajo<\/td>\n<td style=\"border: none; border-top: 1px solid #1d4197; text-align: center;\">\t2\u00b0 Cuatrimestre<\/td>\n<td style=\"border: none; border-top: 1px solid #1d4197; text-align: center;\"><\/td>\n<td style=\"border: none; border-top: 1px solid #1d4197; text-align: center;\">\t4 horas<\/td>\n<\/tr>\n<tr style=\"background-color: #cfe2f3; color: #1d4197;\">\n<td style=\"border: none; border-top: 1px solid #1d4197; text-align: center;\">\t7<\/td>\n<td style=\"border: none; border-top: 1px solid #1d4197; text-align: left;\">\tCultura y Comunicaci\u00f3n Contempor\u00e1nea<\/td>\n<td style=\"border: none; border-top: 1px solid #1d4197; text-align: center;\">\t2\u00b0 Cuatrimestre<\/td>\n<td style=\"border: none; border-top: 1px solid #1d4197; text-align: center;\"><\/td>\n<td style=\"border: none; border-top: 1px solid #1d4197; text-align: center;\">\t4 horas<\/td>\n<\/tr>\n<tr style=\"background-color: #cfe2f3; color: #1d4197;\">\n<td style=\"border: none; border-top: 1px solid #1d4197; text-align: center;\">\t8<\/td>\n<td style=\"border: none; border-top: 1px solid #1d4197; text-align: left;\">\tEnfermer\u00eda Comunitaria<\/td>\n<td style=\"border: none; border-top: 1px solid #1d4197; text-align: center;\">\tAnual<\/td>\n<td style=\"border: none; border-top: 1px solid #1d4197; text-align: center;\"><\/td>\n<td style=\"border: none; border-top: 1px solid #1d4197; text-align: center;\">\t4 horas<\/td>\n<\/tr>\n<tr style=\"background-color: #cfe2f3; color: #1d4197;\">\n<td style=\"border: none; border-top: 1px solid #1d4197; text-align: center;\">\t9<\/td>\n<td style=\"border: none; border-top: 1px solid #1d4197; text-align: left;\">\tPr\u00e1ctica Profesional Integrada I<\/td>\n<td style=\"border: none; border-top: 1px solid #1d4197; text-align: center;\">\t2\u00b0 Cuatrimestre<\/td>\n<td style=\"border: none; border-top: 1px solid #1d4197; text-align: center;\"><\/td>\n<td style=\"border: none; border-top: 1px solid #1d4197; text-align: center;\">\t4 horas<\/td>\n<\/tr>\n<\/tbody>\n<\/table>\n<table style=\"font-size: 1.6vw; border: 1pt solid #1d4197; border-bottom-width: 5pt; vertical-align: middle;\">\n<tbody>\n<tr style=\"text-align: center;\">\n<th style=\"text-align: center !important; font-size: 16pt; color: #ffffff; background-color: #1d4197;\" colspan=\"5\" rowspan=\"1\">\n            <strong>2\u00ba a\u00f1o<\/strong><\/th>\n<\/tr>\n<tr style=\"color: #1d4197; font-weight: bolder; padding: 5pt 5pt 5pt 5pt;background-color: #6fa8dc;\">\n<th style=\"border: none; border-top: 1px solid #1d4197; text-align: center;\"><\/th>\n<th style=\"border: none; border-top: 1px solid #1d4197; font-size:larger;\">\n            <strong>Unidad curricular<\/strong><\/th>\n<th style=\"border: none; border-top: 1px solid #1d4197; font-size:larger; text-align: center;\">\n            <strong>R\u00e9gimen<\/strong><\/th>\n<th style=\"border: none; border-top: 1px solid #1d4197; font-size:larger; text-align: center;\">\n            <strong>Formato<\/strong><\/th>\n<th style=\"border: none; border-top: 1px solid #1d4197; font-size:larger; text-align: center;\">\n            <strong>Horas<br \/>\nDid\u00e1cticas<\/strong><\/th>\n<\/tr>\n<tr style=\"background-color: #cfe2f3; color: #1d4197;\">\n<td style=\"border: none; border-top: 1px solid #1d4197; text-align: center;\">\t10<\/td>\n<td style=\"border: none; border-top: 1px solid #1d4197; text-align: left;\">\tPsicolog\u00eda Social e Institucional<\/td>\n<td style=\"border: none; border-top: 1px solid #1d4197; text-align: center;\">\t1\u00b0 Cuatrimestre<\/td>\n<td style=\"border: none; border-top: 1px solid #1d4197; text-align: center;\"><\/td>\n<td style=\"border: none; border-top: 1px solid #1d4197; text-align: center;\">\t4 horas<\/td>\n<\/tr>\n<tr style=\"background-color: #cfe2f3; color: #1d4197;\">\n<td style=\"border: none; border-top: 1px solid #1d4197; text-align: center;\">\t11<\/td>\n<td style=\"border: none; border-top: 1px solid #1d4197; text-align: left;\">\tMicrobiolog\u00eda, Parasitolog\u00eda e Inmunolog\u00eda<\/td>\n<td style=\"border: none; border-top: 1px solid #1d4197; text-align: center;\">\t1\u00b0 Cuatrimestre<\/td>\n<td style=\"border: none; border-top: 1px solid #1d4197; text-align: center;\"><\/td>\n<td style=\"border: none; border-top: 1px solid #1d4197; text-align: center;\">\t4 horas<\/td>\n<\/tr>\n<tr style=\"background-color: #cfe2f3; color: #1d4197;\">\n<td style=\"border: none; border-top: 1px solid #1d4197; text-align: center;\">\t12<\/td>\n<td style=\"border: none; border-top: 1px solid #1d4197; text-align: left;\">\tFarmacolog\u00eda<\/td>\n<td style=\"border: none; border-top: 1px solid #1d4197; text-align: center;\">\tAnual<\/td>\n<td style=\"border: none; border-top: 1px solid #1d4197; text-align: center;\"><\/td>\n<td style=\"border: none; border-top: 1px solid #1d4197; text-align: center;\">\t3 horas<\/td>\n<\/tr>\n<tr style=\"background-color: #cfe2f3; color: #1d4197;\">\n<td style=\"border: none; border-top: 1px solid #1d4197; text-align: center;\">\t13<\/td>\n<td style=\"border: none; border-top: 1px solid #1d4197; text-align: left;\">\tMetodolog\u00eda de la Investigaci\u00f3n &#8211; Acci\u00f3n<\/td>\n<td style=\"border: none; border-top: 1px solid #1d4197; text-align: center;\">\t1\u00b0 Cuatrimestre<\/td>\n<td style=\"border: none; border-top: 1px solid #1d4197; text-align: center;\"><\/td>\n<td style=\"border: none; border-top: 1px solid #1d4197; text-align: center;\">\t4 horas<\/td>\n<\/tr>\n<tr style=\"background-color: #cfe2f3; color: #1d4197;\">\n<td style=\"border: none; border-top: 1px solid #1d4197; text-align: center;\">\t14<\/td>\n<td style=\"border: none; border-top: 1px solid #1d4197; text-align: left;\">\tNutrici\u00f3n y Dietoterapia<\/td>\n<td style=\"border: none; border-top: 1px solid #1d4197; text-align: center;\">\t1\u00b0 Cuatrimestre<\/td>\n<td style=\"border: none; border-top: 1px solid #1d4197; text-align: center;\"><\/td>\n<td style=\"border: none; border-top: 1px solid #1d4197; text-align: center;\">\t4 horas<\/td>\n<\/tr>\n<tr style=\"background-color: #cfe2f3; color: #1d4197;\">\n<td style=\"border: none; border-top: 1px solid #1d4197; text-align: center;\">\t15<\/td>\n<td style=\"border: none; border-top: 1px solid #1d4197; text-align: left;\">\tEnfermer\u00eda del Adulto<\/td>\n<td style=\"border: none; border-top: 1px solid #1d4197; text-align: center;\">\tAnual<\/td>\n<td style=\"border: none; border-top: 1px solid #1d4197; text-align: center;\"><\/td>\n<td style=\"border: none; border-top: 1px solid #1d4197; text-align: center;\">\t4 horas<\/td>\n<\/tr>\n<tr style=\"background-color: #cfe2f3; color: #1d4197;\">\n<td style=\"border: none; border-top: 1px solid #1d4197; text-align: center;\">\t16<\/td>\n<td style=\"border: none; border-top: 1px solid #1d4197; text-align: left;\">\tEpidemiolog\u00eda y Bioestad\u00edstica<\/td>\n<td style=\"border: none; border-top: 1px solid #1d4197; text-align: center;\">\t2\u00b0 Cuatrimestre<\/td>\n<td style=\"border: none; border-top: 1px solid #1d4197; text-align: center;\"><\/td>\n<td style=\"border: none; border-top: 1px solid #1d4197; text-align: center;\">\t5 horas<\/td>\n<\/tr>\n<tr style=\"background-color: #cfe2f3; color: #1d4197;\">\n<td style=\"border: none; border-top: 1px solid #1d4197; text-align: center;\">\t17<\/td>\n<td style=\"border: none; border-top: 1px solid #1d4197; text-align: left;\">\tEducaci\u00f3n para la Salud<\/td>\n<td style=\"border: none; border-top: 1px solid #1d4197; text-align: center;\">\t2\u00b0 Cuatrimestre<\/td>\n<td style=\"border: none; border-top: 1px solid #1d4197; text-align: center;\"><\/td>\n<td style=\"border: none; border-top: 1px solid #1d4197; text-align: center;\">\t4 horas<\/td>\n<\/tr>\n<tr style=\"background-color: #cfe2f3; color: #1d4197;\">\n<td style=\"border: none; border-top: 1px solid #1d4197; text-align: center;\">\t18<\/td>\n<td style=\"border: none; border-top: 1px solid #1d4197; text-align: left;\">\tEnfermer\u00eda del Adulto Mayor<\/td>\n<td style=\"border: none; border-top: 1px solid #1d4197; text-align: center;\">\t2\u00b0 Cuatrimestre<\/td>\n<td style=\"border: none; border-top: 1px solid #1d4197; text-align: center;\"><\/td>\n<td style=\"border: none; border-top: 1px solid #1d4197; text-align: center;\">\t6 horas<\/td>\n<\/tr>\n<tr style=\"background-color: #cfe2f3; color: #1d4197;\">\n<td style=\"border: none; border-top: 1px solid #1d4197; text-align: center;\">\t19<\/td>\n<td style=\"border: none; border-top: 1px solid #1d4197; text-align: left;\">\tPr\u00e1ctica Profesional Integrada II<\/td>\n<td style=\"border: none; border-top: 1px solid #1d4197; text-align: center;\">\tAnual<\/td>\n<td style=\"border: none; border-top: 1px solid #1d4197; text-align: center;\"><\/td>\n<td style=\"border: none; border-top: 1px solid #1d4197; text-align: center;\">\t6 horas<\/td>\n<\/tr>\n<\/tbody>\n<\/table>\n<table style=\"font-size: 1.6vw; border: 1pt solid #1d4197; border-bottom-width: 5pt; vertical-align: middle;\">\n<tbody>\n<tr style=\"text-align: center;\">\n<th style=\"text-align: center !important; font-size: 16pt; color: #ffffff; background-color: #1d4197;\" colspan=\"5\" rowspan=\"1\">\n                <strong>3\u00ba a\u00f1o<\/strong><\/th>\n<\/tr>\n<tr style=\"color: #1d4197; font-weight: bolder; padding: 5pt 5pt 5pt 5pt;background-color: #6fa8dc;\">\n<th style=\"border: none; border-top: 1px solid #1d4197; text-align: center;\"><\/th>\n<th style=\"border: none; border-top: 1px solid #1d4197; font-size:larger;\">\n                <strong>Unidad curricular<\/strong><\/th>\n<th style=\"border: none; border-top: 1px solid #1d4197; font-size:larger; text-align: center;\">\n                <strong>R\u00e9gimen<\/strong><\/th>\n<th style=\"border: none; border-top: 1px solid #1d4197; font-size:larger; text-align: center;\">\n                <strong>Formato<\/strong><\/th>\n<th style=\"border: none; border-top: 1px solid #1d4197; font-size:larger; text-align: center;\">\n                <strong>Horas<br \/>\nDid\u00e1cticas<\/strong><\/th>\n<\/tr>\n<tr style=\"background-color: #cfe2f3; color: #1d4197;\">\n<td style=\"border: none; border-top: 1px solid #1d4197; text-align: center;\">\t20<\/td>\n<td style=\"border: none; border-top: 1px solid #1d4197; text-align: left;\">\tIngl\u00e9s T\u00e9cnico<\/td>\n<td style=\"border: none; border-top: 1px solid #1d4197; text-align: center;\">\t1\u00b0 Cuatrimestre<\/td>\n<td style=\"border: none; border-top: 1px solid #1d4197; text-align: center;\"><\/td>\n<td style=\"border: none; border-top: 1px solid #1d4197; text-align: center;\">\t4 horas<\/td>\n<\/tr>\n<tr style=\"background-color: #cfe2f3; color: #1d4197;\">\n<td style=\"border: none; border-top: 1px solid #1d4197; text-align: center;\">\t21<\/td>\n<td style=\"border: none; border-top: 1px solid #1d4197; text-align: left;\">\tInform\u00e1tica Aplicada<\/td>\n<td style=\"border: none; border-top: 1px solid #1d4197; text-align: center;\">\t1\u00b0 Cuatrimestre<\/td>\n<td style=\"border: none; border-top: 1px solid #1d4197; text-align: center;\"><\/td>\n<td style=\"border: none; border-top: 1px solid #1d4197; text-align: center;\">\t4 horas<\/td>\n<\/tr>\n<tr style=\"background-color: #cfe2f3; color: #1d4197;\">\n<td style=\"border: none; border-top: 1px solid #1d4197; text-align: center;\">\t22<\/td>\n<td style=\"border: none; border-top: 1px solid #1d4197; text-align: left;\">\t\u00c9tica y Legislaci\u00f3n Profesional<\/td>\n<td style=\"border: none; border-top: 1px solid #1d4197; text-align: center;\">\t1\u00b0 Cuatrimestre<\/td>\n<td style=\"border: none; border-top: 1px solid #1d4197; text-align: center;\"><\/td>\n<td style=\"border: none; border-top: 1px solid #1d4197; text-align: center;\">\t4 horas<\/td>\n<\/tr>\n<tr style=\"background-color: #cfe2f3; color: #1d4197;\">\n<td style=\"border: none; border-top: 1px solid #1d4197; text-align: center;\">\t23<\/td>\n<td style=\"border: none; border-top: 1px solid #1d4197; text-align: left;\">\tEnfermer\u00eda de la Salud Mental y Psiqui\u00e1trica<\/td>\n<td style=\"border: none; border-top: 1px solid #1d4197; text-align: center;\">\t1\u00b0 Cuatrimestre<\/td>\n<td style=\"border: none; border-top: 1px solid #1d4197; text-align: center;\"><\/td>\n<td style=\"border: none; border-top: 1px solid #1d4197; text-align: center;\">\t4 horas<\/td>\n<\/tr>\n<tr style=\"background-color: #cfe2f3; color: #1d4197;\">\n<td style=\"border: none; border-top: 1px solid #1d4197; text-align: center;\">\t24<\/td>\n<td style=\"border: none; border-top: 1px solid #1d4197; text-align: left;\">\tEnfermer\u00eda Materno-Infantil<\/td>\n<td style=\"border: none; border-top: 1px solid #1d4197; text-align: center;\">\tAnual<\/td>\n<td style=\"border: none; border-top: 1px solid #1d4197; text-align: center;\"><\/td>\n<td style=\"border: none; border-top: 1px solid #1d4197; text-align: center;\">\t4 horas<\/td>\n<\/tr>\n<tr style=\"background-color: #cfe2f3; color: #1d4197;\">\n<td style=\"border: none; border-top: 1px solid #1d4197; text-align: center;\">\t25<\/td>\n<td style=\"border: none; border-top: 1px solid #1d4197; text-align: left;\">\tSeminario-Taller Cuidados Cr\u00edticos y Emergentolog\u00eda<\/td>\n<td style=\"border: none; border-top: 1px solid #1d4197; text-align: center;\">\tAnual<\/td>\n<td style=\"border: none; border-top: 1px solid #1d4197; text-align: center;\"><\/td>\n<td style=\"border: none; border-top: 1px solid #1d4197; text-align: center;\">\t4 horas<\/td>\n<\/tr>\n<tr style=\"background-color: #cfe2f3; color: #1d4197;\">\n<td style=\"border: none; border-top: 1px solid #1d4197; text-align: center;\">\t26<\/td>\n<td style=\"border: none; border-top: 1px solid #1d4197; text-align: left;\">\tGesti\u00f3n y Autogesti\u00f3n en Enfermer\u00eda<\/td>\n<td style=\"border: none; border-top: 1px solid #1d4197; text-align: center;\">\t2\u00b0 Cuatrimestre<\/td>\n<td style=\"border: none; border-top: 1px solid #1d4197; text-align: center;\"><\/td>\n<td style=\"border: none; border-top: 1px solid #1d4197; text-align: center;\">\t4 horas<\/td>\n<\/tr>\n<tr style=\"background-color: #cfe2f3; color: #1d4197;\">\n<td style=\"border: none; border-top: 1px solid #1d4197; text-align: center;\">\t27<\/td>\n<td style=\"border: none; border-top: 1px solid #1d4197; text-align: left;\">\tGuaran\u00ed<\/td>\n<td style=\"border: none; border-top: 1px solid #1d4197; text-align: center;\">\t2\u00b0 Cuatrimestre<\/td>\n<td style=\"border: none; border-top: 1px solid #1d4197; text-align: center;\"><\/td>\n<td style=\"border: none; border-top: 1px solid #1d4197; text-align: center;\">\t6 horas<\/td>\n<\/tr>\n<tr style=\"background-color: #cfe2f3; color: #1d4197;\">\n<td style=\"border: none; border-top: 1px solid #1d4197; text-align: center;\">\t28<\/td>\n<td style=\"border: none; border-top: 1px solid #1d4197; text-align: left;\">\tEnfermer\u00eda Infanto-Juvenil<\/td>\n<td style=\"border: none; border-top: 1px solid #1d4197; text-align: center;\">\tAnual<\/td>\n<td style=\"border: none; border-top: 1px solid #1d4197; text-align: center;\"><\/td>\n<td style=\"border: none; border-top: 1px solid #1d4197; text-align: center;\">\t4 horas<\/td>\n<\/tr>\n<tr style=\"background-color: #cfe2f3; color: #1d4197;\">\n<td style=\"border: none; border-top: 1px solid #1d4197; text-align: center;\">\t29<\/td>\n<td style=\"border: none; border-top: 1px solid #1d4197; text-align: left;\">\tPr\u00e1ctica Profesional Integrada III<\/td>\n<td style=\"border: none; border-top: 1px solid #1d4197; text-align: center;\">\tAnual<\/td>\n<td style=\"border: none; border-top: 1px solid #1d4197; text-align: center;\"><\/td>\n<td style=\"border: none; border-top: 1px solid #1d4197; text-align: center;\">\t8 horas<\/td>\n<\/tr>\n<\/tbody>\n<\/table>\n<\/div>\n","protected":false},"excerpt":{"rendered":"<p>TECNICATURA SUPERIOR EN ENFERMER\u00cdA RESOLUCI\u00d3N: Res-46-2013 T\u00cdTULO A OTORGAR: Enfermero\/a DURACI\u00d3N: 3 a\u00f1os HORAS C\u00c1TEDRA: 2864 horas UNIDADES CURRICULARES: 29 COORDINADOR: Susana Melgarejo PERFIL DEL PROFESIONAL: La Enfermera o el Enfermero est\u00e1 capacitado para: La promoci\u00f3n, prevenci\u00f3n, recuperaci\u00f3n y rehabilitaci\u00f3n de la persona, la familia, grupo y comunidad hasta el nivel de complejidad de cuidados &#8230; <a title=\"Tecnicatura Superior en Enfermer\u00eda\" class=\"read-more\" href=\"https:\/\/iscuruzucuatia-crr.infd.edu.ar\/sitio\/carreras\/tecnicaturas\/tecnicatura-superior-en-enfermeria\/\" aria-label=\"More on Tecnicatura Superior en Enfermer\u00eda\">[+]<\/a><\/p>\n","protected":false},"author":3317,"featured_media":0,"parent":1255,"menu_order":0,"comment_status":"closed","ping_status":"closed","template":"","meta":[],"acf":[],"_links":{"self":[{"href":"https:\/\/iscuruzucuatia-crr.infd.edu.ar\/sitio\/wp-json\/wp\/v2\/pages\/1131"}],"collection":[{"href":"https:\/\/iscuruzucuatia-crr.infd.edu.ar\/sitio\/wp-json\/wp\/v2\/pages"}],"about":[{"href":"https:\/\/iscuruzucuatia-crr.infd.edu.ar\/sitio\/wp-json\/wp\/v2\/types\/page"}],"author":[{"embeddable":true,"href":"https:\/\/iscuruzucuatia-crr.infd.edu.ar\/sitio\/wp-json\/wp\/v2\/users\/3317"}],"replies":[{"embeddable":true,"href":"https:\/\/iscuruzucuatia-crr.infd.edu.ar\/sitio\/wp-json\/wp\/v2\/comments?post=1131"}],"version-history":[{"count":6,"href":"https:\/\/iscuruzucuatia-crr.infd.edu.ar\/sitio\/wp-json\/wp\/v2\/pages\/1131\/revisions"}],"predecessor-version":[{"id":2696,"href":"https:\/\/iscuruzucuatia-crr.infd.edu.ar\/sitio\/wp-json\/wp\/v2\/pages\/1131\/revisions\/2696"}],"up":[{"embeddable":true,"href":"https:\/\/iscuruzucuatia-crr.infd.edu.ar\/sitio\/wp-json\/wp\/v2\/pages\/1255"}],"wp:attachment":[{"href":"https:\/\/iscuruzucuatia-crr.infd.edu.ar\/sitio\/wp-json\/wp\/v2\/media?parent=1131"}],"curies":[{"name":"wp","href":"https:\/\/api.w.org\/{rel}","templated":true}]}}