{"id":1127,"date":"2021-05-27T12:51:37","date_gmt":"2021-05-27T15:51:37","guid":{"rendered":"https:\/\/iscuruzucuatia-crr.infd.edu.ar\/sitio\/ubicacion-3\/"},"modified":"2021-10-29T12:58:19","modified_gmt":"2021-10-29T15:58:19","slug":"ubicacion-iscc","status":"publish","type":"page","link":"https:\/\/iscuruzucuatia-crr.infd.edu.ar\/sitio\/inicio\/ubicacion-iscc\/","title":{"rendered":"Ubicaci\u00f3n"},"content":{"rendered":"<div style=\"font-family: 'Ubuntu',sans-serif; font-size: 1rem;\">\n<h1 style=\"font-size: 2.5rem; color: #1d4197; text-align: center;\">UBICACI\u00d3N<\/h1>\n<p>El <strong>INSTITUTO SUPERIOR<\/strong> est\u00e1 situado en el departamento de <strong>Curuz\u00fa Cuati\u00e1<\/strong>, el cual se encuentra ubicado en el Centro-Sur de la Provincia de Corrientes, Rep\u00fablica Argentina, siendo su Capital la ciudad de Curuz\u00fa Cuati\u00e1 (29\u00b047\u2032 S \u2013 58\u00b005\u2032 W).<\/p>\n<p style=\"text-align: center;\">\n    <iframe\n      src=\"https:\/\/www.google.com\/maps\/embed?pb=!1m18!1m12!1m3!1d2448.394217163044!2d-58.05101795208555!3d-29.7905842470886!2m3!1f0!2f0!3f0!3m2!1i1024!2i768!4f13.1!3m3!1m2!1s0x945292f7afb1c317%3A0x497cacb8a8626f57!2sInstituto%20Superior%20Curuzu%20Cuatia!5e0!3m2!1ses-419!2sar!4v1622077632374!5m2!1ses-419!2sar\"\n      width=\"90%\" height=\"400\" style=\"border:0;\" allowfullscreen=\"\" loading=\"lazy\"><\/iframe>\n  <\/p>\n<p>El <strong>Instituto Superior de Curuz\u00fa Cuati\u00e1<\/strong> funciona en un edificio en comodato firmado entre el Municipio de la ciudad de Curuz\u00fa Cuati\u00e1 y el Ministerio de Educaci\u00f3n de la Provincia de Corrientes; cuenta con 17  aulas que pueden albergar entre 20 y 70 alumnos c\u00f3modamente sentados, dos laboratorios de computaci\u00f3n, una amplia biblioteca, sal\u00f3n multiuso, sala de profesores, dependencias de bedel\u00eda, secretar\u00eda y rector\u00eda, ba\u00f1os para profesores y alumnos, playa de estacionamiento, (con posibilidades de expansi\u00f3n) instalado en el centro neur\u00e1lgico de la ciudad, a pasos de la Terminal de \u00f3mnibus, a pocas cuadras de la mayor\u00eda de los establecimientos educativos, de la Municipalidad, Estaci\u00f3n de Polic\u00eda, Centros de Salud, centro comercial de la localidad, medios de comunicaci\u00f3n (radios, peri\u00f3dicos) y adem\u00e1s, rodeado de calles pavimentadas facilitando el acceso al mismo.<\/p>\n<h2 style=\"font-size: 2rem; color: #1D4197;\"> Nuestra Ciudad <\/h2>\n<p>\t<img decoding=\"async\" style=\"float: right; width:40%; margin-left: 10px; padding: .25rem; background-color: #fff; border: 1px solid #dee2e6; border-radius: .25rem; max-width: 100%; height: auto; vertical-align: middle;\"\n    src=\"https:\/\/iscuruzucuatia-crr.infd.edu.ar\/sitio\/wp-content\/uploads\/2018\/08\/2gZRBK7QDoeGyimagen_incrustada2.png\"><\/p>\n<p>La <strong>ciudad de Curuz\u00fa Cuati\u00e1<\/strong> fue fundada el 16 de noviembre de 1810 por el <strong>Gral Manuel Belgrano<\/strong>, Jefe del Ej\u00e9rcito del Norte, en su viaje misional al Paraguay.<br \/>\n    Tiene una poblaci\u00f3n de 32.433 habitantes, con una Tasa de Crecimiento Anual Intercensal (2001\/91) del 15,6%. Es cabecera del Departamento de Curuz\u00fa Cuati\u00e1, con una poblaci\u00f3n total de 42.548 habitantes, encontr\u00e1ndose adem\u00e1s en el centro geogr\u00e1fico de la Micro Regi\u00f3n del Centro Sur Correntino y Noreste Entrerriano, un \u00e1rea de una superficie total de 31.006 km2 que en un radio de aproximadamente 100 km a la redonda concentra una poblaci\u00f3n total de 198.745 habitantes.<\/p>\n<p>El <strong>departamento de Curuz\u00fa Cuati\u00e1<\/strong> se encuentra ubicado en el Centro-Sur de la Provincia de Corrientes, Rep\u00fablica Argentina, siendo su Capital la ciudad de Curuz\u00fa Cuati\u00e1 (29\u00b047\u2032 S \u2013 58\u00b005\u2032 W).<br \/>\n    Su relieve es ondulado, con pendientes normales de hasta el 3%, y con una buena red de drenaje superficial en casi toda su extensi\u00f3n, surcada por r\u00edos y arroyos que desembocan en los R\u00edos Paran\u00e1 al Oeste y Uruguay al Este.<br \/>\n    El clima del Departamento es subtropical h\u00famedo, sin estaci\u00f3n seca, con una Temperatura Media Anual de 20\u00b0C. La Temperatura Media del mes m\u00e1s fr\u00edo (julio) es de 14,5\u00b0C con m\u00ednimas absolutas de -3\u00b0C, en tanto que la media del mes m\u00e1s caluro\u00adso (enero) es de 26\u00b0C con m\u00e1ximas absolutas de 44\u00b0C. La frecuencia de heladas es de 3 por a\u00f1o, las que se producen en un per\u00edodo de 90 d\u00edas.<br \/>\n    La vegetaci\u00f3n predominante es de un monte abierto, tipo parque, con pastiza\u00adles naturales de porte bajo y mediano, existiendo \u00e1reas con aparici\u00f3n de aflora\u00admientos rocosos de escasas dimensiones (NE y E del departamento) y algunas super\u00adficies inundables en las riveras de r\u00edos (principalmente NW y W) <\/p>\n<p>Geogr\u00e1ficamente privilegiada ya que, se encuentran, en un radio menor a los 130 km, ciudades como Mercedes, Paso de los Libres, Yapey\u00fa, Monte Caseros, Mocoret\u00e1, Sauce, Mariano I. Loza, Perugorr\u00eda y de la Provincia de Entre R\u00edos, San Jos\u00e9 de Feliciano, San Jaime de la Frontera, Chajar\u00ed, Villa del Rosario.<\/p>\n<p>\u00a1Te esperamos en el Instituto Superior de Curuz\u00fa Cuati\u00e1!<\/p>\n<\/div>\n","protected":false},"excerpt":{"rendered":"<p>UBICACI\u00d3N El INSTITUTO SUPERIOR est\u00e1 situado en el departamento de Curuz\u00fa Cuati\u00e1, el cual se encuentra ubicado en el Centro-Sur de la Provincia de Corrientes, Rep\u00fablica Argentina, siendo su Capital la ciudad de Curuz\u00fa Cuati\u00e1 (29\u00b047\u2032 S \u2013 58\u00b005\u2032 W). El Instituto Superior de Curuz\u00fa Cuati\u00e1 funciona en un edificio en comodato firmado entre el &#8230; <a title=\"Ubicaci\u00f3n\" class=\"read-more\" href=\"https:\/\/iscuruzucuatia-crr.infd.edu.ar\/sitio\/inicio\/ubicacion-iscc\/\" aria-label=\"More on Ubicaci\u00f3n\">[+]<\/a><\/p>\n","protected":false},"author":3317,"featured_media":0,"parent":286,"menu_order":0,"comment_status":"closed","ping_status":"closed","template":"","meta":[],"acf":[],"_links":{"self":[{"href":"https:\/\/iscuruzucuatia-crr.infd.edu.ar\/sitio\/wp-json\/wp\/v2\/pages\/1127"}],"collection":[{"href":"https:\/\/iscuruzucuatia-crr.infd.edu.ar\/sitio\/wp-json\/wp\/v2\/pages"}],"about":[{"href":"https:\/\/iscuruzucuatia-crr.infd.edu.ar\/sitio\/wp-json\/wp\/v2\/types\/page"}],"author":[{"embeddable":true,"href":"https:\/\/iscuruzucuatia-crr.infd.edu.ar\/sitio\/wp-json\/wp\/v2\/users\/3317"}],"replies":[{"embeddable":true,"href":"https:\/\/iscuruzucuatia-crr.infd.edu.ar\/sitio\/wp-json\/wp\/v2\/comments?post=1127"}],"version-history":[{"count":21,"href":"https:\/\/iscuruzucuatia-crr.infd.edu.ar\/sitio\/wp-json\/wp\/v2\/pages\/1127\/revisions"}],"predecessor-version":[{"id":1739,"href":"https:\/\/iscuruzucuatia-crr.infd.edu.ar\/sitio\/wp-json\/wp\/v2\/pages\/1127\/revisions\/1739"}],"up":[{"embeddable":true,"href":"https:\/\/iscuruzucuatia-crr.infd.edu.ar\/sitio\/wp-json\/wp\/v2\/pages\/286"}],"wp:attachment":[{"href":"https:\/\/iscuruzucuatia-crr.infd.edu.ar\/sitio\/wp-json\/wp\/v2\/media?parent=1127"}],"curies":[{"name":"wp","href":"https:\/\/api.w.org\/{rel}","templated":true}]}}