{"id":1122,"date":"2018-08-30T12:51:35","date_gmt":"2018-08-30T15:51:35","guid":{"rendered":"https:\/\/iscuruzucuatia-crr.infd.edu.ar\/sitio\/historia\/"},"modified":"2021-07-13T11:51:50","modified_gmt":"2021-07-13T14:51:50","slug":"historia","status":"publish","type":"page","link":"https:\/\/iscuruzucuatia-crr.infd.edu.ar\/sitio\/inicio\/historia\/","title":{"rendered":"Historia"},"content":{"rendered":"<div style=\"font-family: 'Ubuntu',sans-serif; font-size: 1rem; background: linear-gradient(55deg,#1e73be 30%,#CAD2E7 90%);\">\n<h1 style=\"font-size: 2.5rem; color: #1d4197; text-align: center;\">HISTORIA<\/h1>\n<div style=\"position: relative; width: 98%; margin: 0 auto; margin: 0 auto;\">\n<div style=\"content: ''; position: absolute; width: 4px; height: 100%; left: 15px; background-color: #1D4197; z-index: 0;\">\n<\/div>\n<div style=\"padding: 10px 50px; background-color: inherit;\">\n<div style=\"content: ''; position: absolute; width: 24px; height: 24px; left: 0; background-color: white; border: 5px solid #1D4197; top: 30px; border-radius: 50%; z-index: 1;\">\n<\/div>\n<div style=\"padding: 20px; background-color: white; width: 98%; border-radius: 5px; margin-right: 2px; border-bottom: solid 5px #1D4197 ;\">\n<h2 style=\"font-size: 2rem; color: #1D4197; margin: 0 auto;\">1978<\/h2>\n<h2 style=\"font-size: 1.5rem; color: #1D4197; margin: 0 auto;\">SU CREACI\u00d3N<\/h2>\n<p><span style=\"color: #1D4197;\"><strong>El Instituto Superior de Curuz\u00fa Cuati\u00e1<\/strong><\/span> es una instituci\u00f3n de formaci\u00f3n de educaci\u00f3n Superior no Universitaria. <strong>Creado por Decreto N\u00b0 260 del 27 de enero de 1978,<\/strong> inicia las actividades el 10 de mayo de 1978, cuando abre sus puertas para ofrecer el Profesorado de Educaci\u00f3n Primaria, en aulas cedidas por el Colegio Salesiano San Rafael. Posteriormente se traslad\u00f3 a otras Escuelas de Nivel Primaria (Belgrano y Sarmiento) y a una casona alquilada para finalmente compartir un edificio en Comodato con la Municipalidad de Curuz\u00fa Cuati\u00e1 en el ex Mercado Municipal remodelado especialmente a tales efectos.<\/p>\n<h2 style=\"font-size: 1.5rem; color: #1D4197; margin: 0 auto;\">SU INAUGURACI\u00d3N<\/h2>\n<p>El d\u00eda de la <strong>inauguraci\u00f3n,<\/strong> en la ciudad de Curuz\u00fa Cuati\u00e1, provincia de Corrientes, era intendente el se\u00f1or Interventor Municipal Mayor Odont\u00f3logo \u00c1ngel Lucio Torres Cornejo, quien se encontraba en compa\u00f1\u00eda de la Inspectora T\u00e9cnica de Ense\u00f1anza Superior, la profesora Irma Nelly Font\u00e1n de Lucero, Inspectora T\u00e9cnica de la zona, Profesora Teresita del Carmen Gonz\u00e1lez. Se encontraban presentes adem\u00e1s, autoridades militares, personal directivo y docente del medio, todos reunidos en el Sal\u00f3n Dorado de la Intendencia Municipal, desde la hora 11:15 hs.<\/p>\n<p>Por disposici\u00f3n Superior, la Se\u00f1ora Inspectora General puso en posesi\u00f3n del cargo a la <strong>Profesora Ana Mar\u00eda Grossi de Ackerley,<\/strong> L.C. N\u00b0 2.1668.515, Clase 1944, como <span style=\"color: #1D4197;\"><strong>Rectora<\/strong><\/span> del Instituto Superior del Profesorado de Curuz\u00fa Cuati\u00e1, cargo que ejerce hasta su jubilaci\u00f3n. Asimismo se da posesi\u00f3n en sus respectivos cargos a los dem\u00e1s miembros de la planta funcional del citado Instituto: <strong>Srta. Teresa Fern\u00e1ndez,<\/strong> L.C. N\u00b0 4.496.002, Clase 1942 como <span style=\"color: #1D4197;\"><strong>Bedel,<\/strong><\/span> <strong>Srta. Adelina Bernabela Romero,<\/strong> L.C. N: 2.327.982, Clase 1939 como <span style=\"color: #1D4197;\"><strong>Secretaria<\/strong><\/span> y la <strong>Sra. Martha C\u00e1ceres de Monz\u00f3n<\/strong> como personal de <span style=\"color: #1D4197;\"><strong>Maestranza.<\/strong><\/span><\/p>\n<\/div>\n<\/div>\n<\/div>\n<div style=\"position: relative; width: 98%; margin: 0 auto; margin: 0 auto;\">\n<div style=\"content: ''; position: absolute; width: 4px; height: 100%; left: 15px; background-color: #1D4197; z-index: 0;\">\n<\/div>\n<div style=\"padding: 10px 50px; background-color: inherit;\">\n<div style=\"content: ''; position: absolute; width: 24px; height: 24px; left: 0; background-color: white; border: 5px solid #1D4197; top: 30px; border-radius: 50%; z-index: 1;\">\n<\/div>\n<div style=\"padding: 20px; background-color: white; width: 98%; border-radius: 5px; margin-right: 2px; border-bottom: solid 5px #1D4197 ;\">\n<h2 style=\"font-size: 2rem; color: #1D4197; margin: 0 auto;\">1982<\/h2>\n<h2 style=\"font-size: 1.5rem; color: #1D4197; margin: 0 auto;\">SU FUNCIONAMIENTO<\/h2>\n<p><span style=\"color: #1D4197;\"><strong>El Instituto<\/strong><\/span> comienza a <strong>funcionar<\/strong> en el Colegio Salesiano San Rafael, en calle Don Bosco 1410, luego se traslada en 1982 a la Escuela Manuel Belgrano N\u00b0 32.<\/p>\n<p>Por decreto 2502\/81, se crea la carrera de <i>Pedagog\u00eda Diferencial.<\/i> Por decreto 599\/86, se crea el <i>Profesorado de Jard\u00edn de Infantes.<\/i><\/p>\n<\/div>\n<\/div>\n<\/div>\n<div style=\"position: relative; width: 98%; margin: 0 auto; margin: 0 auto;\">\n<div style=\"content: ''; position: absolute; width: 4px; height: 100%; left: 15px; background-color: #1D4197; z-index: 0;\">\n<\/div>\n<div style=\"padding: 10px 50px; background-color: inherit;\">\n<div style=\"content: ''; position: absolute; width: 24px; height: 24px; left: 0; background-color: white; border: 5px solid #1D4197; top: 30px; border-radius: 50%; z-index: 1;\">\n<\/div>\n<div style=\"padding: 20px; background-color: white; width: 98%; border-radius: 5px; margin-right: 2px; border-bottom: solid 5px #1D4197 ;\">\n<h2 style=\"font-size: 2rem; color: #1D4197; margin: 0 auto;\">1987<\/h2>\n<h2 style=\"font-size: 1.5rem; color: #1D4197; margin: 0 auto;\">SU PRIMER TRASLADO<\/h2>\n<p>En el a\u00f1o <strong>1987,<\/strong> se traslada a la Escuela Domingo Faustino Sarmiento N\u00b0 574, contando adem\u00e1s de los mencionados con los <strong>Cursos de Capacitaci\u00f3n<\/strong> en <span style=\"color: #1D4197;\"><strong>Lengua Inglesa, Dibujo y Pintura y el Profesorado de Inform\u00e1tica,<\/strong><\/span> con una matr\u00edcula de 270 alumnos.<\/p>\n<\/div>\n<\/div>\n<\/div>\n<div style=\"position: relative; width: 98%; margin: 0 auto; margin: 0 auto;\">\n<div style=\"content: ''; position: absolute; width: 4px; height: 100%; left: 15px; background-color: #1D4197; z-index: 0;\">\n<\/div>\n<div style=\"padding: 10px 50px; background-color: inherit;\">\n<div style=\"content: ''; position: absolute; width: 24px; height: 24px; left: 0; background-color: white; border: 5px solid #1D4197; top: 30px; border-radius: 50%; z-index: 1;\">\n<\/div>\n<div style=\"padding: 20px; background-color: white; width: 98%; border-radius: 5px; margin-right: 2px; border-bottom: solid 5px #1D4197 ;\">\n<h2 style=\"font-size: 2rem; color: #1D4197; margin: 0 auto;\">1993<\/h2>\n<h2 style=\"font-size: 1.5rem; color: #1D4197; margin: 0 auto;\">SU SEGUNDO TRASLADO<\/h2>\n<p>Desde <strong>1993<\/strong> se traslada a una casona alquilada en la calle principal, Ber\u00f3n de Astrada N\u00b0 645 con las carreras de: <span style=\"color: #1D4197;\"><strong>Profesorado de Educaci\u00f3n Primaria, Profesorado de Pedagog\u00eda Diferencial, Profesorado de Jard\u00edn Maternal y Jard\u00edn de Infantes, Operador en Sistema de Computaci\u00f3n,<\/strong><\/span> <strong>Cursos de Capacitaci\u00f3n<\/strong> en <span style=\"color: #1D4197;\"><strong>Dibujo y Pintura e Ingl\u00e9s,<\/strong><\/span> contando con 300 alumnos.<\/p>\n<\/div>\n<\/div>\n<\/div>\n<div style=\"position: relative; width: 98%; margin: 0 auto; margin: 0 auto;\">\n<div style=\"content: ''; position: absolute; width: 4px; height: 100%; left: 15px; background-color: #1D4197; z-index: 0;\">\n<\/div>\n<div style=\"padding: 10px 50px; background-color: inherit;\">\n<div style=\"content: ''; position: absolute; width: 24px; height: 24px; left: 0; background-color: white; border: 5px solid #1D4197; top: 30px; border-radius: 50%; z-index: 1;\">\n<\/div>\n<div style=\"padding: 20px; background-color: white; width: 98%; border-radius: 5px; margin-right: 2px; border-bottom: solid 5px #1D4197 ;\">\n<h2 style=\"font-size: 2rem; color: #1D4197; margin: 0 auto;\">1996<\/h2>\n<h2 style=\"font-size: 1.5rem; color: #1D4197; margin: 0 auto;\">DIFERENTES CARGOS<\/h2>\n<p>En agosto de <strong>1996<\/strong> comienza la <span style=\"color: #1D4197;\"><strong>Tecnicatura Auxiliar de Enfermer\u00eda<\/strong><\/span> por una promoci\u00f3n, por Res. N\u00b0 455 del 24 de mayo de 1996, contando con 30 inscriptos.<\/p>\n<p>El 5 de febrero de <strong>1996<\/strong> se inicia como <span style=\"color: #1D4197;\"><strong>Bedel Superior<\/strong><\/span> la <strong>Profesora Catalina Raquel Rodr\u00edguez.<\/strong><\/p>\n<p>Desde el 1 abril de <strong>1996<\/strong> se designa al cargo de la <span style=\"color: #1D4197;\"><strong>Secretar\u00eda<\/strong><\/span> al <strong>Prof. Santiago Dupuy<\/strong> ya que el cargo se perdi\u00f3 por jubilaci\u00f3n de la docente Adelina Romero en el a\u00f1o 1991. El 6 de octubre de <strong>1997<\/strong> se inicia como <span style=\"color: #1D4197;\"><strong>Preceptora<\/strong><\/span> la <strong>Profesora Maria Cristina Diez.<\/strong><\/p>\n<\/div>\n<\/div>\n<\/div>\n<div style=\"position: relative; width: 98%; margin: 0 auto; margin: 0 auto;\">\n<div style=\"content: ''; position: absolute; width: 4px; height: 100%; left: 15px; background-color: #1D4197; z-index: 0;\">\n<\/div>\n<div style=\"padding: 10px 50px; background-color: inherit;\">\n<div style=\"content: ''; position: absolute; width: 24px; height: 24px; left: 0; background-color: white; border: 5px solid #1D4197; top: 30px; border-radius: 50%; z-index: 1;\">\n<\/div>\n<div style=\"padding: 20px; background-color: white; width: 98%; border-radius: 5px; margin-right: 2px; border-bottom: solid 5px #1D4197 ;\">\n<h2 style=\"font-size: 2rem; color: #1D4197; margin: 0 auto;\">1997<\/h2>\n<h2 style=\"font-size: 1.5rem; color: #1D4197; margin: 0 auto;\">LOS PRIMEROS CURSOS<\/h2>\n<p>En <strong>1997<\/strong> empiezan a funcionar los <strong>Cursos de Capacitaci\u00f3n<\/strong> en <span style=\"color: #1D4197;\"><strong>Lengua Extranjera de Franc\u00e9s y Portugu\u00e9s<\/strong><\/span> y se clausura el Profesorado en Educaci\u00f3n Primaria por orden de la Superioridad, decreto 2482\/97.<\/p>\n<\/div>\n<\/div>\n<\/div>\n<div style=\"position: relative; width: 98%; margin: 0 auto; margin: 0 auto;\">\n<div style=\"content: ''; position: absolute; width: 4px; height: 100%; left: 15px; background-color: #1D4197; z-index: 0;\">\n<\/div>\n<div style=\"padding: 10px 50px; background-color: inherit;\">\n<div style=\"content: ''; position: absolute; width: 24px; height: 24px; left: 0; background-color: white; border: 5px solid #1D4197; top: 30px; border-radius: 50%; z-index: 1;\">\n<\/div>\n<div style=\"padding: 20px; background-color: white; width: 98%; border-radius: 5px; margin-right: 2px; border-bottom: solid 5px #1D4197 ;\">\n<h2 style=\"font-size: 2rem; color: #1D4197; margin: 0 auto;\">1998<\/h2>\n<h2 style=\"font-size: 1.5rem; color: #1D4197; margin: 0 auto;\">SU TRANSFORMACI\u00d3N<\/h2>\n<p>En <strong>1998<\/strong> se inicia la <span style=\"color: #1D4197;\"><strong>Transformaci\u00f3n institucional y curricular<\/strong><\/span> previstas por las Leyes 24.195 y 24.521.<\/p>\n<p>Debido a las disposici\u00f3n 303\/98 y 293\/98 <span style=\"color: #1D4197;\"><strong>la Instituci\u00f3n<\/strong><\/span> contaba con la carrera de <span style=\"color: #1D4197;\"><strong>Operador en Sistemas de Computaci\u00f3n<\/strong><\/span> con 200 alumnos, el \u00faltimo a\u00f1o del <span style=\"color: #1D4197;\"><strong>Profesorado en Pedagog\u00eda diferencial<\/strong><\/span> del que egresan 10 alumnos y los <strong>Cursos de Capacitaci\u00f3n<\/strong> ya nombrados con 300 alumnos.<\/p>\n<p>Desde <strong>1998 se tramita la constituci\u00f3n de un Colegio Universitario,<\/strong> concret\u00e1ndose la primera condici\u00f3n en el a\u00f1o 2001: la articulaci\u00f3n de la Tecnicatura Analista Programador con la Licenciatura en Sistemas dependiente de la FACENA, UNNE que contin\u00faa a\u00fan en vigencia.<\/p>\n<p>Tambi\u00e9n desde el 4 de agosto de 1998 se pierde el cargo de maestranza por fallecimiento de la Sra. Marta C\u00e1ceres de Monz\u00f3n.<\/p>\n<\/div>\n<\/div>\n<\/div>\n<div style=\"position: relative; width: 98%; margin: 0 auto; margin: 0 auto;\">\n<div style=\"content: ''; position: absolute; width: 4px; height: 100%; left: 15px; background-color: #1D4197; z-index: 0;\">\n<\/div>\n<div style=\"padding: 10px 50px; background-color: inherit;\">\n<div style=\"content: ''; position: absolute; width: 24px; height: 24px; left: 0; background-color: white; border: 5px solid #1D4197; top: 30px; border-radius: 50%; z-index: 1;\">\n<\/div>\n<div style=\"padding: 20px; background-color: white; width: 98%; border-radius: 5px; margin-right: 2px; border-bottom: solid 5px #1D4197 ;\">\n<h2 style=\"font-size: 2rem; color: #1D4197; margin: 0 auto;\">2000<\/h2>\n<h2 style=\"font-size: 1.5rem; color: #1D4197; margin: 0 auto;\">OFERTAS ACAD\u00c9MICAS<\/h2>\n<p>Por Res. 467\/99, se inicia en marzo del <strong>2000<\/strong> el <span style=\"color: #1D4197;\"><strong>Profesorado del Tercer Ciclo de la EGB y la Educaci\u00f3n Polimodal en Tecnolog\u00eda,<\/strong><\/span> con 56 alumnos. Por Res. 433\/99, se abre el <span style=\"color: #1D4197;\"><strong>Profesorado de Educaci\u00f3n Especial,<\/strong><\/span> Especialidad Discapacitados Mentales con 58 alumnos y la Carrera <span style=\"color: #1D4197;\"><strong>T\u00e9cnico Analista Programador<\/strong><\/span> por Res. 499\/99 con 160 alumnos, continuando los <strong>Cursos de Capacitaci\u00f3n<\/strong> con 245 alumnos.<\/p>\n<p>Desde el 1 de Noviembre del <strong>2000,<\/strong> se encuentra a cargo de la <span style=\"color: #1D4197;\"><strong>Biblioteca<\/strong><\/span> la <strong>Sra. Claudia Gentile de Vallejo,<\/strong> fonoaudi\u00f3loga y docente de la carrera de Profesorado en Educaci\u00f3n Especial.<\/p>\n<h2 style=\"font-size: 1.5rem; color: #1D4197; margin: 0 auto;\">SU SEDE ACTUAL<\/h2>\n<p>El 16 de noviembre del <strong>2000, se traslada,<\/strong> por gesti\u00f3n de la Cooperadora de la Instituci\u00f3n y apoyo del gobierno municipal del Dr. Carlos Rub\u00edn a la <strong>sede actual<\/strong> del <span style=\"color: #1D4197;\"><strong>Centro de Estudios Superiores,<\/strong><\/span> sito en Gral. Ram\u00edrez 785, donde funcionan las carreras habilitadas. Se firma un Convenio en Comodato por 15 a\u00f1os, entre el Gobierno Municipal, el Ministerio de Educaci\u00f3n Provincial, representado por la Prof. Graciela Aparicio de Caballero.<\/p>\n<p>El espacio es compartido por el Instituto de Administraci\u00f3n de Empresas Agropecuarias, dependiente de la UNNE, y el aula de Alfabetizaci\u00f3n Digital de la Municipalidad.<\/p>\n<\/div>\n<\/div>\n<\/div>\n<div style=\"position: relative; width: 98%; margin: 0 auto; margin: 0 auto;\">\n<div style=\"content: ''; position: absolute; width: 4px; height: 100%; left: 15px; background-color: #1D4197; z-index: 0;\">\n<\/div>\n<div style=\"padding: 10px 50px; background-color: inherit;\">\n<div style=\"content: ''; position: absolute; width: 24px; height: 24px; left: 0; background-color: white; border: 5px solid #1D4197; top: 30px; border-radius: 50%; z-index: 1;\">\n<\/div>\n<div style=\"padding: 20px; background-color: white; width: 98%; border-radius: 5px; margin-right: 2px; border-bottom: solid 5px #1D4197 ;\">\n<h2 style=\"font-size: 2rem; color: #1D4197; margin: 0 auto;\">2001<\/h2>\n<h2 style=\"font-size: 1.5rem; color: #1D4197; margin: 0 auto;\">ANTIGUOS CARGOS<\/h2>\n<p>El 20 de septiembre de <strong>2001<\/strong> fue nombrada <span style=\"color: #1D4197;\"><strong>Rectora del ISCC,<\/strong><\/span> la <strong>Prof. y Licenciada Mar\u00eda Adela Auxiliadora Ortiz.<\/strong> El <strong> Ingeniero y Prof. Carlos Podest\u00e1<\/strong> fue <span style=\"color: #1D4197;\"><strong>Vicerrector<\/strong><\/span> de la instituci\u00f3n desde noviembre de <strong>2005.<\/strong><\/p>\n<\/div>\n<\/div>\n<\/div>\n<div style=\"position: relative; width: 98%; margin: 0 auto; margin: 0 auto;\">\n<div style=\"content: ''; position: absolute; width: 4px; height: 100%; left: 15px; background-color: #1D4197; z-index: 0;\">\n<\/div>\n<div style=\"padding: 10px 50px; background-color: inherit;\">\n<div style=\"content: ''; position: absolute; width: 24px; height: 24px; left: 0; background-color: white; border: 5px solid #1D4197; top: 30px; border-radius: 50%; z-index: 1;\">\n<\/div>\n<div style=\"padding: 20px; background-color: white; width: 98%; border-radius: 5px; margin-right: 2px; border-bottom: solid 5px #1D4197 ;\">\n<h2 style=\"font-size: 2rem; color: #1D4197; margin: 0 auto;\">2004<\/h2>\n<h2 style=\"font-size: 1.5rem; color: #1D4197; margin: 0 auto;\">SU PARTICIPACI\u00d3N EDUCATIVA<\/h2>\n<p>Desde el Ciclo Lectivo <strong>2004,<\/strong> el Instituto es sede de las Ferias de Ciencias Zonales Zona X, en raz\u00f3n de que su Comunidad Educativa participa activamente en tan importante hacer educativo.<\/p>\n<\/div>\n<\/div>\n<\/div>\n<div style=\"position: relative; width: 98%; margin: 0 auto; margin: 0 auto;\">\n<div style=\"content: ''; position: absolute; width: 4px; height: 100%; left: 15px; background-color: #1D4197; z-index: 0;\">\n<\/div>\n<div style=\"padding: 10px 50px; background-color: inherit;\">\n<div style=\"content: ''; position: absolute; width: 24px; height: 24px; left: 0; background-color: white; border: 5px solid #1D4197; top: 30px; border-radius: 50%; z-index: 1;\">\n<\/div>\n<div style=\"padding: 20px; background-color: white; width: 98%; border-radius: 5px; margin-right: 2px; border-bottom: solid 5px #1D4197 ;\">\n<h2 style=\"font-size: 2rem; color: #1D4197; margin: 0 auto;\">2007<\/h2>\n<h2 style=\"font-size: 1.5rem; color: #1D4197; margin: 0 auto;\">REPRESENTACI\u00d3N DEL ALUMNADO<\/h2>\n<p>A partir del 3 de Abril de <strong>2007,<\/strong> se inicia el dictado de una Tecnicatura Superior en Producci\u00f3n Agropecuaria en la ciudad de Sauce, con la apertura de una Subsede que funciona en la ESCUELA NORMAL ESTEBAN ECHEVERRIA de la localidad de Sauce (distante de esta localidad a 84 KM) por Decreto N\u00b0 885 del Ministerio de Educaci\u00f3n de la Provincia de Corrientes. Su primer Coordinador fue el Profesor Gustavo Bermudez y posteriormente la Licenciada Clara Bermudez.<\/p>\n<p>A partir de la Resoluci\u00f3n 1561\/03, el alumnado est\u00e1 representado en el <strong>Consejo Directivo<\/strong> por un Delegado elegido por sus pares.<\/p>\n<\/div>\n<\/div>\n<\/div>\n<div style=\"position: relative; width: 98%; margin: 0 auto; margin: 0 auto;\">\n<div style=\"content: ''; position: absolute; width: 4px; height: 100%; left: 15px; background-color: #1D4197; z-index: 0;\">\n<\/div>\n<div style=\"padding: 10px 50px; background-color: inherit;\">\n<div style=\"content: ''; position: absolute; width: 24px; height: 24px; left: 0; background-color: white; border: 5px solid #1D4197; top: 30px; border-radius: 50%; z-index: 1;\">\n<\/div>\n<div style=\"padding: 20px; background-color: white; width: 98%; border-radius: 5px; margin-right: 2px; border-bottom: solid 5px #1D4197 ;\">\n<h2 style=\"font-size: 2rem; color: #1D4197; margin: 0 auto;\">2009<\/h2>\n<h2 style=\"font-size: 1.5rem; color: #1D4197; margin: 0 auto;\">NUEVAS TECNICATURAS<\/h2>\n<p><strong>Se proyectan nuevas tecnicaturas:<\/strong> Alcanzar\u00eda el \u00e1rea de sistemas inform\u00e1ticos y el desaf\u00edo ser\u00e1 la confecci\u00f3n de Softwares espec\u00edficos para una salida laboral inmediata. Adem\u00e1s de dar soporte e infraestructura puedan desarrollar el software adecuado para prestar servicios y no con los existentes en el mercadeo que son de alto costo.<\/p>\n<p>Desde el Ciclo lectivo <strong>2009,<\/strong> se inicia el dictado de la <span style=\"color: #1D4197;\"><strong>Tecnicatura Superior en Producci\u00f3n forestal,<\/strong><\/span> ofreciendo a la comunidad en el presente tres carreras t\u00e9cnicas y cuatro profesorados y el Ciclo de Complementaci\u00f3n para la <span style=\"color: #1D4197;\"><strong>Formaci\u00f3n Docente en Tecnolog\u00eda<\/strong><\/span> adem\u00e1s de Cursos de<br \/>\n <span style=\"color: #1D4197;\"><strong>Capacitaci\u00f3n en Dibujo y Pintura e idiomas Ingl\u00e9s, Franc\u00e9s y Portugu\u00e9s,<\/strong><\/span> con cerca de 900 alumnos.<\/p>\n<p><strong>Actualmente<\/strong> el instituto cuenta con la <span style=\"color: #1D4197;\"><strong>Tecnicatura Superior en Desarrollo de Software<\/strong><\/span> que educa y entrena a sus estudiantes en los m\u00e1s variados requerimientos que la industria del software solicita.<\/p>\n<\/div>\n<\/div>\n<\/div>\n<div style=\"position: relative; width: 98%; margin: 0 auto; margin: 0 auto;\">\n<div style=\"content: ''; position: absolute; width: 4px; height: 100%; left: 15px; background-color: #1D4197; z-index: 0;\">\n<\/div>\n<div style=\"padding: 10px 50px; background-color: inherit;\">\n<div style=\"content: ''; position: absolute; width: 24px; height: 24px; left: 0; background-color: white; border: 5px solid #1D4197; top: 30px; border-radius: 50%; z-index: 1;\">\n<\/div>\n<div style=\"padding: 20px; background-color: white; width: 98%; border-radius: 5px; margin-right: 2px; border-bottom: solid 5px #1D4197 ;\">\n<h2 style=\"font-size: 2rem; color: #1D4197; margin: 0 auto;\">2013<\/h2>\n<h2 style=\"font-size: 1.5rem; color: #1D4197; margin: 0 auto;\">CARGO ACTUAL<\/h2>\n<p>El 13 de junio de <strong>2013,<\/strong> el <strong> Ingeniero y Prof. Carlos Podest\u00e1<\/strong> fue nombrado <span style=\"color: #1D4197;\"><strong>Rector<\/strong><\/span> y <strong> Ra\u00fal Rodolfo Cotto <\/strong> fue elegido <span style=\"color: #1D4197;\"><strong>Vicerrector<\/strong><\/span> de la instituci\u00f3n.<\/p>\n<\/div>\n<\/div>\n<\/div>\n<div style=\"position: relative; width: 98%; margin: 0 auto; margin: 0 auto;\">\n<div style=\"content: ''; position: absolute; width: 4px; height: 100%; left: 15px; background-color: #1D4197; z-index: 0;\">\n<\/div>\n<div style=\"padding: 10px 50px; background-color: inherit;\">\n<div style=\"content: ''; position: absolute; width: 24px; height: 24px; left: 0; background-color: white; border: 5px solid #1D4197; top: 30px; border-radius: 50%; z-index: 1;\">\n<\/div>\n<div style=\"padding: 20px; background-color: white; width: 98%; border-radius: 5px; margin-right: 2px; border-bottom: solid 5px #1D4197 ;\">\n<h2 style=\"font-size: 2rem; color: #1D4197; margin: 0 auto;\">2018<\/h2>\n<h2 style=\"font-size: 1.5rem; color: #1D4197; margin: 0 auto;\">SE AMPLIAN LAS OFERTAS ACAD\u00c9MICAS<\/h2>\n<p>A partir del Ciclo Lectivo <strong>2018<\/strong> se inici\u00f3 la <span style=\"color: #1D4197;\"><strong>Tecnicatura Superior en Comunicaci\u00f3n Social<\/strong><\/span> orientada al desarrollo local. Se aprovechar\u00e1n los medios locales tanto radiales como televisivos para que nuestros futuros egresados puedan ir form\u00e1ndose y adquiriendo experiencia en este tipo de medio.<\/p>\n<p>Apostando y aportando al desarrollo local, a partir del ciclo lectivo <strong>2018,<\/strong> en el <span style=\"color: #1D4197;\"><strong>Instituto Superior<\/strong><\/span> se podr\u00e1 estudiar una nueva tecnicatura, por cierto adecuada a las necesidades de nuestra zona. La <span style=\"color: #1D4197;\"><strong>Tecnicatura en Gesti\u00f3n de la Producci\u00f3n Agropecuaria.<\/strong><\/span> Una Tecnicatura de tres a\u00f1os orientada a apoyar el fortalecimiento de la producci\u00f3n rural actual, donde el profesional va a salir con habilidades especiales de producci\u00f3n animal y vegetal.<\/p>\n<h3 style=\"font-size: 1.5rem; color: #1D4197;\"> EL INSTITUTO CELEBR\u00d3 SUS 40 A\u00d1OS <\/h3>\n<p>El jueves 10 de mayo de <strong>2018<\/strong> el <span style=\"color: #1D4197;\"><strong>Instituto Superior de Curuz\u00fa Cuati\u00e1<\/strong><\/span> celebr\u00f3 sus <strong>40 a\u00f1os<\/strong> de fundaci\u00f3n, la ceremonia fue encabezada por su <span style=\"color: #1D4197;\"><strong>Rector<\/strong><\/span> el <strong>Ing. Carlos Podest\u00e1.<\/strong> En el marco de la ceremonia se entregaron certificados a los egresados del \u00faltimo ciclo lectivo del Instituto, como a las nuevas docentes de <i>Educaci\u00f3n Especial<\/i> y de la carrera de <i>Tecnolog\u00eda.<\/i><\/p>\n<\/div>\n<\/div>\n<\/div>\n<div style=\"position: relative; width: 98%; margin: 0 auto; margin: 0 auto;\">\n<div style=\"content: ''; position: absolute; width: 4px; height: 100%; left: 15px; background-color: #1D4197; z-index: 0;\">\n<\/div>\n<div style=\"padding: 10px 50px; background-color: inherit;\">\n<div style=\"content: ''; position: absolute; width: 24px; height: 24px; left: 0; background-color: white; border: 5px solid #1D4197; top: 30px; border-radius: 50%; z-index: 1;\">\n<\/div>\n<div style=\"padding: 20px; background-color: white; width: 98%; border-radius: 5px; margin-right: 2px; border-bottom: solid 5px #1D4197 ;\">\n<h2 style=\"font-size: 2rem; color: #1D4197; margin: 0 auto;\">2020<\/h2>\n<h2 style=\"font-size: 1.5rem; color: #1D4197; margin: 0 auto;\">PANDEMIA DE CORONAVIRUS<\/h2>\n<p>Antes del inicio del a\u00f1o lectivo <strong>2020<\/strong> debido a la <span style=\"color: #1D4197;\"><strong>Cuarentena por la Pandemia de Covid-19<\/strong><\/span> el Instituto Superior debi\u00f3 comenzar a dar clases de manera virtual o semi-presencial. Esta modalidad dur\u00f3 todo el a\u00f1o y parte del a\u00f1o <span style=\"color: #1D4197;\"><strong>2021<\/strong><\/span>.<\/p>\n<\/div>\n<\/div>\n<\/div>\n<\/div>\n","protected":false},"excerpt":{"rendered":"<p>HISTORIA 1978 SU CREACI\u00d3N El Instituto Superior de Curuz\u00fa Cuati\u00e1 es una instituci\u00f3n de formaci\u00f3n de educaci\u00f3n Superior no Universitaria. Creado por Decreto N\u00b0 260 del 27 de enero de 1978, inicia las actividades el 10 de mayo de 1978, cuando abre sus puertas para ofrecer el Profesorado de Educaci\u00f3n Primaria, en aulas cedidas por &#8230; <a title=\"Historia\" class=\"read-more\" href=\"https:\/\/iscuruzucuatia-crr.infd.edu.ar\/sitio\/inicio\/historia\/\" aria-label=\"More on Historia\">[+]<\/a><\/p>\n","protected":false},"author":3317,"featured_media":0,"parent":286,"menu_order":0,"comment_status":"closed","ping_status":"closed","template":"","meta":[],"acf":[],"_links":{"self":[{"href":"https:\/\/iscuruzucuatia-crr.infd.edu.ar\/sitio\/wp-json\/wp\/v2\/pages\/1122"}],"collection":[{"href":"https:\/\/iscuruzucuatia-crr.infd.edu.ar\/sitio\/wp-json\/wp\/v2\/pages"}],"about":[{"href":"https:\/\/iscuruzucuatia-crr.infd.edu.ar\/sitio\/wp-json\/wp\/v2\/types\/page"}],"author":[{"embeddable":true,"href":"https:\/\/iscuruzucuatia-crr.infd.edu.ar\/sitio\/wp-json\/wp\/v2\/users\/3317"}],"replies":[{"embeddable":true,"href":"https:\/\/iscuruzucuatia-crr.infd.edu.ar\/sitio\/wp-json\/wp\/v2\/comments?post=1122"}],"version-history":[{"count":75,"href":"https:\/\/iscuruzucuatia-crr.infd.edu.ar\/sitio\/wp-json\/wp\/v2\/pages\/1122\/revisions"}],"predecessor-version":[{"id":2597,"href":"https:\/\/iscuruzucuatia-crr.infd.edu.ar\/sitio\/wp-json\/wp\/v2\/pages\/1122\/revisions\/2597"}],"up":[{"embeddable":true,"href":"https:\/\/iscuruzucuatia-crr.infd.edu.ar\/sitio\/wp-json\/wp\/v2\/pages\/286"}],"wp:attachment":[{"href":"https:\/\/iscuruzucuatia-crr.infd.edu.ar\/sitio\/wp-json\/wp\/v2\/media?parent=1122"}],"curies":[{"name":"wp","href":"https:\/\/api.w.org\/{rel}","templated":true}]}}