{"id":1115,"date":"2021-08-30T12:51:33","date_gmt":"2021-08-30T15:51:33","guid":{"rendered":"https:\/\/iscuruzucuatia-crr.infd.edu.ar\/sitio\/datos-institucionales\/"},"modified":"2021-10-29T12:58:04","modified_gmt":"2021-10-29T15:58:04","slug":"datos-institucionales","status":"publish","type":"page","link":"https:\/\/iscuruzucuatia-crr.infd.edu.ar\/sitio\/inicio\/datos-institucionales\/","title":{"rendered":"Datos institucionales"},"content":{"rendered":"<div style=\"font-family: 'Ubuntu',sans-serif; font-size: 1rem;\">\n<h1 style=\"font-size: 2.5rem; color: #1d4197; text-align: center;\">DATOS INSTITUCIONALES<\/h1>\n<p>El <strong>Instituto Superior Curuz\u00fa Cuati\u00e1<\/strong> Se encuentra en la localidad de Curuz\u00fa Cuati\u00e1, perteneciente a la Jurisdicci\u00f3n de la provincia de Corrientes.<\/p>\n<p><strong>CUE:<\/strong> 1800675-0<\/p>\n<p><img style=\"float: left; width:1rem; margin-right: 5px;\"\n\t\tsrc=\"https:\/\/iscuruzucuatia-crr.infd.edu.ar\/sitio\/wp-content\/uploads\/2021\/06\/direccion.png\"> Gral. Ram\u00edrez 785 &#8211; Curuz\u00fa Cuati\u00e1 (Ctes) CP: W 3460 DNV<br \/>\n<img style=\"float: left; width:1rem; padding-top: 5px; margin-right: 5px;\"\nsrc=\"https:\/\/iscuruzucuatia-crr.infd.edu.ar\/sitio\/wp-content\/uploads\/2021\/06\/telefono.png\"> (3774) 425015<br \/>\n<img style=\"float: left; width:1rem;  padding-top: 5px; margin-right: 5px;\"\nsrc=\"https:\/\/iscuruzucuatia-crr.infd.edu.ar\/sitio\/wp-content\/uploads\/2021\/06\/email.png\"> <a href=\"mailto:iscuat@curuzu.net\">iscuat@curuzu.net<\/a> &#8211; <a href=\"mailto:inst.curuzu@educ.ar\">inst.curuzu@educ.ar<\/a><br \/>\n<img style=\"float: left; width:1rem; padding-top: 5px; margin-right: 5px;\"\nsrc=\"https:\/\/iscuruzucuatia-crr.infd.edu.ar\/sitio\/wp-content\/uploads\/2021\/06\/horario.png\"> <strong>Por la Ma\u00f1ana:<\/strong> de 7:00 a 12:00 hs.<br \/>\n&nbsp; &nbsp; &nbsp; <strong>Por la tarde:<\/strong> de 14:00 a 22:00 hs.<\/p>\n<\/div>\n","protected":false},"excerpt":{"rendered":"<p>DATOS INSTITUCIONALES El Instituto Superior Curuz\u00fa Cuati\u00e1 Se encuentra en la localidad de Curuz\u00fa Cuati\u00e1, perteneciente a la Jurisdicci\u00f3n de la provincia de Corrientes. CUE: 1800675-0 Gral. Ram\u00edrez 785 &#8211; Curuz\u00fa Cuati\u00e1 (Ctes) CP: W 3460 DNV (3774) 425015 iscuat@curuzu.net &#8211; inst.curuzu@educ.ar Por la Ma\u00f1ana: de 7:00 a 12:00 hs. &nbsp; &nbsp; &nbsp; Por la &#8230; <a title=\"Datos institucionales\" class=\"read-more\" href=\"https:\/\/iscuruzucuatia-crr.infd.edu.ar\/sitio\/inicio\/datos-institucionales\/\" aria-label=\"More on Datos institucionales\">[+]<\/a><\/p>\n","protected":false},"author":3317,"featured_media":0,"parent":286,"menu_order":0,"comment_status":"closed","ping_status":"closed","template":"","meta":[],"acf":[],"_links":{"self":[{"href":"https:\/\/iscuruzucuatia-crr.infd.edu.ar\/sitio\/wp-json\/wp\/v2\/pages\/1115"}],"collection":[{"href":"https:\/\/iscuruzucuatia-crr.infd.edu.ar\/sitio\/wp-json\/wp\/v2\/pages"}],"about":[{"href":"https:\/\/iscuruzucuatia-crr.infd.edu.ar\/sitio\/wp-json\/wp\/v2\/types\/page"}],"author":[{"embeddable":true,"href":"https:\/\/iscuruzucuatia-crr.infd.edu.ar\/sitio\/wp-json\/wp\/v2\/users\/3317"}],"replies":[{"embeddable":true,"href":"https:\/\/iscuruzucuatia-crr.infd.edu.ar\/sitio\/wp-json\/wp\/v2\/comments?post=1115"}],"version-history":[{"count":12,"href":"https:\/\/iscuruzucuatia-crr.infd.edu.ar\/sitio\/wp-json\/wp\/v2\/pages\/1115\/revisions"}],"predecessor-version":[{"id":2227,"href":"https:\/\/iscuruzucuatia-crr.infd.edu.ar\/sitio\/wp-json\/wp\/v2\/pages\/1115\/revisions\/2227"}],"up":[{"embeddable":true,"href":"https:\/\/iscuruzucuatia-crr.infd.edu.ar\/sitio\/wp-json\/wp\/v2\/pages\/286"}],"wp:attachment":[{"href":"https:\/\/iscuruzucuatia-crr.infd.edu.ar\/sitio\/wp-json\/wp\/v2\/media?parent=1115"}],"curies":[{"name":"wp","href":"https:\/\/api.w.org\/{rel}","templated":true}]}}