{"id":1112,"date":"2018-08-30T12:51:31","date_gmt":"2018-08-30T15:51:31","guid":{"rendered":"https:\/\/iscuruzucuatia-crr.infd.edu.ar\/sitio\/inscripcion-2018\/"},"modified":"2022-06-09T10:33:22","modified_gmt":"2022-06-09T13:33:22","slug":"inscripciones","status":"publish","type":"page","link":"https:\/\/iscuruzucuatia-crr.infd.edu.ar\/sitio\/alumnos\/inscripciones\/","title":{"rendered":"Inscripciones"},"content":{"rendered":"<div style=\"font-family: 'Ubuntu',sans-serif; font-size: 1rem;\">\n<h1 style=\"font-size: 2.5rem; color: #1d4197; text-align: center;\">INSCRIPCIONES<\/h1>\n<p>Pod\u00e9s <strong>pre-inscribirte on line<\/strong> en la plataforma educativa: <strong><a href=\"http:\/\/simaeducativa.mec.gob.ar\/ingresantes\/\">http:\/\/simaeducativa.mec.gob.ar\/ingresantes\/<\/a>\u00a0<\/strong> siguiendo las instrucciones y en las fechas establecidas por el ministerio de Educaci\u00f3n. Luego, deber\u00e1s presentar la documentaci\u00f3n en la Bedel\u00eda del IFD para <strong>confirmar tu inscripci\u00f3n<\/strong> a la carrera.<\/p>\n<h3 style=\"font-size: 1.5rem; color: #1d4197;\">\u00bfEst\u00e1s pensando en tu futuro?<\/h3>\n<p><img decoding=\"async\" style=\"float: right; width: 25%; margin-left: 5px; padding: .25rem; background-color: #fff; border: 1px solid #dee2e6; border-radius: .25rem; max-width: 100%; height: auto; vertical-align: middle;\" src=\"https:\/\/iscuruzucuatia-crr.infd.edu.ar\/sitio\/wp-content\/uploads\/2018\/08\/images.jpg\" \/><\/p>\n<p>El <strong>Instituto Superior Curuz\u00fa Cuati\u00e1<\/strong> te ofrece una amplia variedad de oportunidades para tu formaci\u00f3n pensando en las posibilidades del mercado local y de la regi\u00f3n, que posibilitar\u00e1 una r\u00e1pida inserci\u00f3n en el mercado de trabajo. Nuestra instituci\u00f3n se caracteriza por la excelencia en la calidad educativa con la preocupaci\u00f3n de docentes que permanentemente se capacitan para ofrecer lo mejor y las \u00faltimas propuestas en el \u00e1mbito educativo.<\/p>\n<p>Todas las carreras exigen del estudiante, una formaci\u00f3n articulada con la pr\u00e1ctica, ya sea como docente en las Escuelas asociadas de todos los niveles y contextos no formales o pr\u00e1cticas en campo (laboratorios inform\u00e1ticos, empresas\/industrias, plantaciones y estancias). Mediante viajes educativos, buscamos complementar y ofrecer oportunidad de asistir a Jornadas, Congresos, Cursos de Formaci\u00f3n o Talleres.<\/p>\n<h3 style=\"font-size: 1.5rem; color: #1d4197;\">Requisitos de ingreso:<\/h3>\n<ul>\n<li>Solicitud de ingreso completa.<\/li>\n<li>Fotocopia de certificado de estudios secundarios anal\u00edtico o constancia en tr\u00e1mite:<br \/>\nOriginal y duplicado para certificar en la instituci\u00f3n.<\/li>\n<li>Fotocopia completa del documento de identidad.<\/li>\n<li>Fotocopia de la Partida de Nacimiento.<\/li>\n<li>3 Fotos 4&#215;4 fondo azul.<\/li>\n<li>Certificado de buena conducta (mayor de 18 a\u00f1os).<\/li>\n<li>Certificado de aptitud f\u00edsica expedido por M\u00e9dico Cl\u00ednico.<\/li>\n<li>Condiciones de ingreso para mayores de 25 a\u00f1os de edad sin secundario: (Resoluci\u00f3n Ministerial 25\/02). Los postulantes tendr\u00e1n un examen de aptitudes y conocimientos. Deber\u00e1n acreditar experiencia o preparaci\u00f3n laboral en relaci\u00f3n a la carrera elegida.<\/li>\n<\/ul>\n<h3 style=\"font-size: 1.5rem; color: #1d4197;\">Carreras de Formaci\u00f3n Docente<\/h3>\n<ul>\n<li>Profesorado de Educaci\u00f3n Inicial<\/li>\n<li>Profesorado de Educaci\u00f3n Primaria<\/li>\n<li>Profesorado de Artes Visuales<\/li>\n<li>Profesorado de Ingl\u00e9s<\/li>\n<li>Profesorado de Inform\u00e1tica (nueva oferta educativa)<\/li>\n<\/ul>\n<h3 style=\"font-size: 1.5rem; color: #1d4197;\">Carreras T\u00e9cnico-profesionales<\/h3>\n<ul>\n<li>Tecnicatura Superior en Desarrollo de Software<\/li>\n<li>Tecnicatura Superior en Higiene y Seguridad Laboral<\/li>\n<li>Tecnicatura Superior en Gesti\u00f3n de la Producci\u00f3n Agropecuaria<\/li>\n<li>Tecnicatura Superior en Comunicaci\u00f3n Social<\/li>\n<li>Tecnicatura en Enfermer\u00eda (nueva oferta educativa)<\/li>\n<\/ul>\n<h3 style=\"font-size: 1.5rem; color: #1d4197;\">Cursos de capacitaci\u00f3n<\/h3>\n<p>A partir de los 15 a\u00f1os, una posibilidad diferente, din\u00e1mica, para todos aquellos que deseen aprender y<br \/>\ndesarrollar nuevos dominios ya sea para completar la formaci\u00f3n profesional, formar nuevos grupos sociales o<br \/>\ncumplir un sue\u00f1o.<\/p>\n<ul>\n<li>Capacitaci\u00f3n en idiomas:\n<ul>\n<li>Ingl\u00e9s<\/li>\n<li>Franc\u00e9s<\/li>\n<li>Portugu\u00e9s<\/li>\n<\/ul>\n<\/li>\n<li>Capacitaci\u00f3n en Dibujo y Pintura<\/li>\n<\/ul>\n<h4 style=\"font-size: 1.5rem; color: #1d4197; text-align: center;\">\u00a1Te esperamos! \u00a1No pierdas tu oportunidad!<\/h4>\n<\/div>\n","protected":false},"excerpt":{"rendered":"<p>INSCRIPCIONES Pod\u00e9s pre-inscribirte on line en la plataforma educativa: http:\/\/simaeducativa.mec.gob.ar\/ingresantes\/\u00a0 siguiendo las instrucciones y en las fechas establecidas por el ministerio de Educaci\u00f3n. Luego, deber\u00e1s presentar la documentaci\u00f3n en la Bedel\u00eda del IFD para confirmar tu inscripci\u00f3n a la carrera. \u00bfEst\u00e1s pensando en tu futuro? El Instituto Superior Curuz\u00fa Cuati\u00e1 te ofrece una amplia variedad &#8230; <a title=\"Inscripciones\" class=\"read-more\" href=\"https:\/\/iscuruzucuatia-crr.infd.edu.ar\/sitio\/alumnos\/inscripciones\/\" aria-label=\"More on Inscripciones\">[+]<\/a><\/p>\n","protected":false},"author":805,"featured_media":0,"parent":1784,"menu_order":0,"comment_status":"closed","ping_status":"closed","template":"","meta":[],"acf":[],"_links":{"self":[{"href":"https:\/\/iscuruzucuatia-crr.infd.edu.ar\/sitio\/wp-json\/wp\/v2\/pages\/1112"}],"collection":[{"href":"https:\/\/iscuruzucuatia-crr.infd.edu.ar\/sitio\/wp-json\/wp\/v2\/pages"}],"about":[{"href":"https:\/\/iscuruzucuatia-crr.infd.edu.ar\/sitio\/wp-json\/wp\/v2\/types\/page"}],"author":[{"embeddable":true,"href":"https:\/\/iscuruzucuatia-crr.infd.edu.ar\/sitio\/wp-json\/wp\/v2\/users\/805"}],"replies":[{"embeddable":true,"href":"https:\/\/iscuruzucuatia-crr.infd.edu.ar\/sitio\/wp-json\/wp\/v2\/comments?post=1112"}],"version-history":[{"count":20,"href":"https:\/\/iscuruzucuatia-crr.infd.edu.ar\/sitio\/wp-json\/wp\/v2\/pages\/1112\/revisions"}],"predecessor-version":[{"id":3163,"href":"https:\/\/iscuruzucuatia-crr.infd.edu.ar\/sitio\/wp-json\/wp\/v2\/pages\/1112\/revisions\/3163"}],"up":[{"embeddable":true,"href":"https:\/\/iscuruzucuatia-crr.infd.edu.ar\/sitio\/wp-json\/wp\/v2\/pages\/1784"}],"wp:attachment":[{"href":"https:\/\/iscuruzucuatia-crr.infd.edu.ar\/sitio\/wp-json\/wp\/v2\/media?parent=1112"}],"curies":[{"name":"wp","href":"https:\/\/api.w.org\/{rel}","templated":true}]}}