{"id":1106,"date":"2018-08-30T12:51:30","date_gmt":"2018-08-30T15:51:30","guid":{"rendered":"https:\/\/iscuruzucuatia-crr.infd.edu.ar\/sitio\/ofertas-educativas\/"},"modified":"2025-10-15T19:50:57","modified_gmt":"2025-10-15T22:50:57","slug":"carreras","status":"publish","type":"page","link":"https:\/\/iscuruzucuatia-crr.infd.edu.ar\/sitio\/carreras\/","title":{"rendered":"CARRERAS"},"content":{"rendered":"<div style=\"font-family: 'Ubuntu',sans-serif; font-size: 1rem;\">\n<h1 style=\"font-size: 2.5rem; color: #1d4197; text-align: center;\">CARRERAS<\/h1>\n<p>El Instituto Superior Curuz\u00fa Cuati\u00e1 ofrece una amplia y diversa oferta educativa en carreras de Formaci\u00f3n Docente y T\u00e9cnico-profesionales, adem\u00e1s de los Cursos de Capacitaci\u00f3n. Es sede del Plan Nacional de Formaci\u00f3n Docente, ofreciendo diversos Post\u00edtulos de Formaci\u00f3n docente con modalidad semi-presencial.<\/p>\n<p>La pre-inscripci\u00f3n a las carreras se abre todos los a\u00f1os en Diciembre. Para inscripci\u00f3n debe acercarse a la oficina de Bedel\u00eda en el Instituto Superior ubicado en calle General Ram\u00edrez 785 de la localidad hom\u00f3nima, en el horario de 8 a 12 o 14 a 19. La inscripci\u00f3n se realiza en Febrero y Marzo. Todos los alumnos deben realizar un Curso de Ingreso previo al inicio de clases.<\/p>\n<p><!-- Esto debemos ver si cambiamos porque algunos no tienen url --><\/p>\n<h3 style=\"font-size: 1.5rem; color: #1d4197;\">PROFESORADOS<\/h3>\n<ul>\n<li><a href=\"https:\/\/iscuruzucuatia-crr.infd.edu.ar\/sitio\/carreras\/profesorados\/profesorado-de-artes-visuales\/\">Profesorado de Artes Visuales<\/a><\/li>\n<li><a href=\"https:\/\/iscuruzucuatia-crr.infd.edu.ar\/sitio\/carreras\/profesorados\/profesorado-de-educacion-inicial\/\">Profesorado de Educaci\u00f3n Inicial<\/a><\/li>\n<li><a href=\"https:\/\/iscuruzucuatia-crr.infd.edu.ar\/sitio\/carreras\/profesorados\/profesorado-de-educacion-primaria\/\">Profesorado de Educaci\u00f3n Primaria<\/a><\/li>\n<li><a href=\"https:\/\/iscuruzucuatia-crr.infd.edu.ar\/sitio\/carreras\/profesorados\/profesorado-de-ingles\/\">Profesorado de Ingl\u00e9s<\/a><\/li>\n<li><a href=\"https:\/\/iscuruzucuatia-crr.infd.edu.ar\/sitio\/carreras\/profesorados\/profesorado-de-informatica\/\">Profesorado de Inform\u00e1tica<\/a> (nueva oferta educativa)<\/li>\n<li><a href=\"https:\/\/iscuruzucuatia-crr.infd.edu.ar\/sitio\/carreras\/profesorados\/profesorado-de-educacion-secundaria-en-historia\/\">Profesorado de Educaci\u00f3n Secundaria en Historia<\/a> (nueva oferta educativa)<\/li>\n<\/ul>\n<h3 style=\"font-size: 1.5rem; color: #1d4197;\">TECNICATURAS<\/h3>\n<ul>\n<li><a href=\"https:\/\/iscuruzucuatia-crr.infd.edu.ar\/sitio\/carreras\/tecnicaturas\/tecnicatura-superior-en-infraestructura-informatica\/\">Tecnicatura Superior en Infraestructura Inform\u00e1tica<\/a> (nueva oferta educativa)<\/li>\n<li><a href=\"https:\/\/iscuruzucuatia-crr.infd.edu.ar\/sitio\/carreras\/tecnicaturas\/tecnicatura-superior-en-higiene-y-seguridad-en-el-trabajo\/\">Tecnicatura Superior en Higiene y Seguridad Laboral<\/a><\/li>\n<li><a href=\"https:\/\/iscuruzucuatia-crr.infd.edu.ar\/sitio\/carreras\/tecnicaturas\/tecnicatura-superior-en-gestion-de-la-produccion-agropecuaria\/\">Tecnicatura Superior en Gesti\u00f3n de la Producci\u00f3n Agropecuaria<\/a><\/li>\n<li><a href=\"https:\/\/iscuruzucuatia-crr.infd.edu.ar\/sitio\/carreras\/tecnicaturas\/tecnicatura-superior-en-enfermeria\/\">Tecnicatura Superior en Enfermer\u00eda<\/a> (nueva oferta educativa)<\/li>\n<li><a href=\"https:\/\/iscuruzucuatia-crr.infd.edu.ar\/sitio\/carreras\/tecnicaturas\/tecnicatura-superior-en-comunicacion-social\/\">Tecnicatura Superior en Comunicaci\u00f3n Social<\/a><\/li>\n<li><a href=\"https:\/\/iscuruzucuatia-crr.infd.edu.ar\/sitio\/carreras\/tecnicaturas\/tecnicatura-superior-en-Turismo\/\">Tecnicatura Superior en Turismo<\/a> (nueva oferta educativa desde 2025)<\/li>\n<\/ul>\n<h3 style=\"font-size: 1.5rem; color: #1d4197;\">CAPACITACIONES<\/h3>\n<ul>\n<li>Capacitaci\u00f3n en idiomas:\n<ul>\n<li><a href=\"https:\/\/iscuruzucuatia-crr.infd.edu.ar\/sitio\/carreras\/capacitaciones\/capacitacion-de-idioma-ingles\/\"> Ingl\u00e9s<\/a><\/li>\n<li><a href=\"https:\/\/iscuruzucuatia-crr.infd.edu.ar\/sitio\/carreras\/capacitaciones\/capacitacion-de-idioma-frances\/\"> Franc\u00e9s<\/a><\/li>\n<li><a href=\"https:\/\/iscuruzucuatia-crr.infd.edu.ar\/sitio\/carreras\/capacitaciones\/capacitacion-de-idioma-portugues\/\"> Portugu\u00e9s<\/a><\/li>\n<\/ul>\n<\/li>\n<li><a href=\"https:\/\/iscuruzucuatia-crr.infd.edu.ar\/sitio\/carreras\/capacitaciones\/capacitacion-en-dibujo-y-pintura\/\"> Capacitaci\u00f3n en Dibujo y Pintura<\/a><\/li>\n<\/ul>\n<\/div>\n","protected":false},"excerpt":{"rendered":"<p>CARRERAS El Instituto Superior Curuz\u00fa Cuati\u00e1 ofrece una amplia y diversa oferta educativa en carreras de Formaci\u00f3n Docente y T\u00e9cnico-profesionales, adem\u00e1s de los Cursos de Capacitaci\u00f3n. Es sede del Plan Nacional de Formaci\u00f3n Docente, ofreciendo diversos Post\u00edtulos de Formaci\u00f3n docente con modalidad semi-presencial. La pre-inscripci\u00f3n a las carreras se abre todos los a\u00f1os en Diciembre. &#8230; <a title=\"CARRERAS\" class=\"read-more\" href=\"https:\/\/iscuruzucuatia-crr.infd.edu.ar\/sitio\/carreras\/\" aria-label=\"More on CARRERAS\">[+]<\/a><\/p>\n","protected":false},"author":3317,"featured_media":0,"parent":0,"menu_order":2,"comment_status":"closed","ping_status":"closed","template":"","meta":[],"acf":[],"_links":{"self":[{"href":"https:\/\/iscuruzucuatia-crr.infd.edu.ar\/sitio\/wp-json\/wp\/v2\/pages\/1106"}],"collection":[{"href":"https:\/\/iscuruzucuatia-crr.infd.edu.ar\/sitio\/wp-json\/wp\/v2\/pages"}],"about":[{"href":"https:\/\/iscuruzucuatia-crr.infd.edu.ar\/sitio\/wp-json\/wp\/v2\/types\/page"}],"author":[{"embeddable":true,"href":"https:\/\/iscuruzucuatia-crr.infd.edu.ar\/sitio\/wp-json\/wp\/v2\/users\/3317"}],"replies":[{"embeddable":true,"href":"https:\/\/iscuruzucuatia-crr.infd.edu.ar\/sitio\/wp-json\/wp\/v2\/comments?post=1106"}],"version-history":[{"count":42,"href":"https:\/\/iscuruzucuatia-crr.infd.edu.ar\/sitio\/wp-json\/wp\/v2\/pages\/1106\/revisions"}],"predecessor-version":[{"id":3543,"href":"https:\/\/iscuruzucuatia-crr.infd.edu.ar\/sitio\/wp-json\/wp\/v2\/pages\/1106\/revisions\/3543"}],"wp:attachment":[{"href":"https:\/\/iscuruzucuatia-crr.infd.edu.ar\/sitio\/wp-json\/wp\/v2\/media?parent=1106"}],"curies":[{"name":"wp","href":"https:\/\/api.w.org\/{rel}","templated":true}]}}