{"id":1104,"date":"2018-08-30T12:51:29","date_gmt":"2018-08-30T15:51:29","guid":{"rendered":"https:\/\/iscuruzucuatia-crr.infd.edu.ar\/sitio\/secretaria-administrativa\/"},"modified":"2021-07-03T20:57:29","modified_gmt":"2021-07-03T23:57:29","slug":"secretaria-administrativa","status":"publish","type":"page","link":"https:\/\/iscuruzucuatia-crr.infd.edu.ar\/sitio\/inicio\/secretaria-administrativa\/","title":{"rendered":"Secretar\u00eda Administrativa"},"content":{"rendered":"<div style=\"font-family: 'Ubuntu',sans-serif;  font-size: 1rem;\">\n<h1 style=\"font-size: 2.5rem; color: #1D4197; text-align: center;\">SECRETAR\u00cdA ADMINISTRATIVA<\/h1>\n<ul>\n<li><strong>Secretar\u00eda Administrativa:<\/strong> Profesora Marcela Mart\u00ednez.<\/li>\n<\/ul>\n<p>Responsable de gestionar tr\u00e1mites del cuerpo docente y t\u00edtulos de egresados.<\/p>\n<p><img decoding=\"async\" style=\"float: left; width:1rem;  padding-top: 5px; margin-right: 5px;\"\n    src=\"https:\/\/iscuruzucuatia-crr.infd.edu.ar\/sitio\/wp-content\/uploads\/2021\/06\/email.png\"> <a href=\"mailto:iscc.curuzu@gmail.com\">iscc.curuzu@gmail.com<\/a><br \/>\n    <img decoding=\"async\" style=\"float: left; width:1rem; padding-top: 5px; margin-right: 5px;\"\n    src=\"https:\/\/iscuruzucuatia-crr.infd.edu.ar\/sitio\/wp-content\/uploads\/2021\/06\/horario.png\"> <strong>Por la Ma\u00f1ana:<\/strong> lunes a viernes de 8:00 hs. a 12:00 hs.<br \/>\n&nbsp; &nbsp; &nbsp; <strong>Por la tarde:<\/strong> lunes a viernes de 18:00 hs. a 22:00 hs.<\/p>\n<\/div>\n","protected":false},"excerpt":{"rendered":"<p>SECRETAR\u00cdA ADMINISTRATIVA Secretar\u00eda Administrativa: Profesora Marcela Mart\u00ednez. Responsable de gestionar tr\u00e1mites del cuerpo docente y t\u00edtulos de egresados. iscc.curuzu@gmail.com Por la Ma\u00f1ana: lunes a viernes de 8:00 hs. a 12:00 hs. &nbsp; &nbsp; &nbsp; Por la tarde: lunes a viernes de 18:00 hs. a 22:00 hs.<\/p>\n","protected":false},"author":3317,"featured_media":0,"parent":286,"menu_order":0,"comment_status":"closed","ping_status":"closed","template":"","meta":[],"acf":[],"_links":{"self":[{"href":"https:\/\/iscuruzucuatia-crr.infd.edu.ar\/sitio\/wp-json\/wp\/v2\/pages\/1104"}],"collection":[{"href":"https:\/\/iscuruzucuatia-crr.infd.edu.ar\/sitio\/wp-json\/wp\/v2\/pages"}],"about":[{"href":"https:\/\/iscuruzucuatia-crr.infd.edu.ar\/sitio\/wp-json\/wp\/v2\/types\/page"}],"author":[{"embeddable":true,"href":"https:\/\/iscuruzucuatia-crr.infd.edu.ar\/sitio\/wp-json\/wp\/v2\/users\/3317"}],"replies":[{"embeddable":true,"href":"https:\/\/iscuruzucuatia-crr.infd.edu.ar\/sitio\/wp-json\/wp\/v2\/comments?post=1104"}],"version-history":[{"count":11,"href":"https:\/\/iscuruzucuatia-crr.infd.edu.ar\/sitio\/wp-json\/wp\/v2\/pages\/1104\/revisions"}],"predecessor-version":[{"id":2218,"href":"https:\/\/iscuruzucuatia-crr.infd.edu.ar\/sitio\/wp-json\/wp\/v2\/pages\/1104\/revisions\/2218"}],"up":[{"embeddable":true,"href":"https:\/\/iscuruzucuatia-crr.infd.edu.ar\/sitio\/wp-json\/wp\/v2\/pages\/286"}],"wp:attachment":[{"href":"https:\/\/iscuruzucuatia-crr.infd.edu.ar\/sitio\/wp-json\/wp\/v2\/media?parent=1104"}],"curies":[{"name":"wp","href":"https:\/\/api.w.org\/{rel}","templated":true}]}}